{"id":1280,"date":"2018-02-02T07:59:00","date_gmt":"2018-02-02T06:59:00","guid":{"rendered":"http:\/\/ekoporty.szczecin.pl\/?page_id=1280"},"modified":"2022-03-23T11:20:25","modified_gmt":"2022-03-23T10:20:25","slug":"system-miniekoport","status":"publish","type":"page","link":"https:\/\/ekoporty.szczecin.pl\/?page_id=1280","title":{"rendered":"System miniEkoport"},"content":{"rendered":"<h3 style=\"text-align: center;\"><strong><span id=\"page3R_mcid4\" class=\"markedContent\"><span dir=\"ltr\" role=\"presentation\">Wykaz aptek uczestnicz\u0105cych w gminnym systemie zbi\u00f3rki przeterminowanych lek\u00f3w<\/span><br role=\"presentation\" \/><span dir=\"ltr\" role=\"presentation\">pochodz<\/span><span dir=\"ltr\" role=\"presentation\">\u0105<\/span><span dir=\"ltr\" role=\"presentation\">cych<\/span> <span dir=\"ltr\" role=\"presentation\">od<\/span> <span dir=\"ltr\" role=\"presentation\">mieszka\u0144c\u00f3w<\/span> <span dir=\"ltr\" role=\"presentation\">\u2013<\/span> <span dir=\"ltr\" role=\"presentation\">mini<\/span> <span dir=\"ltr\" role=\"presentation\">Ekoport<\/span> <\/span><\/strong><\/h3>\n<div class=\"_df_book df-lite\" id=\"df_45722\"  _slug=\"apteki-marzec-23\" data-title=\"apteki-marzec-23\" wpoptions=\"true\" thumbtype=\"\" ><\/div><script class=\"df-shortcode-script\" nowprocket type=\"application\/javascript\">window.option_df_45722 = {\"outline\":[],\"autoEnableOutline\":\"false\",\"autoEnableThumbnail\":\"false\",\"overwritePDFOutline\":\"false\",\"direction\":\"1\",\"pageSize\":\"0\",\"soundEnable\":\"false\",\"source\":\"https:\\\/\\\/ekoporty.szczecin.pl\\\/wp-content\\\/uploads\\\/2025\\\/07\\\/Wykaz-aptek-stan-I-2024.pdf\",\"wpOptions\":\"true\"}; if(window.DFLIP && window.DFLIP.parseBooks){window.DFLIP.parseBooks();}<\/script>\n<p style=\"text-align: center;\"><strong>ZA\u0141O\u017bENIA DOTYCZ\u0104CE SYSTEMU ZBI\u00d3RKI <\/strong><\/p>\n<p style=\"text-align: center;\"><strong>prowadzonej w ramach gminnego systemu gospodarowania odpadami komunalnymi <\/strong><\/p>\n<p style=\"text-align: center;\"><strong>oraz<\/strong><\/p>\n<p style=\"text-align: center;\"><strong>Insntrukcja prawid\u0142owego korzystania ze specjalistycznego pojemnika PM09<\/strong><\/p>\n<ul>\n<li style=\"text-align: justify;\">\u00d8\u00a0 Pojemniki s\u0142u\u017c\u0105 standaryzacji systemu zbi\u00f3rki oraz bezpiecznemu magazynowaniu zebranych lek\u00f3w. System obejmuje r\u00f3wnie\u017c <strong>nieodp\u0142atny odbi\u00f3r<\/strong> zmagazynowanych lekarstw przez Operatora &#8211; wskazanego przez Gmin\u0119 Miasto Szczecin &#8211; w ramach miejskiego systemu gospodarowania odpadami komunalnymi.<\/li>\n<li style=\"text-align: justify;\">\u00d8\u00a0 Pojemnik ma s\u0142u\u017cy\u0107 zbierania przeterminowanych lek\u00f3w <strong>pochodz\u0105cych wy\u0142\u0105cznie od mieszka\u0144c\u00f3w. <\/strong>Nie mo\u017cna go wykorzystywa\u0107 do zbi\u00f3rki innych odpad\u00f3w powstaj\u0105cych na terenie plac\u00f3wki, w tym lek\u00f3w pochodz\u0105cych z dzia\u0142alno\u015bci gospodarczej prowadzonej przez aptek\u0119.<\/li>\n<li style=\"text-align: justify;\">\u00d8\u00a0 Pojemnik jest wyposa\u017cony w kluczyk, kt\u00f3ry zostaje przekazany do dyspozycji personelu plac\u00f3wki. W celu bezpiecze\u0144stwa pojemnik powinien by\u0107 zawsze zamkni\u0119ty, tak aby uniemo\u017cliwi\u0107 dost\u0119p do zmagazynowanych odpad\u00f3w nieupowa\u017cnionym osobom (w tym dzieciom).<\/li>\n<li style=\"text-align: justify;\">\u00d8\u00a0 \u00a0Pojemnik jest oznakowany naklejk\u0105 z nazw\u0105 w\u0142asn\u0105 systemu (symbol <strong>mini Ekoport) <\/strong>oraz z informacj\u0119 o jego przeznaczeniu. Dodatkowe naklejki o tre\u015bci \u201e TU PRZYJMUJEMY PRZETERMINOWANE LEKI\u201d zostan\u0105 rozdysponowane do samodzielnego umieszczenia przez W\u0142a\u015bciciela\u00a0 plac\u00f3wki, w miejscu widocznym dla klient\u00f3w.<\/li>\n<li style=\"text-align: justify;\">\u00d8\u00a0 Miejsce ustawienia pojemnika i oznakowania plac\u00f3wki:\n<ul>\n<li>a)\u00a0 Pojemnik mo\u017cna ustawi\u0107 w cz\u0119\u015bci publicznej przeznaczonej dla klienta \u2013 w tym przypadku ze wzgl\u0119d\u00f3w bezpiecze\u0144stwa wymagane jest bezwarunkowo zamkni\u0119cie pojemnika na kluczyk, a tak\u017ce zabezpieczenie pojemnika przed kradzie\u017c\u0105 i wyniesieniem go wraz z zawarto\u015bci\u0105<\/li>\n<li><strong>b)<\/strong> W\u0142a\u015bciciel b\u0119dzie m\u00f3g\u0142 ustawi\u0107 w cz\u0119\u015bci apteki niedost\u0119pnej dla klienta, <u>ale w miejscu dla niego widocznym, <\/u><strong>&#8211; miejsce sugerowane<\/strong><\/li>\n<li>c)\u00a0 Oznakowanie plac\u00f3wki dodatkow\u0105 naklejk\u0105 informacyjna dla mieszka\u0144c\u00f3w \u2013 do umieszczenia w miejscu widocznym takim jak\u00a0 witryna, szyba, drzwi, etc.<\/li>\n<\/ul>\n<\/li>\n<li style=\"text-align: justify;\">\u00d8\u00a0 Po zape\u0142nieniu si\u0119 worka\/ wiaderka umieszczonego wewn\u0105trz pojemnika, personel ma obowi\u0105zek opr\u00f3\u017cni\u0107 go do opakowania zbiorczego, a nast\u0119pnie ponownie umie\u015bci\u0107 pusty na swoim miejscu w obudowie.\n<ul>\n<li>\u00a7\u00a0 Zebrane leki &#8211; w celu osi\u0105gni\u0119cia maksimum logistycznego \u2013 powinny zosta\u0107 przepakowane do opakowania zbiorczego o wi\u0119kszej obj\u0119to\u015bci (np. worek foliowy <strong>120 l <\/strong>lub karton odpowiadaj\u0105cy tej obj\u0119to\u015bci). \u0141\u0105czna waga zbiorczego opakowania nie mo\u017ce przekracza\u0107\u00a0 <strong>20 kg.<\/strong><\/li>\n<li>\u00a7\u00a0 Po osi\u0105gni\u0119ciu maksimum logistycznego przedstawiciel apteki zadzwoni do przedstawiciela ZUK (Operator), celem ustalenia terminu odbioru zebranych lek\u00f3w.<\/li>\n<li>\u00a7\u00a0 Zaleca si\u0119 regularne informowanie Operatora o stanie zbi\u00f3rki, poniewa\u017c ze wzgl\u0119d\u00f3w technicznych ka\u017cdorazowy odbi\u00f3r odpowiada ustalonemu maksimum logistycznemu.<strong> \u00a0<\/strong><\/li>\n<li>\u00a7\u00a0 <strong>W przypadku zmagazynowania wi\u0119kszej ilo\u015bci lek\u00f3w, zostan\u0105 one odebrane w kolejnym cyklu odbioru. \u00a0 \u00a0<\/strong><\/li>\n<\/ul>\n<\/li>\n<li style=\"text-align: justify;\">\u00d8\u00a0 Przeterminowane lekarstwa pochodz\u0105ce od mieszka\u0144c\u00f3w s\u0105 odpadem komunalnym z grupy 20, dlatego\u00a0 zgodnie z ustaw\u0105\u00a0 o odpadach Operator nie wystawi Karty Przekazania Odpad\u00f3w, tj. dokument\u00f3w stosowanych w obrocie odpadami na potrzeby ewidencji i sprawozdawczo\u015bci.\u00a0 Jednak dla cel\u00f3w kontrolnych Operator o\u015bwiadcza \u017ce:\n<ul>\n<li>\u00b7 posiada stosowne decyzje administracyjne i na podstawie \u00a7 2 ust 3 a i e Uchwa\u0142y Nr LII\/1368\/10 Rady Miasta Szczecin z dnia 25 pa\u017adziernika 2010\u00a0 zosta\u0142 powo\u0142any do koordynacji zbi\u00f3rki lek\u00f3w w ramach utrzymania wyznaczonych punkt\u00f3w zbi\u00f3rki odpad\u00f3w problemowych oraz\u00a0 nadzoruje\u00a0 i kontroluje przestrzeganie wymaga\u0144 ochrony \u015brodowiska przed odpadami na zasadach okre\u015blonych w odr\u0119bnych przepisach<\/li>\n<li>\u00b7 wszystkie odebrane z apteki leki zostan\u0105 przekazane\u00a0 do unieszkodliwienia wg zasad okre\u015blonych przepisami szczeg\u00f3\u0142owymi prawa powszechnego (ustawy), na podstawie\u00a0 um\u00f3w zawartych\u00a0 z uprawnionymi podmiotami. System finansowany z bud\u017cetu miasta.<\/li>\n<\/ul>\n<\/li>\n<\/ul>\n<p style=\"text-align: justify;\"><strong>UWAGA- Ig\u0142y, strzykawki i inne elementy s\u0142u\u017c\u0105cymi iniekcji \u2013 <\/strong><u>nowe lub<br \/>zu\u017cyte<\/u><strong>&#8211; \u015brodki czysto\u015bci i higieny osobistej (np. pieluchy, pielucho-majtki,<br \/>tampony, wk\u0142adki)<br \/>S\u0105 to odpady<u><br \/><\/u>nale\u017c\u0105ce do grupy odpad\u00f3w medycznych,<u><br \/><\/u>mog\u0105 by\u0107 ska\u017cone materia\u0142em biologicznym.<\/strong><\/p>\n<p style=\"text-align: justify;\">Odpady medyczne powinny by\u0107\u00a0zabierane do utylizacji przez osoby \u015bwiadcz\u0105ce us\u0142ugi medyczne w domach\u00a0pacjent\u00f3w, a przypadku powstawania tych odpad\u00f3w podczas zabieg\u00f3w\u00a0ambulatoryjnych lub piel\u0119gnacyjnych wykonywanych samodzielnie przez mieszka\u0144ca\u00a0w domu, powinny by\u0107 zabezpieczone i wyrzucone do zwyk\u0142ego pojemnika na\u00a0zmieszane odpady komunalne, sk\u0105d trafi\u0105 bezpo\u015brednio do instalacji termicznego\u00a0unieszkodliwienia odpad\u00f3w lub na sk\u0142adowisko. Dla tego rodzaju odpad\u00f3w\u00a0powstaj\u0105cych w gospodarstwach domowych, obecnie nie\u00a0 przewiduje si\u0119\u00a0 innego sposobu post\u0119powania i unieszkodliwienia.<\/p>\n<p style=\"text-align: justify;\"><strong>Prosimy\u00a0nie lokowa\u0107 w pojemnikach na przeterminowane leki odpad\u00f3w wy\u017cej wymienionych !!!<\/strong><\/p>\n<p style=\"text-align: justify;\"><strong>&#8211; zu\u017cyte opatrunki, gaziki,\u00a0plastry, podk\u0142ady<br \/>&#8211; zu\u017cyte paski testowe.<\/strong><\/p>\n<p style=\"text-align: justify;\"><strong>Specjalistyczny pojemnik <\/strong><\/p>\n<p style=\"text-align: justify;\">Zak\u0142ad Us\u0142ug Komunalnych przekaza\u0142 aptekom uczestnicz\u0105cym w systemie zbi\u00f3rki <strong>specjalistyczny pojemnik <\/strong>oznakowany logotypem \u201e<strong><em>mini Ekoport\u201d<\/em><\/strong> przeznaczony do zbi\u00f3rki przeterminowanych lek\u00f3w gromadzonych na terenie plac\u00f3wki aptecznej<\/p>\n<p style=\"text-align: justify;\"><strong>KARTA CHARAKTERYSTYKI PRODUKTU<\/strong><\/p>\n<p style=\"text-align: justify;\"><strong>Pojemnik na odpady medyczne<\/strong><\/p>\n<p style=\"text-align: justify;\">Dane techniczne<\/p>\n<ul>\n<li style=\"text-align: justify;\">1.\u00a0 Materia\u0142: blacha<\/li>\n<li style=\"text-align: justify;\">2.\u00a0 Zabezpieczenie antykorozyjne: ocynk<\/li>\n<li style=\"text-align: justify;\">3.\u00a0 Malowanie: proszkowe<\/li>\n<li style=\"text-align: justify;\">4.\u00a0 Wymiary: wysoko\u015b\u0107 80 cm, \u015brednica 34 cm<\/li>\n<li style=\"text-align: justify;\">5.\u00a0 Zabezpieczenie pojemnika: zamykany na klucz.<\/li>\n<li style=\"text-align: justify;\">6.\u00a0 Pojemnik wyposa\u017cony w wewn\u0119trzn\u0105 obejm\u0119 podtrzymuj\u0105c\u0105 wiaderko (z mo\u017cliwo\u015bci\u0105 umiejscowienia worka foliowego).<\/li>\n<li style=\"text-align: justify;\">7.\u00a0 Kolor : bia\u0142y,<\/li>\n<li>8.\u00a0 Oznakowanie i napisy na naklejce dostosowanej do pojemnika\n<ul>\n<li style=\"text-align: justify;\">1)\u00a0 logotyp mini Ekoport<\/li>\n<li style=\"text-align: justify;\">2)\u00a0 \u00a0logotyp Gryf szczeci\u0144ski<\/li>\n<li style=\"text-align: justify;\">3)\u00a0 Logotyp <strong>Zak\u0142adu Us\u0142ug Komunalnych<\/strong> \u2013 <strong>Operatora Systemu<\/strong><\/li>\n<\/ul>\n<\/li>\n<\/ul>\n<p><img loading=\"lazy\" decoding=\"async\" class=\"aligncenter size-full wp-image-313\" src=\"https:\/\/ekoporty.szczecin.pl\/wp-content\/uploads\/2017\/07\/Artykul_8.jpg\" alt=\"\" width=\"598\" height=\"349\" \/><\/p>\n","protected":false},"excerpt":{"rendered":"<p>Wykaz aptek uczestnicz\u0105cych w gminnym systemie zbi\u00f3rki przeterminowanych lek\u00f3wpochodz\u0105cych od mieszka\u0144c\u00f3w \u2013 mini Ekoport ZA\u0141O\u017bENIA DOTYCZ\u0104CE SYSTEMU ZBI\u00d3RKI prowadzonej w ramach gminnego systemu gospodarowania odpadami komunalnymi oraz Insntrukcja prawid\u0142owego korzystania ze specjalistycznego pojemnika PM09 \u00d8\u00a0 Pojemniki s\u0142u\u017c\u0105 standaryzacji systemu zbi\u00f3rki oraz bezpiecznemu magazynowaniu zebranych lek\u00f3w. System obejmuje r\u00f3wnie\u017c nieodp\u0142atny odbi\u00f3r zmagazynowanych lekarstw przez Operatora &#8211; &hellip; <a href=\"https:\/\/ekoporty.szczecin.pl\/?page_id=1280\" class=\"more-link\">Czytaj dalej <span class=\"screen-reader-text\">System miniEkoport<\/span><\/a><\/p>\n","protected":false},"author":7,"featured_media":0,"parent":0,"menu_order":0,"comment_status":"closed","ping_status":"closed","template":"","meta":{"footnotes":""},"class_list":["post-1280","page","type-page","status-publish","hentry"],"yoast_head":"<!-- This site is optimized with the Yoast SEO plugin v27.6 - https:\/\/yoast.com\/product\/yoast-seo-wordpress\/ -->\n<title>System miniEkoport &#171; EKOPORTY SZCZECIN<\/title>\n<meta name=\"robots\" content=\"index, follow, max-snippet:-1, max-image-preview:large, max-video-preview:-1\" \/>\n<link rel=\"canonical\" href=\"https:\/\/ekoporty.szczecin.pl\/?page_id=1280\" \/>\n<meta property=\"og:locale\" content=\"pl_PL\" \/>\n<meta property=\"og:type\" content=\"article\" \/>\n<meta property=\"og:title\" content=\"System miniEkoport &#171; EKOPORTY SZCZECIN\" \/>\n<meta property=\"og:description\" content=\"Wykaz aptek uczestnicz\u0105cych w gminnym systemie zbi\u00f3rki przeterminowanych lek\u00f3wpochodz\u0105cych od mieszka\u0144c\u00f3w \u2013 mini Ekoport ZA\u0141O\u017bENIA DOTYCZ\u0104CE SYSTEMU ZBI\u00d3RKI prowadzonej w ramach gminnego systemu gospodarowania odpadami komunalnymi oraz Insntrukcja prawid\u0142owego korzystania ze specjalistycznego pojemnika PM09 \u00d8\u00a0 Pojemniki s\u0142u\u017c\u0105 standaryzacji systemu zbi\u00f3rki oraz bezpiecznemu magazynowaniu zebranych lek\u00f3w. System obejmuje r\u00f3wnie\u017c nieodp\u0142atny odbi\u00f3r zmagazynowanych lekarstw przez Operatora &#8211; &hellip; Czytaj dalej System miniEkoport\" \/>\n<meta property=\"og:url\" content=\"https:\/\/ekoporty.szczecin.pl\/?page_id=1280\" \/>\n<meta property=\"og:site_name\" content=\"EKOPORTY SZCZECIN\" \/>\n<meta property=\"article:modified_time\" content=\"2022-03-23T10:20:25+00:00\" \/>\n<meta property=\"og:image\" content=\"http:\/\/ekoporty.szczecin.pl\/wp-content\/uploads\/2017\/07\/Artykul_8.jpg\" \/>\n<meta name=\"twitter:card\" content=\"summary_large_image\" \/>\n<meta name=\"twitter:label1\" content=\"Szacowany czas czytania\" \/>\n\t<meta name=\"twitter:data1\" content=\"5 minut\" \/>\n<script type=\"application\/ld+json\" class=\"yoast-schema-graph\">{\"@context\":\"https:\\\/\\\/schema.org\",\"@graph\":[{\"@type\":\"WebPage\",\"@id\":\"https:\\\/\\\/ekoporty.szczecin.pl\\\/?page_id=1280\",\"url\":\"https:\\\/\\\/ekoporty.szczecin.pl\\\/?page_id=1280\",\"name\":\"System miniEkoport &#171; EKOPORTY SZCZECIN\",\"isPartOf\":{\"@id\":\"https:\\\/\\\/ekoporty.szczecin.pl\\\/#website\"},\"primaryImageOfPage\":{\"@id\":\"https:\\\/\\\/ekoporty.szczecin.pl\\\/?page_id=1280#primaryimage\"},\"image\":{\"@id\":\"https:\\\/\\\/ekoporty.szczecin.pl\\\/?page_id=1280#primaryimage\"},\"thumbnailUrl\":\"http:\\\/\\\/ekoporty.szczecin.pl\\\/wp-content\\\/uploads\\\/2017\\\/07\\\/Artykul_8.jpg\",\"datePublished\":\"2018-02-02T06:59:00+00:00\",\"dateModified\":\"2022-03-23T10:20:25+00:00\",\"breadcrumb\":{\"@id\":\"https:\\\/\\\/ekoporty.szczecin.pl\\\/?page_id=1280#breadcrumb\"},\"inLanguage\":\"pl-PL\",\"potentialAction\":[{\"@type\":\"ReadAction\",\"target\":[\"https:\\\/\\\/ekoporty.szczecin.pl\\\/?page_id=1280\"]}]},{\"@type\":\"ImageObject\",\"inLanguage\":\"pl-PL\",\"@id\":\"https:\\\/\\\/ekoporty.szczecin.pl\\\/?page_id=1280#primaryimage\",\"url\":\"http:\\\/\\\/ekoporty.szczecin.pl\\\/wp-content\\\/uploads\\\/2017\\\/07\\\/Artykul_8.jpg\",\"contentUrl\":\"http:\\\/\\\/ekoporty.szczecin.pl\\\/wp-content\\\/uploads\\\/2017\\\/07\\\/Artykul_8.jpg\"},{\"@type\":\"BreadcrumbList\",\"@id\":\"https:\\\/\\\/ekoporty.szczecin.pl\\\/?page_id=1280#breadcrumb\",\"itemListElement\":[{\"@type\":\"ListItem\",\"position\":1,\"name\":\"Strona g\u0142\u00f3wna\",\"item\":\"https:\\\/\\\/ekoporty.szczecin.pl\\\/\"},{\"@type\":\"ListItem\",\"position\":2,\"name\":\"System miniEkoport\"}]},{\"@type\":\"WebSite\",\"@id\":\"https:\\\/\\\/ekoporty.szczecin.pl\\\/#website\",\"url\":\"https:\\\/\\\/ekoporty.szczecin.pl\\\/\",\"name\":\"Ekoporty\",\"description\":\"ZUK Szczecin - Punkty Selektywnej Zbi\u00f3rki Odpad\u00f3w Komunalnych - Zapraszamy\",\"publisher\":{\"@id\":\"https:\\\/\\\/ekoporty.szczecin.pl\\\/#organization\"},\"potentialAction\":[{\"@type\":\"SearchAction\",\"target\":{\"@type\":\"EntryPoint\",\"urlTemplate\":\"https:\\\/\\\/ekoporty.szczecin.pl\\\/?s={search_term_string}\"},\"query-input\":{\"@type\":\"PropertyValueSpecification\",\"valueRequired\":true,\"valueName\":\"search_term_string\"}}],\"inLanguage\":\"pl-PL\"},{\"@type\":\"Organization\",\"@id\":\"https:\\\/\\\/ekoporty.szczecin.pl\\\/#organization\",\"name\":\"Zak\u0142ad Us\u0142ug Komunalnych Szczecin\",\"url\":\"https:\\\/\\\/ekoporty.szczecin.pl\\\/\",\"logo\":{\"@type\":\"ImageObject\",\"inLanguage\":\"pl-PL\",\"@id\":\"https:\\\/\\\/ekoporty.szczecin.pl\\\/#\\\/schema\\\/logo\\\/image\\\/\",\"url\":\"http:\\\/\\\/ekoporty.szczecin.pl\\\/wp-content\\\/uploads\\\/2018\\\/03\\\/logo5.jpg\",\"contentUrl\":\"http:\\\/\\\/ekoporty.szczecin.pl\\\/wp-content\\\/uploads\\\/2018\\\/03\\\/logo5.jpg\",\"width\":260,\"height\":66,\"caption\":\"Zak\u0142ad Us\u0142ug Komunalnych Szczecin\"},\"image\":{\"@id\":\"https:\\\/\\\/ekoporty.szczecin.pl\\\/#\\\/schema\\\/logo\\\/image\\\/\"}}]}<\/script>\n<!-- \/ Yoast SEO plugin. -->","yoast_head_json":{"title":"System miniEkoport &#171; EKOPORTY SZCZECIN","robots":{"index":"index","follow":"follow","max-snippet":"max-snippet:-1","max-image-preview":"max-image-preview:large","max-video-preview":"max-video-preview:-1"},"canonical":"https:\/\/ekoporty.szczecin.pl\/?page_id=1280","og_locale":"pl_PL","og_type":"article","og_title":"System miniEkoport &#171; EKOPORTY SZCZECIN","og_description":"Wykaz aptek uczestnicz\u0105cych w gminnym systemie zbi\u00f3rki przeterminowanych lek\u00f3wpochodz\u0105cych od mieszka\u0144c\u00f3w \u2013 mini Ekoport ZA\u0141O\u017bENIA DOTYCZ\u0104CE SYSTEMU ZBI\u00d3RKI prowadzonej w ramach gminnego systemu gospodarowania odpadami komunalnymi oraz Insntrukcja prawid\u0142owego korzystania ze specjalistycznego pojemnika PM09 \u00d8\u00a0 Pojemniki s\u0142u\u017c\u0105 standaryzacji systemu zbi\u00f3rki oraz bezpiecznemu magazynowaniu zebranych lek\u00f3w. System obejmuje r\u00f3wnie\u017c nieodp\u0142atny odbi\u00f3r zmagazynowanych lekarstw przez Operatora &#8211; &hellip; Czytaj dalej System miniEkoport","og_url":"https:\/\/ekoporty.szczecin.pl\/?page_id=1280","og_site_name":"EKOPORTY SZCZECIN","article_modified_time":"2022-03-23T10:20:25+00:00","og_image":[{"url":"http:\/\/ekoporty.szczecin.pl\/wp-content\/uploads\/2017\/07\/Artykul_8.jpg","type":"","width":"","height":""}],"twitter_card":"summary_large_image","twitter_misc":{"Szacowany czas czytania":"5 minut"},"schema":{"@context":"https:\/\/schema.org","@graph":[{"@type":"WebPage","@id":"https:\/\/ekoporty.szczecin.pl\/?page_id=1280","url":"https:\/\/ekoporty.szczecin.pl\/?page_id=1280","name":"System miniEkoport &#171; EKOPORTY SZCZECIN","isPartOf":{"@id":"https:\/\/ekoporty.szczecin.pl\/#website"},"primaryImageOfPage":{"@id":"https:\/\/ekoporty.szczecin.pl\/?page_id=1280#primaryimage"},"image":{"@id":"https:\/\/ekoporty.szczecin.pl\/?page_id=1280#primaryimage"},"thumbnailUrl":"http:\/\/ekoporty.szczecin.pl\/wp-content\/uploads\/2017\/07\/Artykul_8.jpg","datePublished":"2018-02-02T06:59:00+00:00","dateModified":"2022-03-23T10:20:25+00:00","breadcrumb":{"@id":"https:\/\/ekoporty.szczecin.pl\/?page_id=1280#breadcrumb"},"inLanguage":"pl-PL","potentialAction":[{"@type":"ReadAction","target":["https:\/\/ekoporty.szczecin.pl\/?page_id=1280"]}]},{"@type":"ImageObject","inLanguage":"pl-PL","@id":"https:\/\/ekoporty.szczecin.pl\/?page_id=1280#primaryimage","url":"http:\/\/ekoporty.szczecin.pl\/wp-content\/uploads\/2017\/07\/Artykul_8.jpg","contentUrl":"http:\/\/ekoporty.szczecin.pl\/wp-content\/uploads\/2017\/07\/Artykul_8.jpg"},{"@type":"BreadcrumbList","@id":"https:\/\/ekoporty.szczecin.pl\/?page_id=1280#breadcrumb","itemListElement":[{"@type":"ListItem","position":1,"name":"Strona g\u0142\u00f3wna","item":"https:\/\/ekoporty.szczecin.pl\/"},{"@type":"ListItem","position":2,"name":"System miniEkoport"}]},{"@type":"WebSite","@id":"https:\/\/ekoporty.szczecin.pl\/#website","url":"https:\/\/ekoporty.szczecin.pl\/","name":"Ekoporty","description":"ZUK Szczecin - Punkty Selektywnej Zbi\u00f3rki Odpad\u00f3w Komunalnych - Zapraszamy","publisher":{"@id":"https:\/\/ekoporty.szczecin.pl\/#organization"},"potentialAction":[{"@type":"SearchAction","target":{"@type":"EntryPoint","urlTemplate":"https:\/\/ekoporty.szczecin.pl\/?s={search_term_string}"},"query-input":{"@type":"PropertyValueSpecification","valueRequired":true,"valueName":"search_term_string"}}],"inLanguage":"pl-PL"},{"@type":"Organization","@id":"https:\/\/ekoporty.szczecin.pl\/#organization","name":"Zak\u0142ad Us\u0142ug Komunalnych Szczecin","url":"https:\/\/ekoporty.szczecin.pl\/","logo":{"@type":"ImageObject","inLanguage":"pl-PL","@id":"https:\/\/ekoporty.szczecin.pl\/#\/schema\/logo\/image\/","url":"http:\/\/ekoporty.szczecin.pl\/wp-content\/uploads\/2018\/03\/logo5.jpg","contentUrl":"http:\/\/ekoporty.szczecin.pl\/wp-content\/uploads\/2018\/03\/logo5.jpg","width":260,"height":66,"caption":"Zak\u0142ad Us\u0142ug Komunalnych Szczecin"},"image":{"@id":"https:\/\/ekoporty.szczecin.pl\/#\/schema\/logo\/image\/"}}]}},"jetpack_sharing_enabled":true,"jetpack_shortlink":"https:\/\/wp.me\/P8ZWwp-kE","_links":{"self":[{"href":"https:\/\/ekoporty.szczecin.pl\/index.php?rest_route=\/wp\/v2\/pages\/1280","targetHints":{"allow":["GET"]}}],"collection":[{"href":"https:\/\/ekoporty.szczecin.pl\/index.php?rest_route=\/wp\/v2\/pages"}],"about":[{"href":"https:\/\/ekoporty.szczecin.pl\/index.php?rest_route=\/wp\/v2\/types\/page"}],"author":[{"embeddable":true,"href":"https:\/\/ekoporty.szczecin.pl\/index.php?rest_route=\/wp\/v2\/users\/7"}],"replies":[{"embeddable":true,"href":"https:\/\/ekoporty.szczecin.pl\/index.php?rest_route=%2Fwp%2Fv2%2Fcomments&post=1280"}],"version-history":[{"count":7,"href":"https:\/\/ekoporty.szczecin.pl\/index.php?rest_route=\/wp\/v2\/pages\/1280\/revisions"}],"predecessor-version":[{"id":45725,"href":"https:\/\/ekoporty.szczecin.pl\/index.php?rest_route=\/wp\/v2\/pages\/1280\/revisions\/45725"}],"wp:attachment":[{"href":"https:\/\/ekoporty.szczecin.pl\/index.php?rest_route=%2Fwp%2Fv2%2Fmedia&parent=1280"}],"curies":[{"name":"wp","href":"https:\/\/api.w.org\/{rel}","templated":true}]}}