{"id":15943,"date":"2018-12-20T09:55:41","date_gmt":"2018-12-20T08:55:41","guid":{"rendered":"http:\/\/ekoporty.szczecin.pl\/?page_id=15943"},"modified":"2018-12-20T09:55:41","modified_gmt":"2018-12-20T08:55:41","slug":"wykaz-pozyskanych-darowizn-z-dn-19-12-2018","status":"publish","type":"page","link":"https:\/\/ekoporty.szczecin.pl\/?page_id=15943","title":{"rendered":"Wykaz pozyskanych darowizn z dn. 19.12.2018"},"content":{"rendered":"<p style=\"text-align: center;\"><strong>FUNDACJA \u201eDOM HOSPICYJNY\u201d \u2013 HOSPICJUM \u015aW. JANA EWANGELISTY W SZCZECINIE \u2013 <span style=\"color: #ff0000;\">187\u00a0<\/span><\/strong><span style=\"color: #ff0000;\"><strong>z\u0142<\/strong><\/span><\/p>\n<p style=\"text-align: center;\"><strong>KRAJOWE TOWARZYSTWO AUTYZMU ODDZIA\u0141 W SZCZECINIE \u2013 <span style=\"color: #ff0000;\">133 z\u0142<\/span><\/strong><\/p>\n<p style=\"text-align: center;\"><strong>FUNDACJA OSTATNI REJS \u2013 <span style=\"color: #ff0000;\">\u00a0z\u0142 100<\/span><\/strong><\/p>\n<p style=\"text-align: center;\"><strong>POLSKI KOMITET POMOCY SPO\u0141ECZNEJ ZACHODNIOPOMORSKI ZARZ\u0104D WOJEW\u00d3DZKI \u2013<span style=\"color: #ff0000;\">\u00a025 z\u0142<\/span><\/strong><\/p>\n<p style=\"text-align: center;\"><strong>ODDZIA\u0141 ZACHODNIOPOMORSKI POLSKIEGO ZWI\u0104ZKU G\u0141UCHYCH\u00a0\u2013<span style=\"color: #ff0000;\">\u00a050z\u0142<\/span><\/strong><\/p>\n<p style=\"text-align: center;\"><strong>POLSKI ZWI\u0104ZEK NIEWIDOMYCH OKR\u0118G ZACHODNIOPOMORSKI \u2013 <span style=\"color: #ff0000;\">90\u00a0z\u0142<\/span><\/strong><\/p>\n<p style=\"text-align: center;\"><strong>STOWARZYSZENIE RODZIC\u00d3W DZIECI CHORYCH NA BIA\u0141ACZK\u0118 I INNE CHOROBY NOWOTWOROWE \u2013 <span style=\"color: #ff0000;\">195\u00a0z\u0142<\/span><\/strong><\/p>\n<p style=\"text-align: center;\"><strong>FUNDACJA ZACHODNIOPOMORSKIE HOSPICJUM DLA DZIECI I DOROS\u0141YCH \u2013\u00a0<span style=\"color: #ff0000;\">330 z\u0142<\/span><\/strong><\/p>\n<p style=\"text-align: center;\"><strong>POLSKIE STOWARZYSZENIE NA RZECZ OS\u00d3B Z NIEPE\u0141NOSPRAWNO\u015aCI\u0104 INTELEKTUALN\u0104 K.W SZ-N \u2013 <span style=\"color: #ff0000;\">45 z\u0142<\/span><\/strong><\/p>\n<p style=\"text-align: center;\"><strong>INNE ORGANIZACJE PO\u017bYTKU PUBLICZNEGO NIEWSP\u00d3\u0141PRACUJ\u0104CE Z GALERI\u0104 SZPARGA\u0141EK \u2013 <span style=\"color: #ff0000;\">275 z\u0142<\/span><\/strong><\/p>\n","protected":false},"excerpt":{"rendered":"<p>FUNDACJA \u201eDOM HOSPICYJNY\u201d \u2013 HOSPICJUM \u015aW. JANA EWANGELISTY W SZCZECINIE \u2013 187\u00a0z\u0142 KRAJOWE TOWARZYSTWO AUTYZMU ODDZIA\u0141 W SZCZECINIE \u2013 133 z\u0142 FUNDACJA OSTATNI REJS \u2013 \u00a0z\u0142 100 POLSKI KOMITET POMOCY SPO\u0141ECZNEJ ZACHODNIOPOMORSKI ZARZ\u0104D WOJEW\u00d3DZKI \u2013\u00a025 z\u0142 ODDZIA\u0141 ZACHODNIOPOMORSKI POLSKIEGO ZWI\u0104ZKU G\u0141UCHYCH\u00a0\u2013\u00a050z\u0142 POLSKI ZWI\u0104ZEK NIEWIDOMYCH OKR\u0118G ZACHODNIOPOMORSKI \u2013 90\u00a0z\u0142 STOWARZYSZENIE RODZIC\u00d3W DZIECI CHORYCH NA BIA\u0141ACZK\u0118 I &hellip; <a href=\"https:\/\/ekoporty.szczecin.pl\/?page_id=15943\" class=\"more-link\">Czytaj dalej <span class=\"screen-reader-text\">Wykaz pozyskanych darowizn z dn. 19.12.2018<\/span><\/a><\/p>\n","protected":false},"author":7,"featured_media":0,"parent":0,"menu_order":0,"comment_status":"closed","ping_status":"closed","template":"","meta":{"footnotes":""},"class_list":["post-15943","page","type-page","status-publish","hentry"],"yoast_head":"<!-- This site is optimized with the Yoast SEO plugin v27.4 - https:\/\/yoast.com\/product\/yoast-seo-wordpress\/ -->\n<title>Wykaz pozyskanych darowizn z dn. 19.12.2018 &#171; EKOPORTY SZCZECIN<\/title>\n<meta name=\"robots\" content=\"index, follow, max-snippet:-1, max-image-preview:large, max-video-preview:-1\" \/>\n<link rel=\"canonical\" href=\"https:\/\/ekoporty.szczecin.pl\/?page_id=15943\" \/>\n<meta property=\"og:locale\" content=\"pl_PL\" \/>\n<meta property=\"og:type\" content=\"article\" \/>\n<meta property=\"og:title\" content=\"Wykaz pozyskanych darowizn z dn. 19.12.2018 &#171; EKOPORTY SZCZECIN\" \/>\n<meta property=\"og:description\" content=\"FUNDACJA \u201eDOM HOSPICYJNY\u201d \u2013 HOSPICJUM \u015aW. JANA EWANGELISTY W SZCZECINIE \u2013 187\u00a0z\u0142 KRAJOWE TOWARZYSTWO AUTYZMU ODDZIA\u0141 W SZCZECINIE \u2013 133 z\u0142 FUNDACJA OSTATNI REJS \u2013 \u00a0z\u0142 100 POLSKI KOMITET POMOCY SPO\u0141ECZNEJ ZACHODNIOPOMORSKI ZARZ\u0104D WOJEW\u00d3DZKI \u2013\u00a025 z\u0142 ODDZIA\u0141 ZACHODNIOPOMORSKI POLSKIEGO ZWI\u0104ZKU G\u0141UCHYCH\u00a0\u2013\u00a050z\u0142 POLSKI ZWI\u0104ZEK NIEWIDOMYCH OKR\u0118G ZACHODNIOPOMORSKI \u2013 90\u00a0z\u0142 STOWARZYSZENIE RODZIC\u00d3W DZIECI CHORYCH NA BIA\u0141ACZK\u0118 I &hellip; Czytaj dalej Wykaz pozyskanych darowizn z dn. 19.12.2018\" \/>\n<meta property=\"og:url\" content=\"https:\/\/ekoporty.szczecin.pl\/?page_id=15943\" \/>\n<meta property=\"og:site_name\" content=\"EKOPORTY SZCZECIN\" \/>\n<meta name=\"twitter:card\" content=\"summary_large_image\" \/>\n<script type=\"application\/ld+json\" class=\"yoast-schema-graph\">{\"@context\":\"https:\\\/\\\/schema.org\",\"@graph\":[{\"@type\":\"WebPage\",\"@id\":\"https:\\\/\\\/ekoporty.szczecin.pl\\\/?page_id=15943\",\"url\":\"https:\\\/\\\/ekoporty.szczecin.pl\\\/?page_id=15943\",\"name\":\"Wykaz pozyskanych darowizn z dn. 19.12.2018 &#171; EKOPORTY SZCZECIN\",\"isPartOf\":{\"@id\":\"https:\\\/\\\/ekoporty.szczecin.pl\\\/#website\"},\"datePublished\":\"2018-12-20T08:55:41+00:00\",\"breadcrumb\":{\"@id\":\"https:\\\/\\\/ekoporty.szczecin.pl\\\/?page_id=15943#breadcrumb\"},\"inLanguage\":\"pl-PL\",\"potentialAction\":[{\"@type\":\"ReadAction\",\"target\":[\"https:\\\/\\\/ekoporty.szczecin.pl\\\/?page_id=15943\"]}]},{\"@type\":\"BreadcrumbList\",\"@id\":\"https:\\\/\\\/ekoporty.szczecin.pl\\\/?page_id=15943#breadcrumb\",\"itemListElement\":[{\"@type\":\"ListItem\",\"position\":1,\"name\":\"Strona g\u0142\u00f3wna\",\"item\":\"https:\\\/\\\/ekoporty.szczecin.pl\\\/\"},{\"@type\":\"ListItem\",\"position\":2,\"name\":\"Wykaz pozyskanych darowizn z dn. 19.12.2018\"}]},{\"@type\":\"WebSite\",\"@id\":\"https:\\\/\\\/ekoporty.szczecin.pl\\\/#website\",\"url\":\"https:\\\/\\\/ekoporty.szczecin.pl\\\/\",\"name\":\"Ekoporty\",\"description\":\"ZUK Szczecin - Punkty Selektywnej Zbi\u00f3rki Odpad\u00f3w Komunalnych - Zapraszamy\",\"publisher\":{\"@id\":\"https:\\\/\\\/ekoporty.szczecin.pl\\\/#organization\"},\"potentialAction\":[{\"@type\":\"SearchAction\",\"target\":{\"@type\":\"EntryPoint\",\"urlTemplate\":\"https:\\\/\\\/ekoporty.szczecin.pl\\\/?s={search_term_string}\"},\"query-input\":{\"@type\":\"PropertyValueSpecification\",\"valueRequired\":true,\"valueName\":\"search_term_string\"}}],\"inLanguage\":\"pl-PL\"},{\"@type\":\"Organization\",\"@id\":\"https:\\\/\\\/ekoporty.szczecin.pl\\\/#organization\",\"name\":\"Zak\u0142ad Us\u0142ug Komunalnych Szczecin\",\"url\":\"https:\\\/\\\/ekoporty.szczecin.pl\\\/\",\"logo\":{\"@type\":\"ImageObject\",\"inLanguage\":\"pl-PL\",\"@id\":\"https:\\\/\\\/ekoporty.szczecin.pl\\\/#\\\/schema\\\/logo\\\/image\\\/\",\"url\":\"http:\\\/\\\/ekoporty.szczecin.pl\\\/wp-content\\\/uploads\\\/2018\\\/03\\\/logo5.jpg\",\"contentUrl\":\"http:\\\/\\\/ekoporty.szczecin.pl\\\/wp-content\\\/uploads\\\/2018\\\/03\\\/logo5.jpg\",\"width\":260,\"height\":66,\"caption\":\"Zak\u0142ad Us\u0142ug Komunalnych Szczecin\"},\"image\":{\"@id\":\"https:\\\/\\\/ekoporty.szczecin.pl\\\/#\\\/schema\\\/logo\\\/image\\\/\"}}]}<\/script>\n<!-- \/ Yoast SEO plugin. -->","yoast_head_json":{"title":"Wykaz pozyskanych darowizn z dn. 19.12.2018 &#171; EKOPORTY SZCZECIN","robots":{"index":"index","follow":"follow","max-snippet":"max-snippet:-1","max-image-preview":"max-image-preview:large","max-video-preview":"max-video-preview:-1"},"canonical":"https:\/\/ekoporty.szczecin.pl\/?page_id=15943","og_locale":"pl_PL","og_type":"article","og_title":"Wykaz pozyskanych darowizn z dn. 19.12.2018 &#171; EKOPORTY SZCZECIN","og_description":"FUNDACJA \u201eDOM HOSPICYJNY\u201d \u2013 HOSPICJUM \u015aW. JANA EWANGELISTY W SZCZECINIE \u2013 187\u00a0z\u0142 KRAJOWE TOWARZYSTWO AUTYZMU ODDZIA\u0141 W SZCZECINIE \u2013 133 z\u0142 FUNDACJA OSTATNI REJS \u2013 \u00a0z\u0142 100 POLSKI KOMITET POMOCY SPO\u0141ECZNEJ ZACHODNIOPOMORSKI ZARZ\u0104D WOJEW\u00d3DZKI \u2013\u00a025 z\u0142 ODDZIA\u0141 ZACHODNIOPOMORSKI POLSKIEGO ZWI\u0104ZKU G\u0141UCHYCH\u00a0\u2013\u00a050z\u0142 POLSKI ZWI\u0104ZEK NIEWIDOMYCH OKR\u0118G ZACHODNIOPOMORSKI \u2013 90\u00a0z\u0142 STOWARZYSZENIE RODZIC\u00d3W DZIECI CHORYCH NA BIA\u0141ACZK\u0118 I &hellip; Czytaj dalej Wykaz pozyskanych darowizn z dn. 19.12.2018","og_url":"https:\/\/ekoporty.szczecin.pl\/?page_id=15943","og_site_name":"EKOPORTY SZCZECIN","twitter_card":"summary_large_image","schema":{"@context":"https:\/\/schema.org","@graph":[{"@type":"WebPage","@id":"https:\/\/ekoporty.szczecin.pl\/?page_id=15943","url":"https:\/\/ekoporty.szczecin.pl\/?page_id=15943","name":"Wykaz pozyskanych darowizn z dn. 19.12.2018 &#171; EKOPORTY SZCZECIN","isPartOf":{"@id":"https:\/\/ekoporty.szczecin.pl\/#website"},"datePublished":"2018-12-20T08:55:41+00:00","breadcrumb":{"@id":"https:\/\/ekoporty.szczecin.pl\/?page_id=15943#breadcrumb"},"inLanguage":"pl-PL","potentialAction":[{"@type":"ReadAction","target":["https:\/\/ekoporty.szczecin.pl\/?page_id=15943"]}]},{"@type":"BreadcrumbList","@id":"https:\/\/ekoporty.szczecin.pl\/?page_id=15943#breadcrumb","itemListElement":[{"@type":"ListItem","position":1,"name":"Strona g\u0142\u00f3wna","item":"https:\/\/ekoporty.szczecin.pl\/"},{"@type":"ListItem","position":2,"name":"Wykaz pozyskanych darowizn z dn. 19.12.2018"}]},{"@type":"WebSite","@id":"https:\/\/ekoporty.szczecin.pl\/#website","url":"https:\/\/ekoporty.szczecin.pl\/","name":"Ekoporty","description":"ZUK Szczecin - Punkty Selektywnej Zbi\u00f3rki Odpad\u00f3w Komunalnych - Zapraszamy","publisher":{"@id":"https:\/\/ekoporty.szczecin.pl\/#organization"},"potentialAction":[{"@type":"SearchAction","target":{"@type":"EntryPoint","urlTemplate":"https:\/\/ekoporty.szczecin.pl\/?s={search_term_string}"},"query-input":{"@type":"PropertyValueSpecification","valueRequired":true,"valueName":"search_term_string"}}],"inLanguage":"pl-PL"},{"@type":"Organization","@id":"https:\/\/ekoporty.szczecin.pl\/#organization","name":"Zak\u0142ad Us\u0142ug Komunalnych Szczecin","url":"https:\/\/ekoporty.szczecin.pl\/","logo":{"@type":"ImageObject","inLanguage":"pl-PL","@id":"https:\/\/ekoporty.szczecin.pl\/#\/schema\/logo\/image\/","url":"http:\/\/ekoporty.szczecin.pl\/wp-content\/uploads\/2018\/03\/logo5.jpg","contentUrl":"http:\/\/ekoporty.szczecin.pl\/wp-content\/uploads\/2018\/03\/logo5.jpg","width":260,"height":66,"caption":"Zak\u0142ad Us\u0142ug Komunalnych Szczecin"},"image":{"@id":"https:\/\/ekoporty.szczecin.pl\/#\/schema\/logo\/image\/"}}]}},"jetpack_sharing_enabled":true,"jetpack_shortlink":"https:\/\/wp.me\/P8ZWwp-499","_links":{"self":[{"href":"https:\/\/ekoporty.szczecin.pl\/index.php?rest_route=\/wp\/v2\/pages\/15943","targetHints":{"allow":["GET"]}}],"collection":[{"href":"https:\/\/ekoporty.szczecin.pl\/index.php?rest_route=\/wp\/v2\/pages"}],"about":[{"href":"https:\/\/ekoporty.szczecin.pl\/index.php?rest_route=\/wp\/v2\/types\/page"}],"author":[{"embeddable":true,"href":"https:\/\/ekoporty.szczecin.pl\/index.php?rest_route=\/wp\/v2\/users\/7"}],"replies":[{"embeddable":true,"href":"https:\/\/ekoporty.szczecin.pl\/index.php?rest_route=%2Fwp%2Fv2%2Fcomments&post=15943"}],"version-history":[{"count":1,"href":"https:\/\/ekoporty.szczecin.pl\/index.php?rest_route=\/wp\/v2\/pages\/15943\/revisions"}],"predecessor-version":[{"id":15945,"href":"https:\/\/ekoporty.szczecin.pl\/index.php?rest_route=\/wp\/v2\/pages\/15943\/revisions\/15945"}],"wp:attachment":[{"href":"https:\/\/ekoporty.szczecin.pl\/index.php?rest_route=%2Fwp%2Fv2%2Fmedia&parent=15943"}],"curies":[{"name":"wp","href":"https:\/\/api.w.org\/{rel}","templated":true}]}}