{"id":16702,"date":"2019-01-31T09:04:10","date_gmt":"2019-01-31T08:04:10","guid":{"rendered":"http:\/\/ekoporty.szczecin.pl\/?page_id=16702"},"modified":"2019-05-09T08:03:45","modified_gmt":"2019-05-09T06:03:45","slug":"2018-wplaty","status":"publish","type":"page","link":"https:\/\/ekoporty.szczecin.pl\/?page_id=16702","title":{"rendered":"2018 wp\u0142aty"},"content":{"rendered":"<p style=\"text-align: center;\"><strong>\u0141\u0105cznie 63747 z\u0142<\/strong><\/p>\n<p>W dniu<strong>\u00a019.12.2018<\/strong>\u00a0na Organizacje Po\u017cytku Publicznego przelano \u0142\u0105cznie<strong> 1430 z\u0142\u00a0<\/strong><a href=\"https:\/\/ekoporty.szczecin.pl\/?page_id=15943\">(szczeg\u00f3\u0142y)<\/a><\/p>\n<p>W dniu<strong>\u00a005.12.2018<\/strong>\u00a0na Organizacje Po\u017cytku Publicznego przelano \u0142\u0105cznie <strong>3117 z\u0142\u00a0<\/strong><a href=\"https:\/\/ekoporty.szczecin.pl\/?page_id=15301\">(szczeg\u00f3\u0142y)<\/a><\/p>\n<p>W dniu<strong>\u00a021.11.2018<\/strong>\u00a0na Organizacje Po\u017cytku Publicznego przelano \u0142\u0105cznie <strong>2542 z\u0142 <\/strong><a href=\"https:\/\/ekoporty.szczecin.pl\/?page_id=14635\">(szczeg\u00f3\u0142y)<\/a><\/p>\n<p>W dniu<strong>\u00a007.11.2018<\/strong>\u00a0na Organizacje Po\u017cytku Publicznego przelano \u0142\u0105cznie <strong>2863\u00a0z\u0142\u00a0<\/strong><a href=\"https:\/\/ekoporty.szczecin.pl\/?page_id=13991\">(szczeg\u00f3\u0142y)<\/a><\/p>\n<p>W dniu<strong>\u00a024.10.2018<\/strong>\u00a0na Organizacje Po\u017cytku Publicznego przelano \u0142\u0105cznie <strong>2349 z\u0142\u00a0<\/strong><a href=\"https:\/\/ekoporty.szczecin.pl\/?page_id=13427\">(szczeg\u00f3\u0142y)<\/a><\/p>\n<p>W dniu<strong>\u00a010.10.2018<\/strong>\u00a0na Organizacje Po\u017cytku Publicznego przelano \u0142\u0105cznie <strong>3527 z\u0142\u00a0<\/strong><a href=\"https:\/\/ekoporty.szczecin.pl\/?page_id=12789&amp;preview=true\">(szczeg\u00f3\u0142y)<\/a><\/p>\n<p>W dniu<strong>\u00a026.09.2018<\/strong>\u00a0na Organizacje Po\u017cytku Publicznego przelano \u0142\u0105cznie <strong>2249 z\u0142\u00a0<\/strong><a href=\"https:\/\/ekoporty.szczecin.pl\/?page_id=12238\">(szczeg\u00f3\u0142y)<\/a><\/p>\n<p>W dniu<strong>\u00a012.09.2018<\/strong>\u00a0na Organizacje Po\u017cytku Publicznego przelano \u0142\u0105cznie <strong>1936 z\u0142 <\/strong><a href=\"https:\/\/ekoporty.szczecin.pl\/?page_id=11688\">(szczeg\u00f3\u0142y)<\/a><\/p>\n<p>W dniu<strong> 29.08.2018<\/strong>\u00a0na Organizacje Po\u017cytku Publicznego przelano \u0142\u0105cznie <strong>2814 z\u0142\u00a0<\/strong><a href=\"https:\/\/ekoporty.szczecin.pl\/?page_id=11282\">(szczeg\u00f3\u0142y)<\/a><\/p>\n<p>W dniu <strong>08.08.2018<\/strong>\u00a0na Organizacje Po\u017cytku Publicznego przelano \u0142\u0105cznie <strong>5649 z\u0142\u00a0<\/strong><a href=\"https:\/\/ekoporty.szczecin.pl\/?page_id=10608&amp;preview=true\">(szczeg\u00f3\u0142y)<\/a><\/p>\n<p>W dniu <strong>27.06.2018<\/strong>\u00a0na Organizacje Po\u017cytku Publicznego przelano \u0142\u0105cznie <strong>5059 z\u0142\u00a0<\/strong><a href=\"https:\/\/ekoporty.szczecin.pl\/?page_id=9284&amp;preview=true\">(szczeg\u00f3\u0142y)<\/a><\/p>\n<p>W dniu <strong>13.06.2018<\/strong>\u00a0na Organizacje Po\u017cytku Publicznego przelano \u0142\u0105cznie <strong>4906 z\u0142 <\/strong><a href=\"https:\/\/ekoporty.szczecin.pl\/?page_id=8561&amp;preview=true\">(szczeg\u00f3\u0142y)<\/a><\/p>\n<p>W dniu <strong>30.05.2018<\/strong>\u00a0na Organizacje Po\u017cytku Publicznego przelano \u0142\u0105cznie<strong>\u00a03725 z\u0142 <\/strong><a href=\"https:\/\/ekoporty.szczecin.pl\/?page_id=7544&amp;preview=true\">(szczeg\u00f3\u0142y)<\/a><\/p>\n<p>W dniu\u00a0<strong>16.05.2018<\/strong>\u00a0na Organizacje Po\u017cytku Publicznego przelano \u0142\u0105cznie<strong>\u00a02740 z\u0142\u00a0<\/strong><a href=\"https:\/\/ekoporty.szczecin.pl\/?page_id=6213&amp;preview=true\">(szczeg\u00f3\u0142y)<\/a><\/p>\n<p>W dniu <strong>25.04.2018<\/strong>\u00a0na Organizacje Po\u017cytku Publicznego przelano \u0142\u0105cznie<strong>\u00a01921 z\u0142\u00a0<\/strong><a href=\"https:\/\/ekoporty.szczecin.pl\/?page_id=5293\">(szczeg\u00f3\u0142y)<\/a><\/p>\n<p>W dniu<strong>\u00a011.04.2018<\/strong> na Organizacje Po\u017cytku Publicznego przelano \u0142\u0105cznie<strong>\u00a02688 z\u0142 <\/strong><a href=\"https:\/\/ekoporty.szczecin.pl\/?page_id=4606&amp;preview=true\">(szczeg\u00f3\u0142y)<\/a><\/p>\n<p>W dniu<strong>\u00a028.03.2018<\/strong> na Organizacje Po\u017cytku Publicznego przelano \u0142\u0105cznie<strong>\u00a02472 z\u0142 <\/strong><a href=\"https:\/\/ekoporty.szczecin.pl\/?page_id=3995&amp;preview=true\">(szczeg\u00f3\u0142y)<\/a><\/p>\n<p>W dniu<strong> 14.03.2018<\/strong> na Organizacje Po\u017cytku Publicznego przelano \u0142\u0105cznie<strong>\u00a02852 z\u0142\u00a0<\/strong><a href=\"https:\/\/ekoporty.szczecin.pl\/?page_id=3423\">(szczeg\u00f3\u0142y)<\/a><\/p>\n<p>W dniu <strong>28.02.2018<\/strong> na Organizacje Po\u017cytku Publicznego przelano \u0142\u0105cznie<strong> 3885 z\u0142\u00a0<\/strong><a href=\"https:\/\/ekoporty.szczecin.pl\/?page_id=2900&amp;preview=true\">(szczeg\u00f3\u0142y)<\/a><\/p>\n<p>W dniu <strong>21.02.2018<\/strong> na Organizacje Po\u017cytku Publicznego przelano \u0142\u0105cznie <strong>5023 z\u0142\u00a0<\/strong><a href=\"https:\/\/ekoporty.szczecin.pl\/?page_id=2893\">(szczeg\u00f3\u0142y)<\/a><\/p>\n<h2 style=\"text-align: center;\"><\/h2>\n","protected":false},"excerpt":{"rendered":"<p>\u0141\u0105cznie 63747 z\u0142 W dniu\u00a019.12.2018\u00a0na Organizacje Po\u017cytku Publicznego przelano \u0142\u0105cznie 1430 z\u0142\u00a0(szczeg\u00f3\u0142y) W dniu\u00a005.12.2018\u00a0na Organizacje Po\u017cytku Publicznego przelano \u0142\u0105cznie 3117 z\u0142\u00a0(szczeg\u00f3\u0142y) W dniu\u00a021.11.2018\u00a0na Organizacje Po\u017cytku Publicznego przelano \u0142\u0105cznie 2542 z\u0142 (szczeg\u00f3\u0142y) W dniu\u00a007.11.2018\u00a0na Organizacje Po\u017cytku Publicznego przelano \u0142\u0105cznie 2863\u00a0z\u0142\u00a0(szczeg\u00f3\u0142y) W dniu\u00a024.10.2018\u00a0na Organizacje Po\u017cytku Publicznego przelano \u0142\u0105cznie 2349 z\u0142\u00a0(szczeg\u00f3\u0142y) W dniu\u00a010.10.2018\u00a0na Organizacje Po\u017cytku Publicznego przelano \u0142\u0105cznie &hellip; <a href=\"https:\/\/ekoporty.szczecin.pl\/?page_id=16702\" class=\"more-link\">Czytaj dalej <span class=\"screen-reader-text\">2018 wp\u0142aty<\/span><\/a><\/p>\n","protected":false},"author":7,"featured_media":0,"parent":0,"menu_order":0,"comment_status":"closed","ping_status":"closed","template":"","meta":{"footnotes":""},"class_list":["post-16702","page","type-page","status-publish","hentry"],"yoast_head":"<!-- This site is optimized with the Yoast SEO plugin v27.4 - https:\/\/yoast.com\/product\/yoast-seo-wordpress\/ -->\n<title>2018 wp\u0142aty &#171; EKOPORTY SZCZECIN<\/title>\n<meta name=\"robots\" content=\"index, follow, max-snippet:-1, max-image-preview:large, max-video-preview:-1\" \/>\n<link rel=\"canonical\" href=\"https:\/\/ekoporty.szczecin.pl\/?page_id=16702\" \/>\n<meta property=\"og:locale\" content=\"pl_PL\" \/>\n<meta property=\"og:type\" content=\"article\" \/>\n<meta property=\"og:title\" content=\"2018 wp\u0142aty &#171; EKOPORTY SZCZECIN\" \/>\n<meta property=\"og:description\" content=\"\u0141\u0105cznie 63747 z\u0142 W dniu\u00a019.12.2018\u00a0na Organizacje Po\u017cytku Publicznego przelano \u0142\u0105cznie 1430 z\u0142\u00a0(szczeg\u00f3\u0142y) W dniu\u00a005.12.2018\u00a0na Organizacje Po\u017cytku Publicznego przelano \u0142\u0105cznie 3117 z\u0142\u00a0(szczeg\u00f3\u0142y) W dniu\u00a021.11.2018\u00a0na Organizacje Po\u017cytku Publicznego przelano \u0142\u0105cznie 2542 z\u0142 (szczeg\u00f3\u0142y) W dniu\u00a007.11.2018\u00a0na Organizacje Po\u017cytku Publicznego przelano \u0142\u0105cznie 2863\u00a0z\u0142\u00a0(szczeg\u00f3\u0142y) W dniu\u00a024.10.2018\u00a0na Organizacje Po\u017cytku Publicznego przelano \u0142\u0105cznie 2349 z\u0142\u00a0(szczeg\u00f3\u0142y) W dniu\u00a010.10.2018\u00a0na Organizacje Po\u017cytku Publicznego przelano \u0142\u0105cznie &hellip; Czytaj dalej 2018 wp\u0142aty\" \/>\n<meta property=\"og:url\" content=\"https:\/\/ekoporty.szczecin.pl\/?page_id=16702\" \/>\n<meta property=\"og:site_name\" content=\"EKOPORTY SZCZECIN\" \/>\n<meta property=\"article:modified_time\" content=\"2019-05-09T06:03:45+00:00\" \/>\n<meta name=\"twitter:card\" content=\"summary_large_image\" \/>\n<meta name=\"twitter:label1\" content=\"Szacowany czas czytania\" \/>\n\t<meta name=\"twitter:data1\" content=\"1 minuta\" \/>\n<script type=\"application\/ld+json\" class=\"yoast-schema-graph\">{\"@context\":\"https:\\\/\\\/schema.org\",\"@graph\":[{\"@type\":\"WebPage\",\"@id\":\"https:\\\/\\\/ekoporty.szczecin.pl\\\/?page_id=16702\",\"url\":\"https:\\\/\\\/ekoporty.szczecin.pl\\\/?page_id=16702\",\"name\":\"2018 wp\u0142aty &#171; EKOPORTY SZCZECIN\",\"isPartOf\":{\"@id\":\"https:\\\/\\\/ekoporty.szczecin.pl\\\/#website\"},\"datePublished\":\"2019-01-31T08:04:10+00:00\",\"dateModified\":\"2019-05-09T06:03:45+00:00\",\"breadcrumb\":{\"@id\":\"https:\\\/\\\/ekoporty.szczecin.pl\\\/?page_id=16702#breadcrumb\"},\"inLanguage\":\"pl-PL\",\"potentialAction\":[{\"@type\":\"ReadAction\",\"target\":[\"https:\\\/\\\/ekoporty.szczecin.pl\\\/?page_id=16702\"]}]},{\"@type\":\"BreadcrumbList\",\"@id\":\"https:\\\/\\\/ekoporty.szczecin.pl\\\/?page_id=16702#breadcrumb\",\"itemListElement\":[{\"@type\":\"ListItem\",\"position\":1,\"name\":\"Strona g\u0142\u00f3wna\",\"item\":\"https:\\\/\\\/ekoporty.szczecin.pl\\\/\"},{\"@type\":\"ListItem\",\"position\":2,\"name\":\"2018 wp\u0142aty\"}]},{\"@type\":\"WebSite\",\"@id\":\"https:\\\/\\\/ekoporty.szczecin.pl\\\/#website\",\"url\":\"https:\\\/\\\/ekoporty.szczecin.pl\\\/\",\"name\":\"Ekoporty\",\"description\":\"ZUK Szczecin - Punkty Selektywnej Zbi\u00f3rki Odpad\u00f3w Komunalnych - Zapraszamy\",\"publisher\":{\"@id\":\"https:\\\/\\\/ekoporty.szczecin.pl\\\/#organization\"},\"potentialAction\":[{\"@type\":\"SearchAction\",\"target\":{\"@type\":\"EntryPoint\",\"urlTemplate\":\"https:\\\/\\\/ekoporty.szczecin.pl\\\/?s={search_term_string}\"},\"query-input\":{\"@type\":\"PropertyValueSpecification\",\"valueRequired\":true,\"valueName\":\"search_term_string\"}}],\"inLanguage\":\"pl-PL\"},{\"@type\":\"Organization\",\"@id\":\"https:\\\/\\\/ekoporty.szczecin.pl\\\/#organization\",\"name\":\"Zak\u0142ad Us\u0142ug Komunalnych Szczecin\",\"url\":\"https:\\\/\\\/ekoporty.szczecin.pl\\\/\",\"logo\":{\"@type\":\"ImageObject\",\"inLanguage\":\"pl-PL\",\"@id\":\"https:\\\/\\\/ekoporty.szczecin.pl\\\/#\\\/schema\\\/logo\\\/image\\\/\",\"url\":\"http:\\\/\\\/ekoporty.szczecin.pl\\\/wp-content\\\/uploads\\\/2018\\\/03\\\/logo5.jpg\",\"contentUrl\":\"http:\\\/\\\/ekoporty.szczecin.pl\\\/wp-content\\\/uploads\\\/2018\\\/03\\\/logo5.jpg\",\"width\":260,\"height\":66,\"caption\":\"Zak\u0142ad Us\u0142ug Komunalnych Szczecin\"},\"image\":{\"@id\":\"https:\\\/\\\/ekoporty.szczecin.pl\\\/#\\\/schema\\\/logo\\\/image\\\/\"}}]}<\/script>\n<!-- \/ Yoast SEO plugin. -->","yoast_head_json":{"title":"2018 wp\u0142aty &#171; EKOPORTY SZCZECIN","robots":{"index":"index","follow":"follow","max-snippet":"max-snippet:-1","max-image-preview":"max-image-preview:large","max-video-preview":"max-video-preview:-1"},"canonical":"https:\/\/ekoporty.szczecin.pl\/?page_id=16702","og_locale":"pl_PL","og_type":"article","og_title":"2018 wp\u0142aty &#171; EKOPORTY SZCZECIN","og_description":"\u0141\u0105cznie 63747 z\u0142 W dniu\u00a019.12.2018\u00a0na Organizacje Po\u017cytku Publicznego przelano \u0142\u0105cznie 1430 z\u0142\u00a0(szczeg\u00f3\u0142y) W dniu\u00a005.12.2018\u00a0na Organizacje Po\u017cytku Publicznego przelano \u0142\u0105cznie 3117 z\u0142\u00a0(szczeg\u00f3\u0142y) W dniu\u00a021.11.2018\u00a0na Organizacje Po\u017cytku Publicznego przelano \u0142\u0105cznie 2542 z\u0142 (szczeg\u00f3\u0142y) W dniu\u00a007.11.2018\u00a0na Organizacje Po\u017cytku Publicznego przelano \u0142\u0105cznie 2863\u00a0z\u0142\u00a0(szczeg\u00f3\u0142y) W dniu\u00a024.10.2018\u00a0na Organizacje Po\u017cytku Publicznego przelano \u0142\u0105cznie 2349 z\u0142\u00a0(szczeg\u00f3\u0142y) W dniu\u00a010.10.2018\u00a0na Organizacje Po\u017cytku Publicznego przelano \u0142\u0105cznie &hellip; Czytaj dalej 2018 wp\u0142aty","og_url":"https:\/\/ekoporty.szczecin.pl\/?page_id=16702","og_site_name":"EKOPORTY SZCZECIN","article_modified_time":"2019-05-09T06:03:45+00:00","twitter_card":"summary_large_image","twitter_misc":{"Szacowany czas czytania":"1 minuta"},"schema":{"@context":"https:\/\/schema.org","@graph":[{"@type":"WebPage","@id":"https:\/\/ekoporty.szczecin.pl\/?page_id=16702","url":"https:\/\/ekoporty.szczecin.pl\/?page_id=16702","name":"2018 wp\u0142aty &#171; EKOPORTY SZCZECIN","isPartOf":{"@id":"https:\/\/ekoporty.szczecin.pl\/#website"},"datePublished":"2019-01-31T08:04:10+00:00","dateModified":"2019-05-09T06:03:45+00:00","breadcrumb":{"@id":"https:\/\/ekoporty.szczecin.pl\/?page_id=16702#breadcrumb"},"inLanguage":"pl-PL","potentialAction":[{"@type":"ReadAction","target":["https:\/\/ekoporty.szczecin.pl\/?page_id=16702"]}]},{"@type":"BreadcrumbList","@id":"https:\/\/ekoporty.szczecin.pl\/?page_id=16702#breadcrumb","itemListElement":[{"@type":"ListItem","position":1,"name":"Strona g\u0142\u00f3wna","item":"https:\/\/ekoporty.szczecin.pl\/"},{"@type":"ListItem","position":2,"name":"2018 wp\u0142aty"}]},{"@type":"WebSite","@id":"https:\/\/ekoporty.szczecin.pl\/#website","url":"https:\/\/ekoporty.szczecin.pl\/","name":"Ekoporty","description":"ZUK Szczecin - Punkty Selektywnej Zbi\u00f3rki Odpad\u00f3w Komunalnych - Zapraszamy","publisher":{"@id":"https:\/\/ekoporty.szczecin.pl\/#organization"},"potentialAction":[{"@type":"SearchAction","target":{"@type":"EntryPoint","urlTemplate":"https:\/\/ekoporty.szczecin.pl\/?s={search_term_string}"},"query-input":{"@type":"PropertyValueSpecification","valueRequired":true,"valueName":"search_term_string"}}],"inLanguage":"pl-PL"},{"@type":"Organization","@id":"https:\/\/ekoporty.szczecin.pl\/#organization","name":"Zak\u0142ad Us\u0142ug Komunalnych Szczecin","url":"https:\/\/ekoporty.szczecin.pl\/","logo":{"@type":"ImageObject","inLanguage":"pl-PL","@id":"https:\/\/ekoporty.szczecin.pl\/#\/schema\/logo\/image\/","url":"http:\/\/ekoporty.szczecin.pl\/wp-content\/uploads\/2018\/03\/logo5.jpg","contentUrl":"http:\/\/ekoporty.szczecin.pl\/wp-content\/uploads\/2018\/03\/logo5.jpg","width":260,"height":66,"caption":"Zak\u0142ad Us\u0142ug Komunalnych Szczecin"},"image":{"@id":"https:\/\/ekoporty.szczecin.pl\/#\/schema\/logo\/image\/"}}]}},"jetpack_sharing_enabled":true,"jetpack_shortlink":"https:\/\/wp.me\/P8ZWwp-4lo","_links":{"self":[{"href":"https:\/\/ekoporty.szczecin.pl\/index.php?rest_route=\/wp\/v2\/pages\/16702","targetHints":{"allow":["GET"]}}],"collection":[{"href":"https:\/\/ekoporty.szczecin.pl\/index.php?rest_route=\/wp\/v2\/pages"}],"about":[{"href":"https:\/\/ekoporty.szczecin.pl\/index.php?rest_route=\/wp\/v2\/types\/page"}],"author":[{"embeddable":true,"href":"https:\/\/ekoporty.szczecin.pl\/index.php?rest_route=\/wp\/v2\/users\/7"}],"replies":[{"embeddable":true,"href":"https:\/\/ekoporty.szczecin.pl\/index.php?rest_route=%2Fwp%2Fv2%2Fcomments&post=16702"}],"version-history":[{"count":2,"href":"https:\/\/ekoporty.szczecin.pl\/index.php?rest_route=\/wp\/v2\/pages\/16702\/revisions"}],"predecessor-version":[{"id":20786,"href":"https:\/\/ekoporty.szczecin.pl\/index.php?rest_route=\/wp\/v2\/pages\/16702\/revisions\/20786"}],"wp:attachment":[{"href":"https:\/\/ekoporty.szczecin.pl\/index.php?rest_route=%2Fwp%2Fv2%2Fmedia&parent=16702"}],"curies":[{"name":"wp","href":"https:\/\/api.w.org\/{rel}","templated":true}]}}