{"id":22291,"date":"2019-06-27T11:30:50","date_gmt":"2019-06-27T09:30:50","guid":{"rendered":"http:\/\/ekoporty.szczecin.pl\/?page_id=22291"},"modified":"2019-06-27T11:50:46","modified_gmt":"2019-06-27T09:50:46","slug":"sto-tysiecy-zlotych","status":"publish","type":"page","link":"https:\/\/ekoporty.szczecin.pl\/?page_id=22291","title":{"rendered":"Sto tysi\u0119cy z\u0142otych!"},"content":{"rendered":"<p style=\"text-align: justify;\"><strong>Przekroczona zosta\u0142a kwot\u0119 100 00 z\u0142otych, by\u0142 pow\u00f3d do \u015bwi\u0119towania, o godzinie 10.30 przed samym otwarciem Galerii odby\u0142a si\u0119 ma\u0142a uroczysto\u015b\u0107. Do nieba polecia\u0142o 100 turkusowych balon\u00f3w &#8211; ka\u017cdy symbolizowa\u0142 1000 z\u0142otych, dzi\u0119ki kt\u00f3rym kto\u015b potrzebuj\u0105cy przybli\u017cy\u0142 si\u0119 do celu, kto\u015b zrealizowa\u0142 marzenia o sprz\u0119cie rehabilitacyjnym, leczeniu\u2026..\u00a0 <\/strong><\/p>\n<p style=\"text-align: justify;\"><img loading=\"lazy\" decoding=\"async\" class=\" wp-image-22298 alignleft\" src=\"https:\/\/ekoporty.szczecin.pl\/wp-content\/uploads\/2019\/06\/IMG_1605.jpg\" alt=\"\" width=\"300\" height=\"225\" srcset=\"https:\/\/ekoporty.szczecin.pl\/wp-content\/uploads\/2019\/06\/IMG_1605.jpg 2016w, https:\/\/ekoporty.szczecin.pl\/wp-content\/uploads\/2019\/06\/IMG_1605-300x225.jpg 300w, https:\/\/ekoporty.szczecin.pl\/wp-content\/uploads\/2019\/06\/IMG_1605-768x576.jpg 768w, https:\/\/ekoporty.szczecin.pl\/wp-content\/uploads\/2019\/06\/IMG_1605-1024x768.jpg 1024w, https:\/\/ekoporty.szczecin.pl\/wp-content\/uploads\/2019\/06\/IMG_1605-600x450.jpg 600w, https:\/\/ekoporty.szczecin.pl\/wp-content\/uploads\/2019\/06\/IMG_1605-213x160.jpg 213w\" sizes=\"auto, (max-width: 300px) 100vw, 300px\" \/><\/p>\n<p style=\"text-align: justify;\">Podkre\u015blali to w swoich wyst\u0105pieniach przedstawiciele Organizacji, Pan Arkadiusz Skrzypi\u0144ski &#8211; nasz olimpijczyk z Klubu Sportowego Inwalid\u00f3w START, ksi\u0105dz Janusz Kilar, Dyrektor Fundacji Dom Hospicyjny \u015bw. Jana Ewangelisty, Przewodnicz\u0105ca Stowarzyszenia Rodzic\u00f3w Dzieci Chorych na Bia\u0142aczk\u0119 i inne Choroby Nowotworowe Pani Marzena G\u00f3rska. Stowarzyszenie w\u0142a\u015bnie przeprowadza remont Oddzia\u0142u \u015aw. Miko\u0142aja Hematologii i Onkologii Dzieci\u0119cej w Szpitalu przy ul. Unii Lubelskiej i darowizny w wysoko\u015bci 16000 z\u0142otych pozyskane z Galerii zasili\u0142y bud\u017cet remontowy. Bardzo wzruszaj\u0105cym momentem by\u0142o przekazanie od dzieci tego oddzia\u0142u \u00a0prezentu dla pracownik\u00f3w Galerii &#8211; \u015blicznego obrazka, kt\u00f3re wykona\u0142y w\u0142asnor\u0119cznie, a kt\u00f3ry przekaza\u0142a nam\u00a0 Pani Marzena.<\/p>\n<p>Przybyli inni przedstawiciele wsp\u00f3\u0142pracuj\u0105cych z nami Organizacji, Stowarzysze\u0144 i Fundacji. By\u0142o nam bardzo mi\u0142o spotka\u0107 si\u0119 ze wszystkimi naszymi Go\u015b\u0107mi.<\/p>\n<p style=\"text-align: justify;\">Podsumowuj\u0105c wszystkie trzydzie\u015bci jeden edycji naszej Galerii w okresie\u00a0 luty 2018- czerwiec 2019 nasi Darczy\u0144cy dokonali przelew\u00f3w na \u0142\u0105czn\u0105 kwot\u0119 39313 z\u0142otych.<\/p>\n<p style=\"text-align: justify;\">Te \u015brodki finansowe zasili\u0142y konta:<\/p>\n<p style=\"text-align: justify;\">&#8211; 19 Organizacji Po\u017cytku Publicznego, kt\u00f3re maj\u0105 zawarte umowy z Galeri\u0105,<\/p>\n<p style=\"text-align: justify;\">&#8211; OPP (w tym Stowarzyszenia lub Fundacje dzia\u0142aj\u0105ce na rzecz mieszka\u0144c\u00f3w Szczecina) nie wsp\u00f3\u0142pracuj\u0105ce z Galeri\u0105 w ramach umowy, ale na konta kt\u00f3rych Darczy\u0144cy wp\u0142acali pieni\u0105dze (dowody wp\u0142at s\u0105 honorowane w Galerii),<\/p>\n<p style=\"text-align: justify;\">&#8211; bezpo\u015brednich beneficjent\u00f3w zrzeszonych w instytucjach pomocowych, na rzecz kt\u00f3rych dokonano wp\u0142at indywidualnych.<\/p>\n<p style=\"text-align: justify;\">Jeste\u015bmy usatysfakcjonowani, efekty naszej pracy przeros\u0142y nasze oczekiwania.\u00a0 inicjatywa spodoba\u0142a si\u0119 Pa\u0144stwu,\u00a0 kolejne edycje Galerii ciesz\u0105ce si\u0119 nies\u0142abn\u0105cym zainteresowaniem by\u0142y tego potwierdzeniem.<\/p>\n<p style=\"text-align: justify;\"><img loading=\"lazy\" decoding=\"async\" class=\" wp-image-22299 alignright\" src=\"https:\/\/ekoporty.szczecin.pl\/wp-content\/uploads\/2019\/06\/IMG_1606.jpg\" alt=\"\" width=\"300\" height=\"225\" srcset=\"https:\/\/ekoporty.szczecin.pl\/wp-content\/uploads\/2019\/06\/IMG_1606.jpg 2016w, https:\/\/ekoporty.szczecin.pl\/wp-content\/uploads\/2019\/06\/IMG_1606-300x225.jpg 300w, https:\/\/ekoporty.szczecin.pl\/wp-content\/uploads\/2019\/06\/IMG_1606-768x576.jpg 768w, https:\/\/ekoporty.szczecin.pl\/wp-content\/uploads\/2019\/06\/IMG_1606-1024x768.jpg 1024w, https:\/\/ekoporty.szczecin.pl\/wp-content\/uploads\/2019\/06\/IMG_1606-600x450.jpg 600w, https:\/\/ekoporty.szczecin.pl\/wp-content\/uploads\/2019\/06\/IMG_1606-213x160.jpg 213w\" sizes=\"auto, (max-width: 300px) 100vw, 300px\" \/>Przypominamy, \u017ce wp\u0142ata dokonana na konto zasila w ca\u0142o\u015bci deklarowany cel. Nasz\u0105 rol\u0105 jest przygotowanie dla Pa\u0144stwa przedmiot\u00f3w podlegaj\u0105cych punktacji, kt\u00f3re nabywacie w Charytatywnej Galerii Szparga\u0142ek. W ten spos\u00f3b pomagamy potrzebuj\u0105cym, a przedmiotom dajemy drugie \u017cycie.\u00a0 Cel spo\u0142eczny i ekologiczny w jednym ? Jak wida\u0107 mo\u017cna to osi\u0105gn\u0105\u0107.<\/p>\n<p style=\"text-align: justify;\">Zapraszamy po przerwie wakacyjnej we wrze\u015bniu. Liczymy, \u017ce ponownie b\u0119dziemy w stanie przygotowa\u0107 dla Pa\u0144stwa rzeczy pi\u0119kne, unikatowe, warte dalszej renowacji lub modernizacji. <img loading=\"lazy\" decoding=\"async\" class=\" wp-image-22300 alignleft\" src=\"https:\/\/ekoporty.szczecin.pl\/wp-content\/uploads\/2019\/06\/IMG_1623.jpg\" alt=\"\" width=\"308\" height=\"231\" srcset=\"https:\/\/ekoporty.szczecin.pl\/wp-content\/uploads\/2019\/06\/IMG_1623.jpg 2016w, https:\/\/ekoporty.szczecin.pl\/wp-content\/uploads\/2019\/06\/IMG_1623-300x225.jpg 300w, https:\/\/ekoporty.szczecin.pl\/wp-content\/uploads\/2019\/06\/IMG_1623-768x576.jpg 768w, https:\/\/ekoporty.szczecin.pl\/wp-content\/uploads\/2019\/06\/IMG_1623-1024x768.jpg 1024w, https:\/\/ekoporty.szczecin.pl\/wp-content\/uploads\/2019\/06\/IMG_1623-600x450.jpg 600w, https:\/\/ekoporty.szczecin.pl\/wp-content\/uploads\/2019\/06\/IMG_1623-213x160.jpg 213w\" sizes=\"auto, (max-width: 308px) 100vw, 308px\" \/><\/p>\n<p style=\"text-align: justify;\">Liczymy na sta\u0142ych i wiernych Przyjaci\u00f3\u0142 ciekawych co nowego w Galerii, na kt\u00f3rych z przyjemno\u015bci\u0105 czekamy. Zapraszamy nowych Darczy\u0144c\u00f3w<\/p>\n<p style=\"text-align: justify;\">Kolejna edycja ju\u017c 11 wrze\u015bnia.<\/p>\n<p style=\"text-align: justify;\">\n","protected":false},"excerpt":{"rendered":"<p>Przekroczona zosta\u0142a kwot\u0119 100 00 z\u0142otych, by\u0142 pow\u00f3d do \u015bwi\u0119towania, o godzinie 10.30 przed samym otwarciem Galerii odby\u0142a si\u0119 ma\u0142a uroczysto\u015b\u0107. Do nieba polecia\u0142o 100 turkusowych balon\u00f3w &#8211; ka\u017cdy symbolizowa\u0142 1000 z\u0142otych, dzi\u0119ki kt\u00f3rym kto\u015b potrzebuj\u0105cy przybli\u017cy\u0142 si\u0119 do celu, kto\u015b zrealizowa\u0142 marzenia o sprz\u0119cie rehabilitacyjnym, leczeniu\u2026..\u00a0 Podkre\u015blali to w swoich wyst\u0105pieniach przedstawiciele Organizacji, Pan &hellip; <a href=\"https:\/\/ekoporty.szczecin.pl\/?page_id=22291\" class=\"more-link\">Czytaj dalej <span class=\"screen-reader-text\">Sto tysi\u0119cy z\u0142otych!<\/span><\/a><\/p>\n","protected":false},"author":7,"featured_media":22296,"parent":0,"menu_order":0,"comment_status":"closed","ping_status":"closed","template":"","meta":{"footnotes":""},"class_list":["post-22291","page","type-page","status-publish","has-post-thumbnail","hentry"],"yoast_head":"<!-- This site is optimized with the Yoast SEO plugin v27.3 - https:\/\/yoast.com\/product\/yoast-seo-wordpress\/ -->\n<title>Sto tysi\u0119cy z\u0142otych! &#171; EKOPORTY SZCZECIN<\/title>\n<meta name=\"robots\" content=\"index, follow, max-snippet:-1, max-image-preview:large, max-video-preview:-1\" \/>\n<link rel=\"canonical\" href=\"https:\/\/ekoporty.szczecin.pl\/?page_id=22291\" \/>\n<meta property=\"og:locale\" content=\"pl_PL\" \/>\n<meta property=\"og:type\" content=\"article\" \/>\n<meta property=\"og:title\" content=\"Sto tysi\u0119cy z\u0142otych! &#171; EKOPORTY SZCZECIN\" \/>\n<meta property=\"og:description\" content=\"Przekroczona zosta\u0142a kwot\u0119 100 00 z\u0142otych, by\u0142 pow\u00f3d do \u015bwi\u0119towania, o godzinie 10.30 przed samym otwarciem Galerii odby\u0142a si\u0119 ma\u0142a uroczysto\u015b\u0107. Do nieba polecia\u0142o 100 turkusowych balon\u00f3w &#8211; ka\u017cdy symbolizowa\u0142 1000 z\u0142otych, dzi\u0119ki kt\u00f3rym kto\u015b potrzebuj\u0105cy przybli\u017cy\u0142 si\u0119 do celu, kto\u015b zrealizowa\u0142 marzenia o sprz\u0119cie rehabilitacyjnym, leczeniu\u2026..\u00a0 Podkre\u015blali to w swoich wyst\u0105pieniach przedstawiciele Organizacji, Pan &hellip; Czytaj dalej Sto tysi\u0119cy z\u0142otych!\" \/>\n<meta property=\"og:url\" content=\"https:\/\/ekoporty.szczecin.pl\/?page_id=22291\" \/>\n<meta property=\"og:site_name\" content=\"EKOPORTY SZCZECIN\" \/>\n<meta property=\"article:modified_time\" content=\"2019-06-27T09:50:46+00:00\" \/>\n<meta property=\"og:image\" content=\"https:\/\/ekoporty.szczecin.pl\/wp-content\/uploads\/2019\/06\/IMG_1612.jpg\" \/>\n\t<meta property=\"og:image:width\" content=\"2016\" \/>\n\t<meta property=\"og:image:height\" content=\"1512\" \/>\n\t<meta property=\"og:image:type\" content=\"image\/jpeg\" \/>\n<meta name=\"twitter:card\" content=\"summary_large_image\" \/>\n<meta name=\"twitter:label1\" content=\"Szacowany czas czytania\" \/>\n\t<meta name=\"twitter:data1\" content=\"2 minuty\" \/>\n<script type=\"application\/ld+json\" class=\"yoast-schema-graph\">{\"@context\":\"https:\\\/\\\/schema.org\",\"@graph\":[{\"@type\":\"WebPage\",\"@id\":\"https:\\\/\\\/ekoporty.szczecin.pl\\\/?page_id=22291\",\"url\":\"https:\\\/\\\/ekoporty.szczecin.pl\\\/?page_id=22291\",\"name\":\"Sto tysi\u0119cy z\u0142otych! &#171; EKOPORTY SZCZECIN\",\"isPartOf\":{\"@id\":\"https:\\\/\\\/ekoporty.szczecin.pl\\\/#website\"},\"primaryImageOfPage\":{\"@id\":\"https:\\\/\\\/ekoporty.szczecin.pl\\\/?page_id=22291#primaryimage\"},\"image\":{\"@id\":\"https:\\\/\\\/ekoporty.szczecin.pl\\\/?page_id=22291#primaryimage\"},\"thumbnailUrl\":\"https:\\\/\\\/ekoporty.szczecin.pl\\\/wp-content\\\/uploads\\\/2019\\\/06\\\/IMG_1612.jpg\",\"datePublished\":\"2019-06-27T09:30:50+00:00\",\"dateModified\":\"2019-06-27T09:50:46+00:00\",\"breadcrumb\":{\"@id\":\"https:\\\/\\\/ekoporty.szczecin.pl\\\/?page_id=22291#breadcrumb\"},\"inLanguage\":\"pl-PL\",\"potentialAction\":[{\"@type\":\"ReadAction\",\"target\":[\"https:\\\/\\\/ekoporty.szczecin.pl\\\/?page_id=22291\"]}]},{\"@type\":\"ImageObject\",\"inLanguage\":\"pl-PL\",\"@id\":\"https:\\\/\\\/ekoporty.szczecin.pl\\\/?page_id=22291#primaryimage\",\"url\":\"https:\\\/\\\/ekoporty.szczecin.pl\\\/wp-content\\\/uploads\\\/2019\\\/06\\\/IMG_1612.jpg\",\"contentUrl\":\"https:\\\/\\\/ekoporty.szczecin.pl\\\/wp-content\\\/uploads\\\/2019\\\/06\\\/IMG_1612.jpg\",\"width\":2016,\"height\":1512},{\"@type\":\"BreadcrumbList\",\"@id\":\"https:\\\/\\\/ekoporty.szczecin.pl\\\/?page_id=22291#breadcrumb\",\"itemListElement\":[{\"@type\":\"ListItem\",\"position\":1,\"name\":\"Strona g\u0142\u00f3wna\",\"item\":\"https:\\\/\\\/ekoporty.szczecin.pl\\\/\"},{\"@type\":\"ListItem\",\"position\":2,\"name\":\"Sto tysi\u0119cy z\u0142otych!\"}]},{\"@type\":\"WebSite\",\"@id\":\"https:\\\/\\\/ekoporty.szczecin.pl\\\/#website\",\"url\":\"https:\\\/\\\/ekoporty.szczecin.pl\\\/\",\"name\":\"Ekoporty\",\"description\":\"ZUK Szczecin - Punkty Selektywnej Zbi\u00f3rki Odpad\u00f3w Komunalnych - Zapraszamy\",\"publisher\":{\"@id\":\"https:\\\/\\\/ekoporty.szczecin.pl\\\/#organization\"},\"potentialAction\":[{\"@type\":\"SearchAction\",\"target\":{\"@type\":\"EntryPoint\",\"urlTemplate\":\"https:\\\/\\\/ekoporty.szczecin.pl\\\/?s={search_term_string}\"},\"query-input\":{\"@type\":\"PropertyValueSpecification\",\"valueRequired\":true,\"valueName\":\"search_term_string\"}}],\"inLanguage\":\"pl-PL\"},{\"@type\":\"Organization\",\"@id\":\"https:\\\/\\\/ekoporty.szczecin.pl\\\/#organization\",\"name\":\"Zak\u0142ad Us\u0142ug Komunalnych Szczecin\",\"url\":\"https:\\\/\\\/ekoporty.szczecin.pl\\\/\",\"logo\":{\"@type\":\"ImageObject\",\"inLanguage\":\"pl-PL\",\"@id\":\"https:\\\/\\\/ekoporty.szczecin.pl\\\/#\\\/schema\\\/logo\\\/image\\\/\",\"url\":\"http:\\\/\\\/ekoporty.szczecin.pl\\\/wp-content\\\/uploads\\\/2018\\\/03\\\/logo5.jpg\",\"contentUrl\":\"http:\\\/\\\/ekoporty.szczecin.pl\\\/wp-content\\\/uploads\\\/2018\\\/03\\\/logo5.jpg\",\"width\":260,\"height\":66,\"caption\":\"Zak\u0142ad Us\u0142ug Komunalnych Szczecin\"},\"image\":{\"@id\":\"https:\\\/\\\/ekoporty.szczecin.pl\\\/#\\\/schema\\\/logo\\\/image\\\/\"}}]}<\/script>\n<!-- \/ Yoast SEO plugin. -->","yoast_head_json":{"title":"Sto tysi\u0119cy z\u0142otych! &#171; EKOPORTY SZCZECIN","robots":{"index":"index","follow":"follow","max-snippet":"max-snippet:-1","max-image-preview":"max-image-preview:large","max-video-preview":"max-video-preview:-1"},"canonical":"https:\/\/ekoporty.szczecin.pl\/?page_id=22291","og_locale":"pl_PL","og_type":"article","og_title":"Sto tysi\u0119cy z\u0142otych! &#171; EKOPORTY SZCZECIN","og_description":"Przekroczona zosta\u0142a kwot\u0119 100 00 z\u0142otych, by\u0142 pow\u00f3d do \u015bwi\u0119towania, o godzinie 10.30 przed samym otwarciem Galerii odby\u0142a si\u0119 ma\u0142a uroczysto\u015b\u0107. Do nieba polecia\u0142o 100 turkusowych balon\u00f3w &#8211; ka\u017cdy symbolizowa\u0142 1000 z\u0142otych, dzi\u0119ki kt\u00f3rym kto\u015b potrzebuj\u0105cy przybli\u017cy\u0142 si\u0119 do celu, kto\u015b zrealizowa\u0142 marzenia o sprz\u0119cie rehabilitacyjnym, leczeniu\u2026..\u00a0 Podkre\u015blali to w swoich wyst\u0105pieniach przedstawiciele Organizacji, Pan &hellip; Czytaj dalej Sto tysi\u0119cy z\u0142otych!","og_url":"https:\/\/ekoporty.szczecin.pl\/?page_id=22291","og_site_name":"EKOPORTY SZCZECIN","article_modified_time":"2019-06-27T09:50:46+00:00","og_image":[{"width":2016,"height":1512,"url":"https:\/\/ekoporty.szczecin.pl\/wp-content\/uploads\/2019\/06\/IMG_1612.jpg","type":"image\/jpeg"}],"twitter_card":"summary_large_image","twitter_misc":{"Szacowany czas czytania":"2 minuty"},"schema":{"@context":"https:\/\/schema.org","@graph":[{"@type":"WebPage","@id":"https:\/\/ekoporty.szczecin.pl\/?page_id=22291","url":"https:\/\/ekoporty.szczecin.pl\/?page_id=22291","name":"Sto tysi\u0119cy z\u0142otych! &#171; EKOPORTY SZCZECIN","isPartOf":{"@id":"https:\/\/ekoporty.szczecin.pl\/#website"},"primaryImageOfPage":{"@id":"https:\/\/ekoporty.szczecin.pl\/?page_id=22291#primaryimage"},"image":{"@id":"https:\/\/ekoporty.szczecin.pl\/?page_id=22291#primaryimage"},"thumbnailUrl":"https:\/\/ekoporty.szczecin.pl\/wp-content\/uploads\/2019\/06\/IMG_1612.jpg","datePublished":"2019-06-27T09:30:50+00:00","dateModified":"2019-06-27T09:50:46+00:00","breadcrumb":{"@id":"https:\/\/ekoporty.szczecin.pl\/?page_id=22291#breadcrumb"},"inLanguage":"pl-PL","potentialAction":[{"@type":"ReadAction","target":["https:\/\/ekoporty.szczecin.pl\/?page_id=22291"]}]},{"@type":"ImageObject","inLanguage":"pl-PL","@id":"https:\/\/ekoporty.szczecin.pl\/?page_id=22291#primaryimage","url":"https:\/\/ekoporty.szczecin.pl\/wp-content\/uploads\/2019\/06\/IMG_1612.jpg","contentUrl":"https:\/\/ekoporty.szczecin.pl\/wp-content\/uploads\/2019\/06\/IMG_1612.jpg","width":2016,"height":1512},{"@type":"BreadcrumbList","@id":"https:\/\/ekoporty.szczecin.pl\/?page_id=22291#breadcrumb","itemListElement":[{"@type":"ListItem","position":1,"name":"Strona g\u0142\u00f3wna","item":"https:\/\/ekoporty.szczecin.pl\/"},{"@type":"ListItem","position":2,"name":"Sto tysi\u0119cy z\u0142otych!"}]},{"@type":"WebSite","@id":"https:\/\/ekoporty.szczecin.pl\/#website","url":"https:\/\/ekoporty.szczecin.pl\/","name":"Ekoporty","description":"ZUK Szczecin - Punkty Selektywnej Zbi\u00f3rki Odpad\u00f3w Komunalnych - Zapraszamy","publisher":{"@id":"https:\/\/ekoporty.szczecin.pl\/#organization"},"potentialAction":[{"@type":"SearchAction","target":{"@type":"EntryPoint","urlTemplate":"https:\/\/ekoporty.szczecin.pl\/?s={search_term_string}"},"query-input":{"@type":"PropertyValueSpecification","valueRequired":true,"valueName":"search_term_string"}}],"inLanguage":"pl-PL"},{"@type":"Organization","@id":"https:\/\/ekoporty.szczecin.pl\/#organization","name":"Zak\u0142ad Us\u0142ug Komunalnych Szczecin","url":"https:\/\/ekoporty.szczecin.pl\/","logo":{"@type":"ImageObject","inLanguage":"pl-PL","@id":"https:\/\/ekoporty.szczecin.pl\/#\/schema\/logo\/image\/","url":"http:\/\/ekoporty.szczecin.pl\/wp-content\/uploads\/2018\/03\/logo5.jpg","contentUrl":"http:\/\/ekoporty.szczecin.pl\/wp-content\/uploads\/2018\/03\/logo5.jpg","width":260,"height":66,"caption":"Zak\u0142ad Us\u0142ug Komunalnych Szczecin"},"image":{"@id":"https:\/\/ekoporty.szczecin.pl\/#\/schema\/logo\/image\/"}}]}},"jetpack_sharing_enabled":true,"jetpack_shortlink":"https:\/\/wp.me\/P8ZWwp-5Nx","_links":{"self":[{"href":"https:\/\/ekoporty.szczecin.pl\/index.php?rest_route=\/wp\/v2\/pages\/22291","targetHints":{"allow":["GET"]}}],"collection":[{"href":"https:\/\/ekoporty.szczecin.pl\/index.php?rest_route=\/wp\/v2\/pages"}],"about":[{"href":"https:\/\/ekoporty.szczecin.pl\/index.php?rest_route=\/wp\/v2\/types\/page"}],"author":[{"embeddable":true,"href":"https:\/\/ekoporty.szczecin.pl\/index.php?rest_route=\/wp\/v2\/users\/7"}],"replies":[{"embeddable":true,"href":"https:\/\/ekoporty.szczecin.pl\/index.php?rest_route=%2Fwp%2Fv2%2Fcomments&post=22291"}],"version-history":[{"count":4,"href":"https:\/\/ekoporty.szczecin.pl\/index.php?rest_route=\/wp\/v2\/pages\/22291\/revisions"}],"predecessor-version":[{"id":22307,"href":"https:\/\/ekoporty.szczecin.pl\/index.php?rest_route=\/wp\/v2\/pages\/22291\/revisions\/22307"}],"wp:featuredmedia":[{"embeddable":true,"href":"https:\/\/ekoporty.szczecin.pl\/index.php?rest_route=\/wp\/v2\/media\/22296"}],"wp:attachment":[{"href":"https:\/\/ekoporty.szczecin.pl\/index.php?rest_route=%2Fwp%2Fv2%2Fmedia&parent=22291"}],"curies":[{"name":"wp","href":"https:\/\/api.w.org\/{rel}","templated":true}]}}