{"id":24688,"date":"2019-12-27T08:10:50","date_gmt":"2019-12-27T07:10:50","guid":{"rendered":"http:\/\/ekoporty.szczecin.pl\/?page_id=24688"},"modified":"2019-12-27T08:10:50","modified_gmt":"2019-12-27T07:10:50","slug":"2019-wplaty","status":"publish","type":"page","link":"https:\/\/ekoporty.szczecin.pl\/?page_id=24688","title":{"rendered":"2019 wp\u0142aty"},"content":{"rendered":"<p style=\"text-align: center;\"><strong>\u0141\u0105cznie 65\u00a0954 z\u0142<\/strong><\/p>\n<p style=\"text-align: left;\">W dniu<strong>\u00a011.12.2019<\/strong>\u00a0na Organizacje Po\u017cytku Publicznego przelano \u0142\u0105cznie\u00a0<strong>4739 z\u0142\u00a0<\/strong><a href=\"https:\/\/ekoporty.szczecin.pl\/?page_id=24684&amp;preview=true\">(szczeg\u00f3\u0142y)<\/a><\/p>\n<p style=\"text-align: left;\">W dniu<strong>\u00a013.11.2019<\/strong>\u00a0na Organizacje Po\u017cytku Publicznego przelano \u0142\u0105cznie<strong>\u00a07413 z\u0142\u00a0<\/strong><a href=\"https:\/\/ekoporty.szczecin.pl\/?page_id=24390\">(szczeg\u00f3\u0142y)<\/a><\/p>\n<p style=\"text-align: left;\">W dniu<strong>\u00a016.10.2019<\/strong>\u00a0na Organizacje Po\u017cytku Publicznego przelano \u0142\u0105cznie<strong>\u00a06713 z\u0142\u00a0<\/strong><a href=\"https:\/\/ekoporty.szczecin.pl\/?page_id=24120&amp;preview=true\">(szczeg\u00f3\u0142y)<\/a><\/p>\n<p style=\"text-align: left;\">W dniu<strong>\u00a018.09.2019<\/strong>\u00a0na Organizacje Po\u017cytku Publicznego przelano \u0142\u0105cznie<strong>\u00a07776 z\u0142\u00a0<\/strong><a href=\"https:\/\/ekoporty.szczecin.pl\/?page_id=23738\">(szczeg\u00f3\u0142y)<\/a><\/p>\n<p style=\"text-align: left;\">W dniu<strong>\u00a026.06.2019<\/strong>\u00a0na Organizacje Po\u017cytku Publicznego przelano \u0142\u0105cznie<strong>\u00a03938 z\u0142\u00a0<\/strong><a href=\"https:\/\/ekoporty.szczecin.pl\/?page_id=22284\">(szczeg\u00f3\u0142y)<\/a><\/p>\n<p style=\"text-align: left;\">W dniu<strong>\u00a012.06.2019<\/strong>\u00a0na Organizacje Po\u017cytku Publicznego przelano \u0142\u0105cznie<strong>\u00a02510 z\u0142\u00a0<\/strong><a href=\"https:\/\/ekoporty.szczecin.pl\/?page_id=21926&amp;preview=true\">(szczeg\u00f3\u0142y)<\/a><\/p>\n<p style=\"text-align: left;\">W dniu<strong>\u00a029.05.2019<\/strong>\u00a0na Organizacje Po\u017cytku Publicznego przelano \u0142\u0105cznie<strong>\u00a04159 z\u0142\u00a0<\/strong><a href=\"https:\/\/ekoporty.szczecin.pl\/?page_id=21555\">(szczeg\u00f3\u0142y)<\/a><\/p>\n<p style=\"text-align: left;\">W dniu<strong>\u00a015.05.2019<\/strong>\u00a0na Organizacje Po\u017cytku Publicznego przelano \u0142\u0105cznie<strong>\u00a03189 z\u0142\u00a0<\/strong><a href=\"https:\/\/ekoporty.szczecin.pl\/?page_id=21146&amp;preview=true\">(szczeg\u00f3\u0142y)<\/a><\/p>\n<p style=\"text-align: left;\">W dniu<strong>\u00a024.04.2019<\/strong>\u00a0na Organizacje Po\u017cytku Publicznego przelano \u0142\u0105cznie<strong>\u00a03444 z\u0142\u00a0<\/strong><a href=\"https:\/\/ekoporty.szczecin.pl\/?page_id=20554&amp;preview=true\">(szczeg\u00f3\u0142y)<\/a><\/p>\n<p style=\"text-align: left;\">W dniu<strong>\u00a010.04.2019<\/strong>\u00a0na Organizacje Po\u017cytku Publicznego przelano \u0142\u0105cznie<strong>\u00a03127 z\u0142\u00a0<\/strong><a href=\"https:\/\/ekoporty.szczecin.pl\/?page_id=20157&amp;preview=true\">(szczeg\u00f3\u0142y)<\/a><\/p>\n<p style=\"text-align: left;\">W dniu<strong>\u00a027.03.2019<\/strong>\u00a0na Organizacje Po\u017cytku Publicznego przelano \u0142\u0105cznie<strong>\u00a02810 z\u0142\u00a0<\/strong><a href=\"https:\/\/ekoporty.szczecin.pl\/?page_id=19476&amp;preview=true\">(szczeg\u00f3\u0142y)<\/a><\/p>\n<p style=\"text-align: left;\">W dniu<strong>\u00a013.03.2019<\/strong>\u00a0na Organizacje Po\u017cytku Publicznego przelano \u0142\u0105cznie<strong>\u00a03688 z\u0142\u00a0<\/strong><a href=\"https:\/\/ekoporty.szczecin.pl\/?page_id=18815\">(szczeg\u00f3\u0142y)<\/a><\/p>\n<p style=\"text-align: left;\">W dniu<strong>\u00a027.02.2019<\/strong>\u00a0na Organizacje Po\u017cytku Publicznego przelano \u0142\u0105cznie<strong>\u00a03332 z\u0142\u00a0<\/strong><a href=\"https:\/\/ekoporty.szczecin.pl\/?page_id=17945&amp;preview=true\">(szczeg\u00f3\u0142y)<\/a><\/p>\n<p style=\"text-align: left;\">W dniu<strong>\u00a013.02.2019<\/strong>\u00a0na Organizacje Po\u017cytku Publicznego przelano \u0142\u0105cznie<strong>\u00a03402 z\u0142\u00a0<\/strong><a href=\"https:\/\/ekoporty.szczecin.pl\/?page_id=17332\">(szczeg\u00f3\u0142y)<\/a><\/p>\n<p style=\"text-align: left;\">W dniu<strong>\u00a030.01.2019<\/strong>\u00a0na Organizacje Po\u017cytku Publicznego przelano \u0142\u0105cznie<strong>\u00a05714 z\u0142\u00a0<\/strong><a href=\"https:\/\/ekoporty.szczecin.pl\/?page_id=16698\">(szczeg\u00f3\u0142y)<\/a><\/p>\n","protected":false},"excerpt":{"rendered":"<p>\u0141\u0105cznie 65\u00a0954 z\u0142 W dniu\u00a011.12.2019\u00a0na Organizacje Po\u017cytku Publicznego przelano \u0142\u0105cznie\u00a04739 z\u0142\u00a0(szczeg\u00f3\u0142y) W dniu\u00a013.11.2019\u00a0na Organizacje Po\u017cytku Publicznego przelano \u0142\u0105cznie\u00a07413 z\u0142\u00a0(szczeg\u00f3\u0142y) W dniu\u00a016.10.2019\u00a0na Organizacje Po\u017cytku Publicznego przelano \u0142\u0105cznie\u00a06713 z\u0142\u00a0(szczeg\u00f3\u0142y) W dniu\u00a018.09.2019\u00a0na Organizacje Po\u017cytku Publicznego przelano \u0142\u0105cznie\u00a07776 z\u0142\u00a0(szczeg\u00f3\u0142y) W dniu\u00a026.06.2019\u00a0na Organizacje Po\u017cytku Publicznego przelano \u0142\u0105cznie\u00a03938 z\u0142\u00a0(szczeg\u00f3\u0142y) W dniu\u00a012.06.2019\u00a0na Organizacje Po\u017cytku Publicznego przelano \u0142\u0105cznie\u00a02510 z\u0142\u00a0(szczeg\u00f3\u0142y) W dniu\u00a029.05.2019\u00a0na Organizacje Po\u017cytku &hellip; <a href=\"https:\/\/ekoporty.szczecin.pl\/?page_id=24688\" class=\"more-link\">Czytaj dalej <span class=\"screen-reader-text\">2019 wp\u0142aty<\/span><\/a><\/p>\n","protected":false},"author":7,"featured_media":0,"parent":0,"menu_order":0,"comment_status":"closed","ping_status":"closed","template":"","meta":{"footnotes":""},"class_list":["post-24688","page","type-page","status-publish","hentry"],"yoast_head":"<!-- This site is optimized with the Yoast SEO plugin v27.6 - https:\/\/yoast.com\/product\/yoast-seo-wordpress\/ -->\n<title>2019 wp\u0142aty &#171; EKOPORTY SZCZECIN<\/title>\n<meta name=\"robots\" content=\"index, follow, max-snippet:-1, max-image-preview:large, max-video-preview:-1\" \/>\n<link rel=\"canonical\" href=\"https:\/\/ekoporty.szczecin.pl\/?page_id=24688\" \/>\n<meta property=\"og:locale\" content=\"pl_PL\" \/>\n<meta property=\"og:type\" content=\"article\" \/>\n<meta property=\"og:title\" content=\"2019 wp\u0142aty &#171; EKOPORTY SZCZECIN\" \/>\n<meta property=\"og:description\" content=\"\u0141\u0105cznie 65\u00a0954 z\u0142 W dniu\u00a011.12.2019\u00a0na Organizacje Po\u017cytku Publicznego przelano \u0142\u0105cznie\u00a04739 z\u0142\u00a0(szczeg\u00f3\u0142y) W dniu\u00a013.11.2019\u00a0na Organizacje Po\u017cytku Publicznego przelano \u0142\u0105cznie\u00a07413 z\u0142\u00a0(szczeg\u00f3\u0142y) W dniu\u00a016.10.2019\u00a0na Organizacje Po\u017cytku Publicznego przelano \u0142\u0105cznie\u00a06713 z\u0142\u00a0(szczeg\u00f3\u0142y) W dniu\u00a018.09.2019\u00a0na Organizacje Po\u017cytku Publicznego przelano \u0142\u0105cznie\u00a07776 z\u0142\u00a0(szczeg\u00f3\u0142y) W dniu\u00a026.06.2019\u00a0na Organizacje Po\u017cytku Publicznego przelano \u0142\u0105cznie\u00a03938 z\u0142\u00a0(szczeg\u00f3\u0142y) W dniu\u00a012.06.2019\u00a0na Organizacje Po\u017cytku Publicznego przelano \u0142\u0105cznie\u00a02510 z\u0142\u00a0(szczeg\u00f3\u0142y) W dniu\u00a029.05.2019\u00a0na Organizacje Po\u017cytku &hellip; Czytaj dalej 2019 wp\u0142aty\" \/>\n<meta property=\"og:url\" content=\"https:\/\/ekoporty.szczecin.pl\/?page_id=24688\" \/>\n<meta property=\"og:site_name\" content=\"EKOPORTY SZCZECIN\" \/>\n<meta name=\"twitter:card\" content=\"summary_large_image\" \/>\n<meta name=\"twitter:label1\" content=\"Szacowany czas czytania\" \/>\n\t<meta name=\"twitter:data1\" content=\"1 minuta\" \/>\n<script type=\"application\/ld+json\" class=\"yoast-schema-graph\">{\"@context\":\"https:\\\/\\\/schema.org\",\"@graph\":[{\"@type\":\"WebPage\",\"@id\":\"https:\\\/\\\/ekoporty.szczecin.pl\\\/?page_id=24688\",\"url\":\"https:\\\/\\\/ekoporty.szczecin.pl\\\/?page_id=24688\",\"name\":\"2019 wp\u0142aty &#171; EKOPORTY SZCZECIN\",\"isPartOf\":{\"@id\":\"https:\\\/\\\/ekoporty.szczecin.pl\\\/#website\"},\"datePublished\":\"2019-12-27T07:10:50+00:00\",\"breadcrumb\":{\"@id\":\"https:\\\/\\\/ekoporty.szczecin.pl\\\/?page_id=24688#breadcrumb\"},\"inLanguage\":\"pl-PL\",\"potentialAction\":[{\"@type\":\"ReadAction\",\"target\":[\"https:\\\/\\\/ekoporty.szczecin.pl\\\/?page_id=24688\"]}]},{\"@type\":\"BreadcrumbList\",\"@id\":\"https:\\\/\\\/ekoporty.szczecin.pl\\\/?page_id=24688#breadcrumb\",\"itemListElement\":[{\"@type\":\"ListItem\",\"position\":1,\"name\":\"Strona g\u0142\u00f3wna\",\"item\":\"https:\\\/\\\/ekoporty.szczecin.pl\\\/\"},{\"@type\":\"ListItem\",\"position\":2,\"name\":\"2019 wp\u0142aty\"}]},{\"@type\":\"WebSite\",\"@id\":\"https:\\\/\\\/ekoporty.szczecin.pl\\\/#website\",\"url\":\"https:\\\/\\\/ekoporty.szczecin.pl\\\/\",\"name\":\"Ekoporty\",\"description\":\"ZUK Szczecin - Punkty Selektywnej Zbi\u00f3rki Odpad\u00f3w Komunalnych - Zapraszamy\",\"publisher\":{\"@id\":\"https:\\\/\\\/ekoporty.szczecin.pl\\\/#organization\"},\"potentialAction\":[{\"@type\":\"SearchAction\",\"target\":{\"@type\":\"EntryPoint\",\"urlTemplate\":\"https:\\\/\\\/ekoporty.szczecin.pl\\\/?s={search_term_string}\"},\"query-input\":{\"@type\":\"PropertyValueSpecification\",\"valueRequired\":true,\"valueName\":\"search_term_string\"}}],\"inLanguage\":\"pl-PL\"},{\"@type\":\"Organization\",\"@id\":\"https:\\\/\\\/ekoporty.szczecin.pl\\\/#organization\",\"name\":\"Zak\u0142ad Us\u0142ug Komunalnych Szczecin\",\"url\":\"https:\\\/\\\/ekoporty.szczecin.pl\\\/\",\"logo\":{\"@type\":\"ImageObject\",\"inLanguage\":\"pl-PL\",\"@id\":\"https:\\\/\\\/ekoporty.szczecin.pl\\\/#\\\/schema\\\/logo\\\/image\\\/\",\"url\":\"http:\\\/\\\/ekoporty.szczecin.pl\\\/wp-content\\\/uploads\\\/2018\\\/03\\\/logo5.jpg\",\"contentUrl\":\"http:\\\/\\\/ekoporty.szczecin.pl\\\/wp-content\\\/uploads\\\/2018\\\/03\\\/logo5.jpg\",\"width\":260,\"height\":66,\"caption\":\"Zak\u0142ad Us\u0142ug Komunalnych Szczecin\"},\"image\":{\"@id\":\"https:\\\/\\\/ekoporty.szczecin.pl\\\/#\\\/schema\\\/logo\\\/image\\\/\"}}]}<\/script>\n<!-- \/ Yoast SEO plugin. -->","yoast_head_json":{"title":"2019 wp\u0142aty &#171; EKOPORTY SZCZECIN","robots":{"index":"index","follow":"follow","max-snippet":"max-snippet:-1","max-image-preview":"max-image-preview:large","max-video-preview":"max-video-preview:-1"},"canonical":"https:\/\/ekoporty.szczecin.pl\/?page_id=24688","og_locale":"pl_PL","og_type":"article","og_title":"2019 wp\u0142aty &#171; EKOPORTY SZCZECIN","og_description":"\u0141\u0105cznie 65\u00a0954 z\u0142 W dniu\u00a011.12.2019\u00a0na Organizacje Po\u017cytku Publicznego przelano \u0142\u0105cznie\u00a04739 z\u0142\u00a0(szczeg\u00f3\u0142y) W dniu\u00a013.11.2019\u00a0na Organizacje Po\u017cytku Publicznego przelano \u0142\u0105cznie\u00a07413 z\u0142\u00a0(szczeg\u00f3\u0142y) W dniu\u00a016.10.2019\u00a0na Organizacje Po\u017cytku Publicznego przelano \u0142\u0105cznie\u00a06713 z\u0142\u00a0(szczeg\u00f3\u0142y) W dniu\u00a018.09.2019\u00a0na Organizacje Po\u017cytku Publicznego przelano \u0142\u0105cznie\u00a07776 z\u0142\u00a0(szczeg\u00f3\u0142y) W dniu\u00a026.06.2019\u00a0na Organizacje Po\u017cytku Publicznego przelano \u0142\u0105cznie\u00a03938 z\u0142\u00a0(szczeg\u00f3\u0142y) W dniu\u00a012.06.2019\u00a0na Organizacje Po\u017cytku Publicznego przelano \u0142\u0105cznie\u00a02510 z\u0142\u00a0(szczeg\u00f3\u0142y) W dniu\u00a029.05.2019\u00a0na Organizacje Po\u017cytku &hellip; Czytaj dalej 2019 wp\u0142aty","og_url":"https:\/\/ekoporty.szczecin.pl\/?page_id=24688","og_site_name":"EKOPORTY SZCZECIN","twitter_card":"summary_large_image","twitter_misc":{"Szacowany czas czytania":"1 minuta"},"schema":{"@context":"https:\/\/schema.org","@graph":[{"@type":"WebPage","@id":"https:\/\/ekoporty.szczecin.pl\/?page_id=24688","url":"https:\/\/ekoporty.szczecin.pl\/?page_id=24688","name":"2019 wp\u0142aty &#171; EKOPORTY SZCZECIN","isPartOf":{"@id":"https:\/\/ekoporty.szczecin.pl\/#website"},"datePublished":"2019-12-27T07:10:50+00:00","breadcrumb":{"@id":"https:\/\/ekoporty.szczecin.pl\/?page_id=24688#breadcrumb"},"inLanguage":"pl-PL","potentialAction":[{"@type":"ReadAction","target":["https:\/\/ekoporty.szczecin.pl\/?page_id=24688"]}]},{"@type":"BreadcrumbList","@id":"https:\/\/ekoporty.szczecin.pl\/?page_id=24688#breadcrumb","itemListElement":[{"@type":"ListItem","position":1,"name":"Strona g\u0142\u00f3wna","item":"https:\/\/ekoporty.szczecin.pl\/"},{"@type":"ListItem","position":2,"name":"2019 wp\u0142aty"}]},{"@type":"WebSite","@id":"https:\/\/ekoporty.szczecin.pl\/#website","url":"https:\/\/ekoporty.szczecin.pl\/","name":"Ekoporty","description":"ZUK Szczecin - Punkty Selektywnej Zbi\u00f3rki Odpad\u00f3w Komunalnych - Zapraszamy","publisher":{"@id":"https:\/\/ekoporty.szczecin.pl\/#organization"},"potentialAction":[{"@type":"SearchAction","target":{"@type":"EntryPoint","urlTemplate":"https:\/\/ekoporty.szczecin.pl\/?s={search_term_string}"},"query-input":{"@type":"PropertyValueSpecification","valueRequired":true,"valueName":"search_term_string"}}],"inLanguage":"pl-PL"},{"@type":"Organization","@id":"https:\/\/ekoporty.szczecin.pl\/#organization","name":"Zak\u0142ad Us\u0142ug Komunalnych Szczecin","url":"https:\/\/ekoporty.szczecin.pl\/","logo":{"@type":"ImageObject","inLanguage":"pl-PL","@id":"https:\/\/ekoporty.szczecin.pl\/#\/schema\/logo\/image\/","url":"http:\/\/ekoporty.szczecin.pl\/wp-content\/uploads\/2018\/03\/logo5.jpg","contentUrl":"http:\/\/ekoporty.szczecin.pl\/wp-content\/uploads\/2018\/03\/logo5.jpg","width":260,"height":66,"caption":"Zak\u0142ad Us\u0142ug Komunalnych Szczecin"},"image":{"@id":"https:\/\/ekoporty.szczecin.pl\/#\/schema\/logo\/image\/"}}]}},"jetpack_sharing_enabled":true,"jetpack_shortlink":"https:\/\/wp.me\/P8ZWwp-6qc","_links":{"self":[{"href":"https:\/\/ekoporty.szczecin.pl\/index.php?rest_route=\/wp\/v2\/pages\/24688","targetHints":{"allow":["GET"]}}],"collection":[{"href":"https:\/\/ekoporty.szczecin.pl\/index.php?rest_route=\/wp\/v2\/pages"}],"about":[{"href":"https:\/\/ekoporty.szczecin.pl\/index.php?rest_route=\/wp\/v2\/types\/page"}],"author":[{"embeddable":true,"href":"https:\/\/ekoporty.szczecin.pl\/index.php?rest_route=\/wp\/v2\/users\/7"}],"replies":[{"embeddable":true,"href":"https:\/\/ekoporty.szczecin.pl\/index.php?rest_route=%2Fwp%2Fv2%2Fcomments&post=24688"}],"version-history":[{"count":1,"href":"https:\/\/ekoporty.szczecin.pl\/index.php?rest_route=\/wp\/v2\/pages\/24688\/revisions"}],"predecessor-version":[{"id":24689,"href":"https:\/\/ekoporty.szczecin.pl\/index.php?rest_route=\/wp\/v2\/pages\/24688\/revisions\/24689"}],"wp:attachment":[{"href":"https:\/\/ekoporty.szczecin.pl\/index.php?rest_route=%2Fwp%2Fv2%2Fmedia&parent=24688"}],"curies":[{"name":"wp","href":"https:\/\/api.w.org\/{rel}","templated":true}]}}