{"id":28011,"date":"2021-04-28T09:18:28","date_gmt":"2021-04-28T07:18:28","guid":{"rendered":"http:\/\/ekoporty.szczecin.pl\/?page_id=28011"},"modified":"2021-04-28T09:18:28","modified_gmt":"2021-04-28T07:18:28","slug":"wykaz-pozyskanych-darowizn-z-dn-09-03-2021","status":"publish","type":"page","link":"https:\/\/ekoporty.szczecin.pl\/?page_id=28011","title":{"rendered":"Wykaz pozyskanych darowizn z dn. 09.03.2021"},"content":{"rendered":"<p style=\"text-align: center;\"><strong><span style=\"color: #000000;\">FUNDACJA ZACHODNIOPOMORSKIE HOSPICJUM DLA DZIECI I DOROS\u0141YCH<\/span> \u2013\u00a0<span style=\"color: #ff0000;\">220 z\u0142<\/span><\/strong><\/p>\n<p style=\"text-align: center;\"><strong><span style=\"color: #000000;\">STOWARZYSZENIE RODZIC\u00d3W DZIECI CHORYCH NA BIA\u0141ACZK\u0118 I INNE CHOROBY NOWOTWOROWE<\/span> \u2013 <span style=\"color: #ff0000;\">50 z\u0142<\/span><\/strong><\/p>\n<p style=\"text-align: center;\"><span style=\"color: #000000;\"><strong>FU<\/strong><\/span><strong><span style=\"color: #000000;\">NDACJA \u201eDOM HOSPICYJNY\u201d \u2013 HOSPICJUM \u015aW. JANA EWANGELISTY W SZCZECINIE<\/span> \u2013\u00a0<span style=\"color: #ff0000;\">61 z\u0142<\/span><\/strong><\/p>\n<p style=\"text-align: center;\"><strong>INNE ORGANIZACJE PO\u017bYTKU PUBLICZNEGO NIEWSP\u00d3\u0141PRACUJ\u0104CE Z GALERI\u0104 SZPARGA\u0141EK \u2013 <span style=\"color: #ff0000;\">88 z\u0142<\/span><\/strong><\/p>\n","protected":false},"excerpt":{"rendered":"<p>FUNDACJA ZACHODNIOPOMORSKIE HOSPICJUM DLA DZIECI I DOROS\u0141YCH \u2013\u00a0220 z\u0142 STOWARZYSZENIE RODZIC\u00d3W DZIECI CHORYCH NA BIA\u0141ACZK\u0118 I INNE CHOROBY NOWOTWOROWE \u2013 50 z\u0142 FUNDACJA \u201eDOM HOSPICYJNY\u201d \u2013 HOSPICJUM \u015aW. JANA EWANGELISTY W SZCZECINIE \u2013\u00a061 z\u0142 INNE ORGANIZACJE PO\u017bYTKU PUBLICZNEGO NIEWSP\u00d3\u0141PRACUJ\u0104CE Z GALERI\u0104 SZPARGA\u0141EK \u2013 88 z\u0142<\/p>\n","protected":false},"author":7,"featured_media":0,"parent":0,"menu_order":0,"comment_status":"closed","ping_status":"closed","template":"","meta":{"footnotes":""},"class_list":["post-28011","page","type-page","status-publish","hentry"],"yoast_head":"<!-- This site is optimized with the Yoast SEO plugin v27.4 - https:\/\/yoast.com\/product\/yoast-seo-wordpress\/ -->\n<title>Wykaz pozyskanych darowizn z dn. 09.03.2021 &#171; EKOPORTY SZCZECIN<\/title>\n<meta name=\"robots\" content=\"index, follow, max-snippet:-1, max-image-preview:large, max-video-preview:-1\" \/>\n<link rel=\"canonical\" href=\"https:\/\/ekoporty.szczecin.pl\/?page_id=28011\" \/>\n<meta property=\"og:locale\" content=\"pl_PL\" \/>\n<meta property=\"og:type\" content=\"article\" \/>\n<meta property=\"og:title\" content=\"Wykaz pozyskanych darowizn z dn. 09.03.2021 &#171; EKOPORTY SZCZECIN\" \/>\n<meta property=\"og:description\" content=\"FUNDACJA ZACHODNIOPOMORSKIE HOSPICJUM DLA DZIECI I DOROS\u0141YCH \u2013\u00a0220 z\u0142 STOWARZYSZENIE RODZIC\u00d3W DZIECI CHORYCH NA BIA\u0141ACZK\u0118 I INNE CHOROBY NOWOTWOROWE \u2013 50 z\u0142 FUNDACJA \u201eDOM HOSPICYJNY\u201d \u2013 HOSPICJUM \u015aW. JANA EWANGELISTY W SZCZECINIE \u2013\u00a061 z\u0142 INNE ORGANIZACJE PO\u017bYTKU PUBLICZNEGO NIEWSP\u00d3\u0141PRACUJ\u0104CE Z GALERI\u0104 SZPARGA\u0141EK \u2013 88 z\u0142\" \/>\n<meta property=\"og:url\" content=\"https:\/\/ekoporty.szczecin.pl\/?page_id=28011\" \/>\n<meta property=\"og:site_name\" content=\"EKOPORTY SZCZECIN\" \/>\n<meta name=\"twitter:card\" content=\"summary_large_image\" \/>\n<script type=\"application\/ld+json\" class=\"yoast-schema-graph\">{\"@context\":\"https:\\\/\\\/schema.org\",\"@graph\":[{\"@type\":\"WebPage\",\"@id\":\"https:\\\/\\\/ekoporty.szczecin.pl\\\/?page_id=28011\",\"url\":\"https:\\\/\\\/ekoporty.szczecin.pl\\\/?page_id=28011\",\"name\":\"Wykaz pozyskanych darowizn z dn. 09.03.2021 &#171; EKOPORTY SZCZECIN\",\"isPartOf\":{\"@id\":\"https:\\\/\\\/ekoporty.szczecin.pl\\\/#website\"},\"datePublished\":\"2021-04-28T07:18:28+00:00\",\"breadcrumb\":{\"@id\":\"https:\\\/\\\/ekoporty.szczecin.pl\\\/?page_id=28011#breadcrumb\"},\"inLanguage\":\"pl-PL\",\"potentialAction\":[{\"@type\":\"ReadAction\",\"target\":[\"https:\\\/\\\/ekoporty.szczecin.pl\\\/?page_id=28011\"]}]},{\"@type\":\"BreadcrumbList\",\"@id\":\"https:\\\/\\\/ekoporty.szczecin.pl\\\/?page_id=28011#breadcrumb\",\"itemListElement\":[{\"@type\":\"ListItem\",\"position\":1,\"name\":\"Strona g\u0142\u00f3wna\",\"item\":\"https:\\\/\\\/ekoporty.szczecin.pl\\\/\"},{\"@type\":\"ListItem\",\"position\":2,\"name\":\"Wykaz pozyskanych darowizn z dn. 09.03.2021\"}]},{\"@type\":\"WebSite\",\"@id\":\"https:\\\/\\\/ekoporty.szczecin.pl\\\/#website\",\"url\":\"https:\\\/\\\/ekoporty.szczecin.pl\\\/\",\"name\":\"Ekoporty\",\"description\":\"ZUK Szczecin - Punkty Selektywnej Zbi\u00f3rki Odpad\u00f3w Komunalnych - Zapraszamy\",\"publisher\":{\"@id\":\"https:\\\/\\\/ekoporty.szczecin.pl\\\/#organization\"},\"potentialAction\":[{\"@type\":\"SearchAction\",\"target\":{\"@type\":\"EntryPoint\",\"urlTemplate\":\"https:\\\/\\\/ekoporty.szczecin.pl\\\/?s={search_term_string}\"},\"query-input\":{\"@type\":\"PropertyValueSpecification\",\"valueRequired\":true,\"valueName\":\"search_term_string\"}}],\"inLanguage\":\"pl-PL\"},{\"@type\":\"Organization\",\"@id\":\"https:\\\/\\\/ekoporty.szczecin.pl\\\/#organization\",\"name\":\"Zak\u0142ad Us\u0142ug Komunalnych Szczecin\",\"url\":\"https:\\\/\\\/ekoporty.szczecin.pl\\\/\",\"logo\":{\"@type\":\"ImageObject\",\"inLanguage\":\"pl-PL\",\"@id\":\"https:\\\/\\\/ekoporty.szczecin.pl\\\/#\\\/schema\\\/logo\\\/image\\\/\",\"url\":\"http:\\\/\\\/ekoporty.szczecin.pl\\\/wp-content\\\/uploads\\\/2018\\\/03\\\/logo5.jpg\",\"contentUrl\":\"http:\\\/\\\/ekoporty.szczecin.pl\\\/wp-content\\\/uploads\\\/2018\\\/03\\\/logo5.jpg\",\"width\":260,\"height\":66,\"caption\":\"Zak\u0142ad Us\u0142ug Komunalnych Szczecin\"},\"image\":{\"@id\":\"https:\\\/\\\/ekoporty.szczecin.pl\\\/#\\\/schema\\\/logo\\\/image\\\/\"}}]}<\/script>\n<!-- \/ Yoast SEO plugin. -->","yoast_head_json":{"title":"Wykaz pozyskanych darowizn z dn. 09.03.2021 &#171; EKOPORTY SZCZECIN","robots":{"index":"index","follow":"follow","max-snippet":"max-snippet:-1","max-image-preview":"max-image-preview:large","max-video-preview":"max-video-preview:-1"},"canonical":"https:\/\/ekoporty.szczecin.pl\/?page_id=28011","og_locale":"pl_PL","og_type":"article","og_title":"Wykaz pozyskanych darowizn z dn. 09.03.2021 &#171; EKOPORTY SZCZECIN","og_description":"FUNDACJA ZACHODNIOPOMORSKIE HOSPICJUM DLA DZIECI I DOROS\u0141YCH \u2013\u00a0220 z\u0142 STOWARZYSZENIE RODZIC\u00d3W DZIECI CHORYCH NA BIA\u0141ACZK\u0118 I INNE CHOROBY NOWOTWOROWE \u2013 50 z\u0142 FUNDACJA \u201eDOM HOSPICYJNY\u201d \u2013 HOSPICJUM \u015aW. JANA EWANGELISTY W SZCZECINIE \u2013\u00a061 z\u0142 INNE ORGANIZACJE PO\u017bYTKU PUBLICZNEGO NIEWSP\u00d3\u0141PRACUJ\u0104CE Z GALERI\u0104 SZPARGA\u0141EK \u2013 88 z\u0142","og_url":"https:\/\/ekoporty.szczecin.pl\/?page_id=28011","og_site_name":"EKOPORTY SZCZECIN","twitter_card":"summary_large_image","schema":{"@context":"https:\/\/schema.org","@graph":[{"@type":"WebPage","@id":"https:\/\/ekoporty.szczecin.pl\/?page_id=28011","url":"https:\/\/ekoporty.szczecin.pl\/?page_id=28011","name":"Wykaz pozyskanych darowizn z dn. 09.03.2021 &#171; EKOPORTY SZCZECIN","isPartOf":{"@id":"https:\/\/ekoporty.szczecin.pl\/#website"},"datePublished":"2021-04-28T07:18:28+00:00","breadcrumb":{"@id":"https:\/\/ekoporty.szczecin.pl\/?page_id=28011#breadcrumb"},"inLanguage":"pl-PL","potentialAction":[{"@type":"ReadAction","target":["https:\/\/ekoporty.szczecin.pl\/?page_id=28011"]}]},{"@type":"BreadcrumbList","@id":"https:\/\/ekoporty.szczecin.pl\/?page_id=28011#breadcrumb","itemListElement":[{"@type":"ListItem","position":1,"name":"Strona g\u0142\u00f3wna","item":"https:\/\/ekoporty.szczecin.pl\/"},{"@type":"ListItem","position":2,"name":"Wykaz pozyskanych darowizn z dn. 09.03.2021"}]},{"@type":"WebSite","@id":"https:\/\/ekoporty.szczecin.pl\/#website","url":"https:\/\/ekoporty.szczecin.pl\/","name":"Ekoporty","description":"ZUK Szczecin - Punkty Selektywnej Zbi\u00f3rki Odpad\u00f3w Komunalnych - Zapraszamy","publisher":{"@id":"https:\/\/ekoporty.szczecin.pl\/#organization"},"potentialAction":[{"@type":"SearchAction","target":{"@type":"EntryPoint","urlTemplate":"https:\/\/ekoporty.szczecin.pl\/?s={search_term_string}"},"query-input":{"@type":"PropertyValueSpecification","valueRequired":true,"valueName":"search_term_string"}}],"inLanguage":"pl-PL"},{"@type":"Organization","@id":"https:\/\/ekoporty.szczecin.pl\/#organization","name":"Zak\u0142ad Us\u0142ug Komunalnych Szczecin","url":"https:\/\/ekoporty.szczecin.pl\/","logo":{"@type":"ImageObject","inLanguage":"pl-PL","@id":"https:\/\/ekoporty.szczecin.pl\/#\/schema\/logo\/image\/","url":"http:\/\/ekoporty.szczecin.pl\/wp-content\/uploads\/2018\/03\/logo5.jpg","contentUrl":"http:\/\/ekoporty.szczecin.pl\/wp-content\/uploads\/2018\/03\/logo5.jpg","width":260,"height":66,"caption":"Zak\u0142ad Us\u0142ug Komunalnych Szczecin"},"image":{"@id":"https:\/\/ekoporty.szczecin.pl\/#\/schema\/logo\/image\/"}}]}},"jetpack_sharing_enabled":true,"jetpack_shortlink":"https:\/\/wp.me\/P8ZWwp-7hN","_links":{"self":[{"href":"https:\/\/ekoporty.szczecin.pl\/index.php?rest_route=\/wp\/v2\/pages\/28011","targetHints":{"allow":["GET"]}}],"collection":[{"href":"https:\/\/ekoporty.szczecin.pl\/index.php?rest_route=\/wp\/v2\/pages"}],"about":[{"href":"https:\/\/ekoporty.szczecin.pl\/index.php?rest_route=\/wp\/v2\/types\/page"}],"author":[{"embeddable":true,"href":"https:\/\/ekoporty.szczecin.pl\/index.php?rest_route=\/wp\/v2\/users\/7"}],"replies":[{"embeddable":true,"href":"https:\/\/ekoporty.szczecin.pl\/index.php?rest_route=%2Fwp%2Fv2%2Fcomments&post=28011"}],"version-history":[{"count":1,"href":"https:\/\/ekoporty.szczecin.pl\/index.php?rest_route=\/wp\/v2\/pages\/28011\/revisions"}],"predecessor-version":[{"id":28012,"href":"https:\/\/ekoporty.szczecin.pl\/index.php?rest_route=\/wp\/v2\/pages\/28011\/revisions\/28012"}],"wp:attachment":[{"href":"https:\/\/ekoporty.szczecin.pl\/index.php?rest_route=%2Fwp%2Fv2%2Fmedia&parent=28011"}],"curies":[{"name":"wp","href":"https:\/\/api.w.org\/{rel}","templated":true}]}}