{"id":28324,"date":"2021-05-31T11:40:58","date_gmt":"2021-05-31T09:40:58","guid":{"rendered":"http:\/\/ekoporty.szczecin.pl\/?page_id=28324"},"modified":"2021-05-31T11:40:58","modified_gmt":"2021-05-31T09:40:58","slug":"galeria-szpargalek-01-06-2021","status":"publish","type":"page","link":"https:\/\/ekoporty.szczecin.pl\/?page_id=28324","title":{"rendered":"Galeria Szparga\u0142ek 01.06.2021"},"content":{"rendered":"<h2 class=\"entry-title\"><strong>Przypominamy \u017ce Galeria Szparga\u0142ek dzia\u0142a obecnie na odmiennych zasadach. Aby nas odwiedzi\u0107 uprzednio nale\u017cy um\u00f3wi\u0107 wizyt\u0119 telefoniczne 510-647-839 (nast\u0119pne zapisy ruszaj\u0105 20.05.2021). Zapraszamy do galerii zdj\u0119c:<\/strong><\/h2>\n<p><!--more--><\/p>\n<p><img loading=\"lazy\" decoding=\"async\" class=\"aligncenter size-full wp-image-28325\" src=\"https:\/\/ekoporty.szczecin.pl\/wp-content\/uploads\/2021\/05\/IMG_3714_1600x1200.jpg\" alt=\"\" width=\"1600\" height=\"1200\" srcset=\"https:\/\/ekoporty.szczecin.pl\/wp-content\/uploads\/2021\/05\/IMG_3714_1600x1200.jpg 1600w, https:\/\/ekoporty.szczecin.pl\/wp-content\/uploads\/2021\/05\/IMG_3714_1600x1200-300x225.jpg 300w, https:\/\/ekoporty.szczecin.pl\/wp-content\/uploads\/2021\/05\/IMG_3714_1600x1200-1024x768.jpg 1024w, https:\/\/ekoporty.szczecin.pl\/wp-content\/uploads\/2021\/05\/IMG_3714_1600x1200-768x576.jpg 768w, https:\/\/ekoporty.szczecin.pl\/wp-content\/uploads\/2021\/05\/IMG_3714_1600x1200-1536x1152.jpg 1536w, https:\/\/ekoporty.szczecin.pl\/wp-content\/uploads\/2021\/05\/IMG_3714_1600x1200-600x450.jpg 600w, https:\/\/ekoporty.szczecin.pl\/wp-content\/uploads\/2021\/05\/IMG_3714_1600x1200-213x160.jpg 213w\" sizes=\"auto, (max-width: 1600px) 100vw, 1600px\" \/> <img loading=\"lazy\" decoding=\"async\" class=\"aligncenter size-full wp-image-28326\" src=\"https:\/\/ekoporty.szczecin.pl\/wp-content\/uploads\/2021\/05\/IMG_3715_1600x1200.jpg\" alt=\"\" width=\"1600\" height=\"1200\" srcset=\"https:\/\/ekoporty.szczecin.pl\/wp-content\/uploads\/2021\/05\/IMG_3715_1600x1200.jpg 1600w, https:\/\/ekoporty.szczecin.pl\/wp-content\/uploads\/2021\/05\/IMG_3715_1600x1200-300x225.jpg 300w, https:\/\/ekoporty.szczecin.pl\/wp-content\/uploads\/2021\/05\/IMG_3715_1600x1200-1024x768.jpg 1024w, https:\/\/ekoporty.szczecin.pl\/wp-content\/uploads\/2021\/05\/IMG_3715_1600x1200-768x576.jpg 768w, https:\/\/ekoporty.szczecin.pl\/wp-content\/uploads\/2021\/05\/IMG_3715_1600x1200-1536x1152.jpg 1536w, https:\/\/ekoporty.szczecin.pl\/wp-content\/uploads\/2021\/05\/IMG_3715_1600x1200-600x450.jpg 600w, https:\/\/ekoporty.szczecin.pl\/wp-content\/uploads\/2021\/05\/IMG_3715_1600x1200-213x160.jpg 213w\" sizes=\"auto, (max-width: 1600px) 100vw, 1600px\" \/> <img loading=\"lazy\" decoding=\"async\" class=\"aligncenter size-full wp-image-28327\" src=\"https:\/\/ekoporty.szczecin.pl\/wp-content\/uploads\/2021\/05\/IMG_3716_1600x1200.jpg\" alt=\"\" width=\"1600\" height=\"1200\" srcset=\"https:\/\/ekoporty.szczecin.pl\/wp-content\/uploads\/2021\/05\/IMG_3716_1600x1200.jpg 1600w, https:\/\/ekoporty.szczecin.pl\/wp-content\/uploads\/2021\/05\/IMG_3716_1600x1200-300x225.jpg 300w, https:\/\/ekoporty.szczecin.pl\/wp-content\/uploads\/2021\/05\/IMG_3716_1600x1200-1024x768.jpg 1024w, https:\/\/ekoporty.szczecin.pl\/wp-content\/uploads\/2021\/05\/IMG_3716_1600x1200-768x576.jpg 768w, https:\/\/ekoporty.szczecin.pl\/wp-content\/uploads\/2021\/05\/IMG_3716_1600x1200-1536x1152.jpg 1536w, https:\/\/ekoporty.szczecin.pl\/wp-content\/uploads\/2021\/05\/IMG_3716_1600x1200-600x450.jpg 600w, https:\/\/ekoporty.szczecin.pl\/wp-content\/uploads\/2021\/05\/IMG_3716_1600x1200-213x160.jpg 213w\" sizes=\"auto, (max-width: 1600px) 100vw, 1600px\" \/> <img loading=\"lazy\" decoding=\"async\" class=\"aligncenter size-full wp-image-28328\" src=\"https:\/\/ekoporty.szczecin.pl\/wp-content\/uploads\/2021\/05\/IMG_3717_1600x1200.jpg\" alt=\"\" width=\"1600\" height=\"1200\" srcset=\"https:\/\/ekoporty.szczecin.pl\/wp-content\/uploads\/2021\/05\/IMG_3717_1600x1200.jpg 1600w, https:\/\/ekoporty.szczecin.pl\/wp-content\/uploads\/2021\/05\/IMG_3717_1600x1200-300x225.jpg 300w, https:\/\/ekoporty.szczecin.pl\/wp-content\/uploads\/2021\/05\/IMG_3717_1600x1200-1024x768.jpg 1024w, https:\/\/ekoporty.szczecin.pl\/wp-content\/uploads\/2021\/05\/IMG_3717_1600x1200-768x576.jpg 768w, https:\/\/ekoporty.szczecin.pl\/wp-content\/uploads\/2021\/05\/IMG_3717_1600x1200-1536x1152.jpg 1536w, https:\/\/ekoporty.szczecin.pl\/wp-content\/uploads\/2021\/05\/IMG_3717_1600x1200-600x450.jpg 600w, https:\/\/ekoporty.szczecin.pl\/wp-content\/uploads\/2021\/05\/IMG_3717_1600x1200-213x160.jpg 213w\" sizes=\"auto, (max-width: 1600px) 100vw, 1600px\" \/> <img loading=\"lazy\" decoding=\"async\" class=\"aligncenter size-full wp-image-28329\" src=\"https:\/\/ekoporty.szczecin.pl\/wp-content\/uploads\/2021\/05\/IMG_3718_1600x1200.jpg\" alt=\"\" width=\"1600\" height=\"1200\" srcset=\"https:\/\/ekoporty.szczecin.pl\/wp-content\/uploads\/2021\/05\/IMG_3718_1600x1200.jpg 1600w, https:\/\/ekoporty.szczecin.pl\/wp-content\/uploads\/2021\/05\/IMG_3718_1600x1200-300x225.jpg 300w, https:\/\/ekoporty.szczecin.pl\/wp-content\/uploads\/2021\/05\/IMG_3718_1600x1200-1024x768.jpg 1024w, https:\/\/ekoporty.szczecin.pl\/wp-content\/uploads\/2021\/05\/IMG_3718_1600x1200-768x576.jpg 768w, https:\/\/ekoporty.szczecin.pl\/wp-content\/uploads\/2021\/05\/IMG_3718_1600x1200-1536x1152.jpg 1536w, https:\/\/ekoporty.szczecin.pl\/wp-content\/uploads\/2021\/05\/IMG_3718_1600x1200-600x450.jpg 600w, https:\/\/ekoporty.szczecin.pl\/wp-content\/uploads\/2021\/05\/IMG_3718_1600x1200-213x160.jpg 213w\" sizes=\"auto, (max-width: 1600px) 100vw, 1600px\" \/> <img loading=\"lazy\" decoding=\"async\" class=\"aligncenter size-full wp-image-28330\" src=\"https:\/\/ekoporty.szczecin.pl\/wp-content\/uploads\/2021\/05\/IMG_3719_1600x1200.jpg\" alt=\"\" width=\"1600\" height=\"1200\" srcset=\"https:\/\/ekoporty.szczecin.pl\/wp-content\/uploads\/2021\/05\/IMG_3719_1600x1200.jpg 1600w, https:\/\/ekoporty.szczecin.pl\/wp-content\/uploads\/2021\/05\/IMG_3719_1600x1200-300x225.jpg 300w, https:\/\/ekoporty.szczecin.pl\/wp-content\/uploads\/2021\/05\/IMG_3719_1600x1200-1024x768.jpg 1024w, https:\/\/ekoporty.szczecin.pl\/wp-content\/uploads\/2021\/05\/IMG_3719_1600x1200-768x576.jpg 768w, https:\/\/ekoporty.szczecin.pl\/wp-content\/uploads\/2021\/05\/IMG_3719_1600x1200-1536x1152.jpg 1536w, https:\/\/ekoporty.szczecin.pl\/wp-content\/uploads\/2021\/05\/IMG_3719_1600x1200-600x450.jpg 600w, https:\/\/ekoporty.szczecin.pl\/wp-content\/uploads\/2021\/05\/IMG_3719_1600x1200-213x160.jpg 213w\" sizes=\"auto, (max-width: 1600px) 100vw, 1600px\" \/> <img loading=\"lazy\" decoding=\"async\" class=\"aligncenter size-full wp-image-28331\" src=\"https:\/\/ekoporty.szczecin.pl\/wp-content\/uploads\/2021\/05\/IMG_3720_1600x1200.jpg\" alt=\"\" width=\"1600\" height=\"1200\" srcset=\"https:\/\/ekoporty.szczecin.pl\/wp-content\/uploads\/2021\/05\/IMG_3720_1600x1200.jpg 1600w, https:\/\/ekoporty.szczecin.pl\/wp-content\/uploads\/2021\/05\/IMG_3720_1600x1200-300x225.jpg 300w, https:\/\/ekoporty.szczecin.pl\/wp-content\/uploads\/2021\/05\/IMG_3720_1600x1200-1024x768.jpg 1024w, https:\/\/ekoporty.szczecin.pl\/wp-content\/uploads\/2021\/05\/IMG_3720_1600x1200-768x576.jpg 768w, https:\/\/ekoporty.szczecin.pl\/wp-content\/uploads\/2021\/05\/IMG_3720_1600x1200-1536x1152.jpg 1536w, https:\/\/ekoporty.szczecin.pl\/wp-content\/uploads\/2021\/05\/IMG_3720_1600x1200-600x450.jpg 600w, https:\/\/ekoporty.szczecin.pl\/wp-content\/uploads\/2021\/05\/IMG_3720_1600x1200-213x160.jpg 213w\" sizes=\"auto, (max-width: 1600px) 100vw, 1600px\" \/> <img loading=\"lazy\" decoding=\"async\" class=\"aligncenter size-full wp-image-28332\" src=\"https:\/\/ekoporty.szczecin.pl\/wp-content\/uploads\/2021\/05\/IMG_3721_1600x1200.jpg\" alt=\"\" width=\"1600\" height=\"1200\" srcset=\"https:\/\/ekoporty.szczecin.pl\/wp-content\/uploads\/2021\/05\/IMG_3721_1600x1200.jpg 1600w, https:\/\/ekoporty.szczecin.pl\/wp-content\/uploads\/2021\/05\/IMG_3721_1600x1200-300x225.jpg 300w, https:\/\/ekoporty.szczecin.pl\/wp-content\/uploads\/2021\/05\/IMG_3721_1600x1200-1024x768.jpg 1024w, https:\/\/ekoporty.szczecin.pl\/wp-content\/uploads\/2021\/05\/IMG_3721_1600x1200-768x576.jpg 768w, https:\/\/ekoporty.szczecin.pl\/wp-content\/uploads\/2021\/05\/IMG_3721_1600x1200-1536x1152.jpg 1536w, https:\/\/ekoporty.szczecin.pl\/wp-content\/uploads\/2021\/05\/IMG_3721_1600x1200-600x450.jpg 600w, https:\/\/ekoporty.szczecin.pl\/wp-content\/uploads\/2021\/05\/IMG_3721_1600x1200-213x160.jpg 213w\" sizes=\"auto, (max-width: 1600px) 100vw, 1600px\" \/> <img loading=\"lazy\" decoding=\"async\" class=\"aligncenter size-full wp-image-28334\" src=\"https:\/\/ekoporty.szczecin.pl\/wp-content\/uploads\/2021\/05\/IMG_3723_1600x1200.jpg\" alt=\"\" width=\"1600\" height=\"1200\" srcset=\"https:\/\/ekoporty.szczecin.pl\/wp-content\/uploads\/2021\/05\/IMG_3723_1600x1200.jpg 1600w, https:\/\/ekoporty.szczecin.pl\/wp-content\/uploads\/2021\/05\/IMG_3723_1600x1200-300x225.jpg 300w, https:\/\/ekoporty.szczecin.pl\/wp-content\/uploads\/2021\/05\/IMG_3723_1600x1200-1024x768.jpg 1024w, https:\/\/ekoporty.szczecin.pl\/wp-content\/uploads\/2021\/05\/IMG_3723_1600x1200-768x576.jpg 768w, https:\/\/ekoporty.szczecin.pl\/wp-content\/uploads\/2021\/05\/IMG_3723_1600x1200-1536x1152.jpg 1536w, https:\/\/ekoporty.szczecin.pl\/wp-content\/uploads\/2021\/05\/IMG_3723_1600x1200-600x450.jpg 600w, https:\/\/ekoporty.szczecin.pl\/wp-content\/uploads\/2021\/05\/IMG_3723_1600x1200-213x160.jpg 213w\" sizes=\"auto, (max-width: 1600px) 100vw, 1600px\" \/> <img loading=\"lazy\" decoding=\"async\" class=\"aligncenter size-full wp-image-28335\" src=\"https:\/\/ekoporty.szczecin.pl\/wp-content\/uploads\/2021\/05\/IMG_3724_1600x1200.jpg\" alt=\"\" width=\"1600\" height=\"1200\" srcset=\"https:\/\/ekoporty.szczecin.pl\/wp-content\/uploads\/2021\/05\/IMG_3724_1600x1200.jpg 1600w, https:\/\/ekoporty.szczecin.pl\/wp-content\/uploads\/2021\/05\/IMG_3724_1600x1200-300x225.jpg 300w, https:\/\/ekoporty.szczecin.pl\/wp-content\/uploads\/2021\/05\/IMG_3724_1600x1200-1024x768.jpg 1024w, https:\/\/ekoporty.szczecin.pl\/wp-content\/uploads\/2021\/05\/IMG_3724_1600x1200-768x576.jpg 768w, https:\/\/ekoporty.szczecin.pl\/wp-content\/uploads\/2021\/05\/IMG_3724_1600x1200-1536x1152.jpg 1536w, https:\/\/ekoporty.szczecin.pl\/wp-content\/uploads\/2021\/05\/IMG_3724_1600x1200-600x450.jpg 600w, https:\/\/ekoporty.szczecin.pl\/wp-content\/uploads\/2021\/05\/IMG_3724_1600x1200-213x160.jpg 213w\" sizes=\"auto, (max-width: 1600px) 100vw, 1600px\" \/> <img loading=\"lazy\" decoding=\"async\" class=\"aligncenter size-full wp-image-28336\" src=\"https:\/\/ekoporty.szczecin.pl\/wp-content\/uploads\/2021\/05\/IMG_3725_1600x1200.jpg\" alt=\"\" width=\"1600\" height=\"1200\" srcset=\"https:\/\/ekoporty.szczecin.pl\/wp-content\/uploads\/2021\/05\/IMG_3725_1600x1200.jpg 1600w, https:\/\/ekoporty.szczecin.pl\/wp-content\/uploads\/2021\/05\/IMG_3725_1600x1200-300x225.jpg 300w, https:\/\/ekoporty.szczecin.pl\/wp-content\/uploads\/2021\/05\/IMG_3725_1600x1200-1024x768.jpg 1024w, https:\/\/ekoporty.szczecin.pl\/wp-content\/uploads\/2021\/05\/IMG_3725_1600x1200-768x576.jpg 768w, https:\/\/ekoporty.szczecin.pl\/wp-content\/uploads\/2021\/05\/IMG_3725_1600x1200-1536x1152.jpg 1536w, https:\/\/ekoporty.szczecin.pl\/wp-content\/uploads\/2021\/05\/IMG_3725_1600x1200-600x450.jpg 600w, https:\/\/ekoporty.szczecin.pl\/wp-content\/uploads\/2021\/05\/IMG_3725_1600x1200-213x160.jpg 213w\" sizes=\"auto, (max-width: 1600px) 100vw, 1600px\" \/> <img loading=\"lazy\" decoding=\"async\" class=\"aligncenter size-full wp-image-28337\" src=\"https:\/\/ekoporty.szczecin.pl\/wp-content\/uploads\/2021\/05\/IMG_3726_1600x1200.jpg\" alt=\"\" width=\"1600\" height=\"1200\" srcset=\"https:\/\/ekoporty.szczecin.pl\/wp-content\/uploads\/2021\/05\/IMG_3726_1600x1200.jpg 1600w, https:\/\/ekoporty.szczecin.pl\/wp-content\/uploads\/2021\/05\/IMG_3726_1600x1200-300x225.jpg 300w, https:\/\/ekoporty.szczecin.pl\/wp-content\/uploads\/2021\/05\/IMG_3726_1600x1200-1024x768.jpg 1024w, https:\/\/ekoporty.szczecin.pl\/wp-content\/uploads\/2021\/05\/IMG_3726_1600x1200-768x576.jpg 768w, https:\/\/ekoporty.szczecin.pl\/wp-content\/uploads\/2021\/05\/IMG_3726_1600x1200-1536x1152.jpg 1536w, https:\/\/ekoporty.szczecin.pl\/wp-content\/uploads\/2021\/05\/IMG_3726_1600x1200-600x450.jpg 600w, https:\/\/ekoporty.szczecin.pl\/wp-content\/uploads\/2021\/05\/IMG_3726_1600x1200-213x160.jpg 213w\" sizes=\"auto, (max-width: 1600px) 100vw, 1600px\" \/> <img loading=\"lazy\" decoding=\"async\" class=\"aligncenter size-full wp-image-28338\" src=\"https:\/\/ekoporty.szczecin.pl\/wp-content\/uploads\/2021\/05\/IMG_3727_1600x1200.jpg\" alt=\"\" width=\"1600\" height=\"1200\" srcset=\"https:\/\/ekoporty.szczecin.pl\/wp-content\/uploads\/2021\/05\/IMG_3727_1600x1200.jpg 1600w, https:\/\/ekoporty.szczecin.pl\/wp-content\/uploads\/2021\/05\/IMG_3727_1600x1200-300x225.jpg 300w, https:\/\/ekoporty.szczecin.pl\/wp-content\/uploads\/2021\/05\/IMG_3727_1600x1200-1024x768.jpg 1024w, https:\/\/ekoporty.szczecin.pl\/wp-content\/uploads\/2021\/05\/IMG_3727_1600x1200-768x576.jpg 768w, https:\/\/ekoporty.szczecin.pl\/wp-content\/uploads\/2021\/05\/IMG_3727_1600x1200-1536x1152.jpg 1536w, https:\/\/ekoporty.szczecin.pl\/wp-content\/uploads\/2021\/05\/IMG_3727_1600x1200-600x450.jpg 600w, https:\/\/ekoporty.szczecin.pl\/wp-content\/uploads\/2021\/05\/IMG_3727_1600x1200-213x160.jpg 213w\" sizes=\"auto, (max-width: 1600px) 100vw, 1600px\" \/> <img loading=\"lazy\" decoding=\"async\" class=\"aligncenter size-full wp-image-28339\" src=\"https:\/\/ekoporty.szczecin.pl\/wp-content\/uploads\/2021\/05\/IMG_3728_1600x1200.jpg\" alt=\"\" width=\"1600\" height=\"1200\" srcset=\"https:\/\/ekoporty.szczecin.pl\/wp-content\/uploads\/2021\/05\/IMG_3728_1600x1200.jpg 1600w, https:\/\/ekoporty.szczecin.pl\/wp-content\/uploads\/2021\/05\/IMG_3728_1600x1200-300x225.jpg 300w, https:\/\/ekoporty.szczecin.pl\/wp-content\/uploads\/2021\/05\/IMG_3728_1600x1200-1024x768.jpg 1024w, https:\/\/ekoporty.szczecin.pl\/wp-content\/uploads\/2021\/05\/IMG_3728_1600x1200-768x576.jpg 768w, https:\/\/ekoporty.szczecin.pl\/wp-content\/uploads\/2021\/05\/IMG_3728_1600x1200-1536x1152.jpg 1536w, https:\/\/ekoporty.szczecin.pl\/wp-content\/uploads\/2021\/05\/IMG_3728_1600x1200-600x450.jpg 600w, https:\/\/ekoporty.szczecin.pl\/wp-content\/uploads\/2021\/05\/IMG_3728_1600x1200-213x160.jpg 213w\" sizes=\"auto, (max-width: 1600px) 100vw, 1600px\" \/><\/p>\n","protected":false},"excerpt":{"rendered":"<p>Przypominamy \u017ce Galeria Szparga\u0142ek dzia\u0142a obecnie na odmiennych zasadach. Aby nas odwiedzi\u0107 uprzednio nale\u017cy um\u00f3wi\u0107 wizyt\u0119 telefoniczne 510-647-839 (nast\u0119pne zapisy ruszaj\u0105 20.05.2021). Zapraszamy do galerii zdj\u0119c:<\/p>\n","protected":false},"author":7,"featured_media":28333,"parent":0,"menu_order":0,"comment_status":"closed","ping_status":"closed","template":"","meta":{"footnotes":""},"class_list":["post-28324","page","type-page","status-publish","has-post-thumbnail","hentry"],"yoast_head":"<!-- This site is optimized with the Yoast SEO plugin v27.4 - https:\/\/yoast.com\/product\/yoast-seo-wordpress\/ -->\n<title>Galeria Szparga\u0142ek 01.06.2021 &#171; EKOPORTY SZCZECIN<\/title>\n<meta name=\"robots\" content=\"index, follow, max-snippet:-1, max-image-preview:large, max-video-preview:-1\" \/>\n<link rel=\"canonical\" href=\"https:\/\/ekoporty.szczecin.pl\/?page_id=28324\" \/>\n<meta property=\"og:locale\" content=\"pl_PL\" \/>\n<meta property=\"og:type\" content=\"article\" \/>\n<meta property=\"og:title\" content=\"Galeria Szparga\u0142ek 01.06.2021 &#171; EKOPORTY SZCZECIN\" \/>\n<meta property=\"og:description\" content=\"Przypominamy \u017ce Galeria Szparga\u0142ek dzia\u0142a obecnie na odmiennych zasadach. Aby nas odwiedzi\u0107 uprzednio nale\u017cy um\u00f3wi\u0107 wizyt\u0119 telefoniczne 510-647-839 (nast\u0119pne zapisy ruszaj\u0105 20.05.2021). Zapraszamy do galerii zdj\u0119c:\" \/>\n<meta property=\"og:url\" content=\"https:\/\/ekoporty.szczecin.pl\/?page_id=28324\" \/>\n<meta property=\"og:site_name\" content=\"EKOPORTY SZCZECIN\" \/>\n<meta property=\"og:image\" content=\"https:\/\/ekoporty.szczecin.pl\/wp-content\/uploads\/2021\/05\/IMG_3722_1600x1200.jpg\" \/>\n\t<meta property=\"og:image:width\" content=\"1600\" \/>\n\t<meta property=\"og:image:height\" content=\"1200\" \/>\n\t<meta property=\"og:image:type\" content=\"image\/jpeg\" \/>\n<meta name=\"twitter:card\" content=\"summary_large_image\" \/>\n<script type=\"application\/ld+json\" class=\"yoast-schema-graph\">{\"@context\":\"https:\\\/\\\/schema.org\",\"@graph\":[{\"@type\":\"WebPage\",\"@id\":\"https:\\\/\\\/ekoporty.szczecin.pl\\\/?page_id=28324\",\"url\":\"https:\\\/\\\/ekoporty.szczecin.pl\\\/?page_id=28324\",\"name\":\"Galeria Szparga\u0142ek 01.06.2021 &#171; EKOPORTY SZCZECIN\",\"isPartOf\":{\"@id\":\"https:\\\/\\\/ekoporty.szczecin.pl\\\/#website\"},\"primaryImageOfPage\":{\"@id\":\"https:\\\/\\\/ekoporty.szczecin.pl\\\/?page_id=28324#primaryimage\"},\"image\":{\"@id\":\"https:\\\/\\\/ekoporty.szczecin.pl\\\/?page_id=28324#primaryimage\"},\"thumbnailUrl\":\"https:\\\/\\\/ekoporty.szczecin.pl\\\/wp-content\\\/uploads\\\/2021\\\/05\\\/IMG_3722_1600x1200.jpg\",\"datePublished\":\"2021-05-31T09:40:58+00:00\",\"breadcrumb\":{\"@id\":\"https:\\\/\\\/ekoporty.szczecin.pl\\\/?page_id=28324#breadcrumb\"},\"inLanguage\":\"pl-PL\",\"potentialAction\":[{\"@type\":\"ReadAction\",\"target\":[\"https:\\\/\\\/ekoporty.szczecin.pl\\\/?page_id=28324\"]}]},{\"@type\":\"ImageObject\",\"inLanguage\":\"pl-PL\",\"@id\":\"https:\\\/\\\/ekoporty.szczecin.pl\\\/?page_id=28324#primaryimage\",\"url\":\"https:\\\/\\\/ekoporty.szczecin.pl\\\/wp-content\\\/uploads\\\/2021\\\/05\\\/IMG_3722_1600x1200.jpg\",\"contentUrl\":\"https:\\\/\\\/ekoporty.szczecin.pl\\\/wp-content\\\/uploads\\\/2021\\\/05\\\/IMG_3722_1600x1200.jpg\",\"width\":1600,\"height\":1200},{\"@type\":\"BreadcrumbList\",\"@id\":\"https:\\\/\\\/ekoporty.szczecin.pl\\\/?page_id=28324#breadcrumb\",\"itemListElement\":[{\"@type\":\"ListItem\",\"position\":1,\"name\":\"Strona g\u0142\u00f3wna\",\"item\":\"https:\\\/\\\/ekoporty.szczecin.pl\\\/\"},{\"@type\":\"ListItem\",\"position\":2,\"name\":\"Galeria Szparga\u0142ek 01.06.2021\"}]},{\"@type\":\"WebSite\",\"@id\":\"https:\\\/\\\/ekoporty.szczecin.pl\\\/#website\",\"url\":\"https:\\\/\\\/ekoporty.szczecin.pl\\\/\",\"name\":\"Ekoporty\",\"description\":\"ZUK Szczecin - Punkty Selektywnej Zbi\u00f3rki Odpad\u00f3w Komunalnych - Zapraszamy\",\"publisher\":{\"@id\":\"https:\\\/\\\/ekoporty.szczecin.pl\\\/#organization\"},\"potentialAction\":[{\"@type\":\"SearchAction\",\"target\":{\"@type\":\"EntryPoint\",\"urlTemplate\":\"https:\\\/\\\/ekoporty.szczecin.pl\\\/?s={search_term_string}\"},\"query-input\":{\"@type\":\"PropertyValueSpecification\",\"valueRequired\":true,\"valueName\":\"search_term_string\"}}],\"inLanguage\":\"pl-PL\"},{\"@type\":\"Organization\",\"@id\":\"https:\\\/\\\/ekoporty.szczecin.pl\\\/#organization\",\"name\":\"Zak\u0142ad Us\u0142ug Komunalnych Szczecin\",\"url\":\"https:\\\/\\\/ekoporty.szczecin.pl\\\/\",\"logo\":{\"@type\":\"ImageObject\",\"inLanguage\":\"pl-PL\",\"@id\":\"https:\\\/\\\/ekoporty.szczecin.pl\\\/#\\\/schema\\\/logo\\\/image\\\/\",\"url\":\"http:\\\/\\\/ekoporty.szczecin.pl\\\/wp-content\\\/uploads\\\/2018\\\/03\\\/logo5.jpg\",\"contentUrl\":\"http:\\\/\\\/ekoporty.szczecin.pl\\\/wp-content\\\/uploads\\\/2018\\\/03\\\/logo5.jpg\",\"width\":260,\"height\":66,\"caption\":\"Zak\u0142ad Us\u0142ug Komunalnych Szczecin\"},\"image\":{\"@id\":\"https:\\\/\\\/ekoporty.szczecin.pl\\\/#\\\/schema\\\/logo\\\/image\\\/\"}}]}<\/script>\n<!-- \/ Yoast SEO plugin. -->","yoast_head_json":{"title":"Galeria Szparga\u0142ek 01.06.2021 &#171; EKOPORTY SZCZECIN","robots":{"index":"index","follow":"follow","max-snippet":"max-snippet:-1","max-image-preview":"max-image-preview:large","max-video-preview":"max-video-preview:-1"},"canonical":"https:\/\/ekoporty.szczecin.pl\/?page_id=28324","og_locale":"pl_PL","og_type":"article","og_title":"Galeria Szparga\u0142ek 01.06.2021 &#171; EKOPORTY SZCZECIN","og_description":"Przypominamy \u017ce Galeria Szparga\u0142ek dzia\u0142a obecnie na odmiennych zasadach. Aby nas odwiedzi\u0107 uprzednio nale\u017cy um\u00f3wi\u0107 wizyt\u0119 telefoniczne 510-647-839 (nast\u0119pne zapisy ruszaj\u0105 20.05.2021). Zapraszamy do galerii zdj\u0119c:","og_url":"https:\/\/ekoporty.szczecin.pl\/?page_id=28324","og_site_name":"EKOPORTY SZCZECIN","og_image":[{"width":1600,"height":1200,"url":"https:\/\/ekoporty.szczecin.pl\/wp-content\/uploads\/2021\/05\/IMG_3722_1600x1200.jpg","type":"image\/jpeg"}],"twitter_card":"summary_large_image","schema":{"@context":"https:\/\/schema.org","@graph":[{"@type":"WebPage","@id":"https:\/\/ekoporty.szczecin.pl\/?page_id=28324","url":"https:\/\/ekoporty.szczecin.pl\/?page_id=28324","name":"Galeria Szparga\u0142ek 01.06.2021 &#171; EKOPORTY SZCZECIN","isPartOf":{"@id":"https:\/\/ekoporty.szczecin.pl\/#website"},"primaryImageOfPage":{"@id":"https:\/\/ekoporty.szczecin.pl\/?page_id=28324#primaryimage"},"image":{"@id":"https:\/\/ekoporty.szczecin.pl\/?page_id=28324#primaryimage"},"thumbnailUrl":"https:\/\/ekoporty.szczecin.pl\/wp-content\/uploads\/2021\/05\/IMG_3722_1600x1200.jpg","datePublished":"2021-05-31T09:40:58+00:00","breadcrumb":{"@id":"https:\/\/ekoporty.szczecin.pl\/?page_id=28324#breadcrumb"},"inLanguage":"pl-PL","potentialAction":[{"@type":"ReadAction","target":["https:\/\/ekoporty.szczecin.pl\/?page_id=28324"]}]},{"@type":"ImageObject","inLanguage":"pl-PL","@id":"https:\/\/ekoporty.szczecin.pl\/?page_id=28324#primaryimage","url":"https:\/\/ekoporty.szczecin.pl\/wp-content\/uploads\/2021\/05\/IMG_3722_1600x1200.jpg","contentUrl":"https:\/\/ekoporty.szczecin.pl\/wp-content\/uploads\/2021\/05\/IMG_3722_1600x1200.jpg","width":1600,"height":1200},{"@type":"BreadcrumbList","@id":"https:\/\/ekoporty.szczecin.pl\/?page_id=28324#breadcrumb","itemListElement":[{"@type":"ListItem","position":1,"name":"Strona g\u0142\u00f3wna","item":"https:\/\/ekoporty.szczecin.pl\/"},{"@type":"ListItem","position":2,"name":"Galeria Szparga\u0142ek 01.06.2021"}]},{"@type":"WebSite","@id":"https:\/\/ekoporty.szczecin.pl\/#website","url":"https:\/\/ekoporty.szczecin.pl\/","name":"Ekoporty","description":"ZUK Szczecin - Punkty Selektywnej Zbi\u00f3rki Odpad\u00f3w Komunalnych - Zapraszamy","publisher":{"@id":"https:\/\/ekoporty.szczecin.pl\/#organization"},"potentialAction":[{"@type":"SearchAction","target":{"@type":"EntryPoint","urlTemplate":"https:\/\/ekoporty.szczecin.pl\/?s={search_term_string}"},"query-input":{"@type":"PropertyValueSpecification","valueRequired":true,"valueName":"search_term_string"}}],"inLanguage":"pl-PL"},{"@type":"Organization","@id":"https:\/\/ekoporty.szczecin.pl\/#organization","name":"Zak\u0142ad Us\u0142ug Komunalnych Szczecin","url":"https:\/\/ekoporty.szczecin.pl\/","logo":{"@type":"ImageObject","inLanguage":"pl-PL","@id":"https:\/\/ekoporty.szczecin.pl\/#\/schema\/logo\/image\/","url":"http:\/\/ekoporty.szczecin.pl\/wp-content\/uploads\/2018\/03\/logo5.jpg","contentUrl":"http:\/\/ekoporty.szczecin.pl\/wp-content\/uploads\/2018\/03\/logo5.jpg","width":260,"height":66,"caption":"Zak\u0142ad Us\u0142ug Komunalnych Szczecin"},"image":{"@id":"https:\/\/ekoporty.szczecin.pl\/#\/schema\/logo\/image\/"}}]}},"jetpack_sharing_enabled":true,"jetpack_shortlink":"https:\/\/wp.me\/P8ZWwp-7mQ","_links":{"self":[{"href":"https:\/\/ekoporty.szczecin.pl\/index.php?rest_route=\/wp\/v2\/pages\/28324","targetHints":{"allow":["GET"]}}],"collection":[{"href":"https:\/\/ekoporty.szczecin.pl\/index.php?rest_route=\/wp\/v2\/pages"}],"about":[{"href":"https:\/\/ekoporty.szczecin.pl\/index.php?rest_route=\/wp\/v2\/types\/page"}],"author":[{"embeddable":true,"href":"https:\/\/ekoporty.szczecin.pl\/index.php?rest_route=\/wp\/v2\/users\/7"}],"replies":[{"embeddable":true,"href":"https:\/\/ekoporty.szczecin.pl\/index.php?rest_route=%2Fwp%2Fv2%2Fcomments&post=28324"}],"version-history":[{"count":1,"href":"https:\/\/ekoporty.szczecin.pl\/index.php?rest_route=\/wp\/v2\/pages\/28324\/revisions"}],"predecessor-version":[{"id":28341,"href":"https:\/\/ekoporty.szczecin.pl\/index.php?rest_route=\/wp\/v2\/pages\/28324\/revisions\/28341"}],"wp:featuredmedia":[{"embeddable":true,"href":"https:\/\/ekoporty.szczecin.pl\/index.php?rest_route=\/wp\/v2\/media\/28333"}],"wp:attachment":[{"href":"https:\/\/ekoporty.szczecin.pl\/index.php?rest_route=%2Fwp%2Fv2%2Fmedia&parent=28324"}],"curies":[{"name":"wp","href":"https:\/\/api.w.org\/{rel}","templated":true}]}}