{"id":28947,"date":"2021-12-16T11:51:55","date_gmt":"2021-12-16T10:51:55","guid":{"rendered":"http:\/\/ekoporty.szczecin.pl\/?page_id=28947"},"modified":"2021-12-16T11:51:55","modified_gmt":"2021-12-16T10:51:55","slug":"2021-wplaty","status":"publish","type":"page","link":"https:\/\/ekoporty.szczecin.pl\/?page_id=28947","title":{"rendered":"2021 wp\u0142aty"},"content":{"rendered":"<p style=\"text-align: center;\"><strong>\u0141\u0105cznie 41 712 z\u0142<\/strong><\/p>\n<p>W dniu<strong>\u00a015.12.2021<\/strong>\u00a0na Organizacje Po\u017cytku Publicznego przelano \u0142\u0105cznie<strong>\u00a02242 z\u0142\u00a0<a href=\"https:\/\/ekoporty.szczecin.pl\/?page_id=28944\">(szczeg\u00f3\u0142y)<\/a><\/strong><\/p>\n<p>W dniu<strong>\u00a001.12.2021<\/strong>\u00a0na Organizacje Po\u017cytku Publicznego przelano \u0142\u0105cznie<strong>\u00a04137 z\u0142\u00a0<a href=\"https:\/\/ekoporty.szczecin.pl\/?page_id=28898\">(szczeg\u00f3\u0142y)<\/a><\/strong><\/p>\n<p>W dniu<strong>\u00a028.10.2021<\/strong>\u00a0na Organizacje Po\u017cytku Publicznego przelano \u0142\u0105cznie<strong>\u00a04866 z\u0142\u00a0<a href=\"https:\/\/ekoporty.szczecin.pl\/?page_id=28839&amp;preview=true\">(szczeg\u00f3\u0142y)<\/a><\/strong><\/p>\n<p>W dniu<strong>\u00a030.09.2021<\/strong>\u00a0na Organizacje Po\u017cytku Publicznego przelano \u0142\u0105cznie<strong>\u00a01745 z\u0142\u00a0<a href=\"https:\/\/ekoporty.szczecin.pl\/?page_id=28738\">(szczeg\u00f3\u0142y)<\/a><\/strong><\/p>\n<p>W dniu<strong>\u00a023.09.2021<\/strong>\u00a0na Organizacje Po\u017cytku Publicznego przelano \u0142\u0105cznie<strong>\u00a05258 z\u0142\u00a0<a href=\"https:\/\/ekoporty.szczecin.pl\/?page_id=28727&amp;preview=true\">(szczeg\u00f3\u0142y)<\/a><\/strong><\/p>\n<p>W dniu<strong>\u00a029.06.2021<\/strong>\u00a0na Organizacje Po\u017cytku Publicznego przelano \u0142\u0105cznie<strong>\u00a01919 z\u0142\u00a0<a href=\"https:\/\/ekoporty.szczecin.pl\/?page_id=28572&amp;preview=true\">(szczeg\u00f3\u0142y)<\/a><\/strong><\/p>\n<p>W dniu<strong>\u00a008.06.2021<\/strong>\u00a0na Organizacje Po\u017cytku Publicznego przelano \u0142\u0105cznie<strong>\u00a0527 z\u0142\u00a0<a href=\"https:\/\/ekoporty.szczecin.pl\/?page_id=28466&amp;preview=true\">(szczeg\u00f3\u0142y)<\/a><\/strong><\/p>\n<p>W dniu<strong>\u00a001.06.2021<\/strong>\u00a0na Organizacje Po\u017cytku Publicznego przelano \u0142\u0105cznie<strong>\u00a0614 z\u0142\u00a0<a href=\"https:\/\/ekoporty.szczecin.pl\/?page_id=28347&amp;preview=true\">(szczeg\u00f3\u0142y)<\/a><\/strong><\/p>\n<p>W dniu<strong>\u00a027.05.2021<\/strong>\u00a0na Organizacje Po\u017cytku Publicznego przelano \u0142\u0105cznie<strong>\u00a0803 z\u0142\u00a0<a href=\"https:\/\/ekoporty.szczecin.pl\/?page_id=28461\">(szczeg\u00f3\u0142y)<\/a><\/strong><\/p>\n<p>W dniu<strong>\u00a024.05.2021<\/strong>\u00a0na Organizacje Po\u017cytku Publicznego przelano \u0142\u0105cznie<strong>\u00a0737 z\u0142\u00a0<a href=\"https:\/\/ekoporty.szczecin.pl\/?page_id=28319\">(szczeg\u00f3\u0142y)<\/a><\/strong><\/p>\n<p>W dniu<strong>\u00a020.05.2021<\/strong>\u00a0na Organizacje Po\u017cytku Publicznego przelano \u0142\u0105cznie<strong>\u00a0601 z\u0142\u00a0<a href=\"https:\/\/ekoporty.szczecin.pl\/?page_id=28310&amp;preview=true\">(szczeg\u00f3\u0142y)<\/a><\/strong><\/p>\n<p>W dniu<strong>\u00a013.05.2021<\/strong>\u00a0na Organizacje Po\u017cytku Publicznego przelano \u0142\u0105cznie<strong>\u00a0898 z\u0142\u00a0<a href=\"https:\/\/ekoporty.szczecin.pl\/?page_id=28270&amp;preview=true\">(szczeg\u00f3\u0142y)<\/a><\/strong><\/p>\n<p>W dniu<strong>\u00a006.05.2021<\/strong>\u00a0na Organizacje Po\u017cytku Publicznego przelano \u0142\u0105cznie\u00a0<strong>5<\/strong><strong>49 z\u0142\u00a0<a href=\"https:\/\/ekoporty.szczecin.pl\/?page_id=28196&amp;preview=true\">(szczeg\u00f3\u0142y)<\/a><\/strong><\/p>\n<p>W dniu<strong>\u00a029.04.2021<\/strong>\u00a0na Organizacje Po\u017cytku Publicznego przelano \u0142\u0105cznie\u00a0<strong>504 z\u0142\u00a0\u00a0<a href=\"https:\/\/ekoporty.szczecin.pl\/?page_id=28114\">(szczeg\u00f3\u0142y)<\/a><\/strong><\/p>\n<p>W dniu<strong>\u00a022.04.2021<\/strong>\u00a0na Organizacje Po\u017cytku Publicznego przelano \u0142\u0105cznie\u00a0<strong>393 z\u0142\u00a0<a href=\"https:\/\/ekoporty.szczecin.pl\/?page_id=27910&amp;preview=true\">(szczeg\u00f3\u0142y)<\/a><\/strong><\/p>\n<p>W dniu<strong>\u00a020.04.2021<\/strong>\u00a0na Organizacje Po\u017cytku Publicznego przelano \u0142\u0105cznie\u00a0<strong>893 z\u0142\u00a0<a href=\"https:\/\/ekoporty.szczecin.pl\/?page_id=27881\">(szczeg\u00f3\u0142y)<\/a><\/strong><\/p>\n<p>W dniu<strong>\u00a008.04.2021<\/strong>\u00a0na Organizacje Po\u017cytku Publicznego przelano \u0142\u0105cznie\u00a0<strong>310 z\u0142\u00a0<a href=\"https:\/\/ekoporty.szczecin.pl\/?page_id=28121\">(szczeg\u00f3\u0142y)<\/a><\/strong><\/p>\n<p>W dniu<strong>\u00a006.04.2021<\/strong>\u00a0na Organizacje Po\u017cytku Publicznego przelano \u0142\u0105cznie\u00a0<strong>720<\/strong><strong>\u00a0z\u0142\u00a0<a href=\"https:\/\/ekoporty.szczecin.pl\/?page_id=28118\">(szczeg\u00f3\u0142y)<\/a><\/strong><\/p>\n<p>W dniu<strong>\u00a030.03.2021<\/strong>\u00a0na Organizacje Po\u017cytku Publicznego przelano \u0142\u0105cznie\u00a0<strong>340 z\u0142\u00a0<a href=\"https:\/\/ekoporty.szczecin.pl\/?page_id=27980&amp;preview=true\">(szczeg\u00f3\u0142y)<\/a><\/strong><\/p>\n<p>W dniu<strong>\u00a025.03.2021<\/strong>\u00a0na Organizacje Po\u017cytku Publicznego przelano \u0142\u0105cznie\u00a0<strong>734 z\u0142\u00a0<a href=\"https:\/\/ekoporty.szczecin.pl\/?page_id=27971&amp;preview=true\">(szczeg\u00f3\u0142y)<\/a><\/strong><\/p>\n<p>W dniu<strong>\u00a018.03.2021<\/strong>\u00a0na Organizacje Po\u017cytku Publicznego przelano \u0142\u0105cznie\u00a0<strong>495 z\u0142<a href=\"https:\/\/ekoporty.szczecin.pl\/?page_id=28002\">\u00a0(szczeg\u00f3\u0142y)<\/a><\/strong><\/p>\n<p>W dniu<strong>\u00a016.03.2021<\/strong>\u00a0na Organizacje Po\u017cytku Publicznego przelano \u0142\u0105cznie\u00a0<strong>358 z\u0142\u00a0<a href=\"https:\/\/ekoporty.szczecin.pl\/?page_id=27986&amp;preview=true\">(szczeg\u00f3\u0142y)<\/a><\/strong><\/p>\n<p>W dniu<strong>\u00a011.03.2021<\/strong>\u00a0na Organizacje Po\u017cytku Publicznego przelano \u0142\u0105cznie\u00a0<strong>618 z\u0142\u00a0<a href=\"https:\/\/ekoporty.szczecin.pl\/?page_id=28019\">(szczeg\u00f3\u0142y)<\/a><\/strong><\/p>\n<p>W dniu<strong>\u00a009.03.2021<\/strong>\u00a0na Organizacje Po\u017cytku Publicznego przelano \u0142\u0105cznie\u00a0<b>419 z\u0142\u00a0<a href=\"https:\/\/ekoporty.szczecin.pl\/?page_id=28011\">(szczeg\u00f3\u0142y)<\/a><\/b><\/p>\n<p>W dniu<strong>\u00a004.03.2021<\/strong>\u00a0na Organizacje Po\u017cytku Publicznego przelano \u0142\u0105cznie\u00a0<strong>750 z\u0142\u00a0<a href=\"https:\/\/ekoporty.szczecin.pl\/?page_id=28014\">(szczeg\u00f3\u0142y)<\/a><\/strong><\/p>\n<p>W dniu<strong>\u00a002.03.2021<\/strong>\u00a0na Organizacje Po\u017cytku Publicznego przelano \u0142\u0105cznie\u00a0<strong>690 z\u0142\u00a0<a href=\"https:\/\/ekoporty.szczecin.pl\/?page_id=27976&amp;preview=true\">(szczeg\u00f3\u0142y)<\/a><\/strong><\/p>\n<p>Zestawienie zbiorcze za luty:\u00a0<strong>9592 z\u0142<\/strong><\/p>\n","protected":false},"excerpt":{"rendered":"<p>\u0141\u0105cznie 41 712 z\u0142 W dniu\u00a015.12.2021\u00a0na Organizacje Po\u017cytku Publicznego przelano \u0142\u0105cznie\u00a02242 z\u0142\u00a0(szczeg\u00f3\u0142y) W dniu\u00a001.12.2021\u00a0na Organizacje Po\u017cytku Publicznego przelano \u0142\u0105cznie\u00a04137 z\u0142\u00a0(szczeg\u00f3\u0142y) W dniu\u00a028.10.2021\u00a0na Organizacje Po\u017cytku Publicznego przelano \u0142\u0105cznie\u00a04866 z\u0142\u00a0(szczeg\u00f3\u0142y) W dniu\u00a030.09.2021\u00a0na Organizacje Po\u017cytku Publicznego przelano \u0142\u0105cznie\u00a01745 z\u0142\u00a0(szczeg\u00f3\u0142y) W dniu\u00a023.09.2021\u00a0na Organizacje Po\u017cytku Publicznego przelano \u0142\u0105cznie\u00a05258 z\u0142\u00a0(szczeg\u00f3\u0142y) W dniu\u00a029.06.2021\u00a0na Organizacje Po\u017cytku Publicznego przelano \u0142\u0105cznie\u00a01919 z\u0142\u00a0(szczeg\u00f3\u0142y) W dniu\u00a008.06.2021\u00a0na Organizacje &hellip; <a href=\"https:\/\/ekoporty.szczecin.pl\/?page_id=28947\" class=\"more-link\">Czytaj dalej <span class=\"screen-reader-text\">2021 wp\u0142aty<\/span><\/a><\/p>\n","protected":false},"author":7,"featured_media":0,"parent":0,"menu_order":0,"comment_status":"closed","ping_status":"closed","template":"","meta":{"footnotes":""},"class_list":["post-28947","page","type-page","status-publish","hentry"],"yoast_head":"<!-- This site is optimized with the Yoast SEO plugin v27.4 - https:\/\/yoast.com\/product\/yoast-seo-wordpress\/ -->\n<title>2021 wp\u0142aty &#171; EKOPORTY SZCZECIN<\/title>\n<meta name=\"robots\" content=\"index, follow, max-snippet:-1, max-image-preview:large, max-video-preview:-1\" \/>\n<link rel=\"canonical\" href=\"https:\/\/ekoporty.szczecin.pl\/?page_id=28947\" \/>\n<meta property=\"og:locale\" content=\"pl_PL\" \/>\n<meta property=\"og:type\" content=\"article\" \/>\n<meta property=\"og:title\" content=\"2021 wp\u0142aty &#171; EKOPORTY SZCZECIN\" \/>\n<meta property=\"og:description\" content=\"\u0141\u0105cznie 41 712 z\u0142 W dniu\u00a015.12.2021\u00a0na Organizacje Po\u017cytku Publicznego przelano \u0142\u0105cznie\u00a02242 z\u0142\u00a0(szczeg\u00f3\u0142y) W dniu\u00a001.12.2021\u00a0na Organizacje Po\u017cytku Publicznego przelano \u0142\u0105cznie\u00a04137 z\u0142\u00a0(szczeg\u00f3\u0142y) W dniu\u00a028.10.2021\u00a0na Organizacje Po\u017cytku Publicznego przelano \u0142\u0105cznie\u00a04866 z\u0142\u00a0(szczeg\u00f3\u0142y) W dniu\u00a030.09.2021\u00a0na Organizacje Po\u017cytku Publicznego przelano \u0142\u0105cznie\u00a01745 z\u0142\u00a0(szczeg\u00f3\u0142y) W dniu\u00a023.09.2021\u00a0na Organizacje Po\u017cytku Publicznego przelano \u0142\u0105cznie\u00a05258 z\u0142\u00a0(szczeg\u00f3\u0142y) W dniu\u00a029.06.2021\u00a0na Organizacje Po\u017cytku Publicznego przelano \u0142\u0105cznie\u00a01919 z\u0142\u00a0(szczeg\u00f3\u0142y) W dniu\u00a008.06.2021\u00a0na Organizacje &hellip; Czytaj dalej 2021 wp\u0142aty\" \/>\n<meta property=\"og:url\" content=\"https:\/\/ekoporty.szczecin.pl\/?page_id=28947\" \/>\n<meta property=\"og:site_name\" content=\"EKOPORTY SZCZECIN\" \/>\n<meta name=\"twitter:card\" content=\"summary_large_image\" \/>\n<meta name=\"twitter:label1\" content=\"Szacowany czas czytania\" \/>\n\t<meta name=\"twitter:data1\" content=\"2 minuty\" \/>\n<script type=\"application\/ld+json\" class=\"yoast-schema-graph\">{\"@context\":\"https:\\\/\\\/schema.org\",\"@graph\":[{\"@type\":\"WebPage\",\"@id\":\"https:\\\/\\\/ekoporty.szczecin.pl\\\/?page_id=28947\",\"url\":\"https:\\\/\\\/ekoporty.szczecin.pl\\\/?page_id=28947\",\"name\":\"2021 wp\u0142aty &#171; EKOPORTY SZCZECIN\",\"isPartOf\":{\"@id\":\"https:\\\/\\\/ekoporty.szczecin.pl\\\/#website\"},\"datePublished\":\"2021-12-16T10:51:55+00:00\",\"breadcrumb\":{\"@id\":\"https:\\\/\\\/ekoporty.szczecin.pl\\\/?page_id=28947#breadcrumb\"},\"inLanguage\":\"pl-PL\",\"potentialAction\":[{\"@type\":\"ReadAction\",\"target\":[\"https:\\\/\\\/ekoporty.szczecin.pl\\\/?page_id=28947\"]}]},{\"@type\":\"BreadcrumbList\",\"@id\":\"https:\\\/\\\/ekoporty.szczecin.pl\\\/?page_id=28947#breadcrumb\",\"itemListElement\":[{\"@type\":\"ListItem\",\"position\":1,\"name\":\"Strona g\u0142\u00f3wna\",\"item\":\"https:\\\/\\\/ekoporty.szczecin.pl\\\/\"},{\"@type\":\"ListItem\",\"position\":2,\"name\":\"2021 wp\u0142aty\"}]},{\"@type\":\"WebSite\",\"@id\":\"https:\\\/\\\/ekoporty.szczecin.pl\\\/#website\",\"url\":\"https:\\\/\\\/ekoporty.szczecin.pl\\\/\",\"name\":\"Ekoporty\",\"description\":\"ZUK Szczecin - Punkty Selektywnej Zbi\u00f3rki Odpad\u00f3w Komunalnych - Zapraszamy\",\"publisher\":{\"@id\":\"https:\\\/\\\/ekoporty.szczecin.pl\\\/#organization\"},\"potentialAction\":[{\"@type\":\"SearchAction\",\"target\":{\"@type\":\"EntryPoint\",\"urlTemplate\":\"https:\\\/\\\/ekoporty.szczecin.pl\\\/?s={search_term_string}\"},\"query-input\":{\"@type\":\"PropertyValueSpecification\",\"valueRequired\":true,\"valueName\":\"search_term_string\"}}],\"inLanguage\":\"pl-PL\"},{\"@type\":\"Organization\",\"@id\":\"https:\\\/\\\/ekoporty.szczecin.pl\\\/#organization\",\"name\":\"Zak\u0142ad Us\u0142ug Komunalnych Szczecin\",\"url\":\"https:\\\/\\\/ekoporty.szczecin.pl\\\/\",\"logo\":{\"@type\":\"ImageObject\",\"inLanguage\":\"pl-PL\",\"@id\":\"https:\\\/\\\/ekoporty.szczecin.pl\\\/#\\\/schema\\\/logo\\\/image\\\/\",\"url\":\"http:\\\/\\\/ekoporty.szczecin.pl\\\/wp-content\\\/uploads\\\/2018\\\/03\\\/logo5.jpg\",\"contentUrl\":\"http:\\\/\\\/ekoporty.szczecin.pl\\\/wp-content\\\/uploads\\\/2018\\\/03\\\/logo5.jpg\",\"width\":260,\"height\":66,\"caption\":\"Zak\u0142ad Us\u0142ug Komunalnych Szczecin\"},\"image\":{\"@id\":\"https:\\\/\\\/ekoporty.szczecin.pl\\\/#\\\/schema\\\/logo\\\/image\\\/\"}}]}<\/script>\n<!-- \/ Yoast SEO plugin. -->","yoast_head_json":{"title":"2021 wp\u0142aty &#171; EKOPORTY SZCZECIN","robots":{"index":"index","follow":"follow","max-snippet":"max-snippet:-1","max-image-preview":"max-image-preview:large","max-video-preview":"max-video-preview:-1"},"canonical":"https:\/\/ekoporty.szczecin.pl\/?page_id=28947","og_locale":"pl_PL","og_type":"article","og_title":"2021 wp\u0142aty &#171; EKOPORTY SZCZECIN","og_description":"\u0141\u0105cznie 41 712 z\u0142 W dniu\u00a015.12.2021\u00a0na Organizacje Po\u017cytku Publicznego przelano \u0142\u0105cznie\u00a02242 z\u0142\u00a0(szczeg\u00f3\u0142y) W dniu\u00a001.12.2021\u00a0na Organizacje Po\u017cytku Publicznego przelano \u0142\u0105cznie\u00a04137 z\u0142\u00a0(szczeg\u00f3\u0142y) W dniu\u00a028.10.2021\u00a0na Organizacje Po\u017cytku Publicznego przelano \u0142\u0105cznie\u00a04866 z\u0142\u00a0(szczeg\u00f3\u0142y) W dniu\u00a030.09.2021\u00a0na Organizacje Po\u017cytku Publicznego przelano \u0142\u0105cznie\u00a01745 z\u0142\u00a0(szczeg\u00f3\u0142y) W dniu\u00a023.09.2021\u00a0na Organizacje Po\u017cytku Publicznego przelano \u0142\u0105cznie\u00a05258 z\u0142\u00a0(szczeg\u00f3\u0142y) W dniu\u00a029.06.2021\u00a0na Organizacje Po\u017cytku Publicznego przelano \u0142\u0105cznie\u00a01919 z\u0142\u00a0(szczeg\u00f3\u0142y) W dniu\u00a008.06.2021\u00a0na Organizacje &hellip; Czytaj dalej 2021 wp\u0142aty","og_url":"https:\/\/ekoporty.szczecin.pl\/?page_id=28947","og_site_name":"EKOPORTY SZCZECIN","twitter_card":"summary_large_image","twitter_misc":{"Szacowany czas czytania":"2 minuty"},"schema":{"@context":"https:\/\/schema.org","@graph":[{"@type":"WebPage","@id":"https:\/\/ekoporty.szczecin.pl\/?page_id=28947","url":"https:\/\/ekoporty.szczecin.pl\/?page_id=28947","name":"2021 wp\u0142aty &#171; EKOPORTY SZCZECIN","isPartOf":{"@id":"https:\/\/ekoporty.szczecin.pl\/#website"},"datePublished":"2021-12-16T10:51:55+00:00","breadcrumb":{"@id":"https:\/\/ekoporty.szczecin.pl\/?page_id=28947#breadcrumb"},"inLanguage":"pl-PL","potentialAction":[{"@type":"ReadAction","target":["https:\/\/ekoporty.szczecin.pl\/?page_id=28947"]}]},{"@type":"BreadcrumbList","@id":"https:\/\/ekoporty.szczecin.pl\/?page_id=28947#breadcrumb","itemListElement":[{"@type":"ListItem","position":1,"name":"Strona g\u0142\u00f3wna","item":"https:\/\/ekoporty.szczecin.pl\/"},{"@type":"ListItem","position":2,"name":"2021 wp\u0142aty"}]},{"@type":"WebSite","@id":"https:\/\/ekoporty.szczecin.pl\/#website","url":"https:\/\/ekoporty.szczecin.pl\/","name":"Ekoporty","description":"ZUK Szczecin - Punkty Selektywnej Zbi\u00f3rki Odpad\u00f3w Komunalnych - Zapraszamy","publisher":{"@id":"https:\/\/ekoporty.szczecin.pl\/#organization"},"potentialAction":[{"@type":"SearchAction","target":{"@type":"EntryPoint","urlTemplate":"https:\/\/ekoporty.szczecin.pl\/?s={search_term_string}"},"query-input":{"@type":"PropertyValueSpecification","valueRequired":true,"valueName":"search_term_string"}}],"inLanguage":"pl-PL"},{"@type":"Organization","@id":"https:\/\/ekoporty.szczecin.pl\/#organization","name":"Zak\u0142ad Us\u0142ug Komunalnych Szczecin","url":"https:\/\/ekoporty.szczecin.pl\/","logo":{"@type":"ImageObject","inLanguage":"pl-PL","@id":"https:\/\/ekoporty.szczecin.pl\/#\/schema\/logo\/image\/","url":"http:\/\/ekoporty.szczecin.pl\/wp-content\/uploads\/2018\/03\/logo5.jpg","contentUrl":"http:\/\/ekoporty.szczecin.pl\/wp-content\/uploads\/2018\/03\/logo5.jpg","width":260,"height":66,"caption":"Zak\u0142ad Us\u0142ug Komunalnych Szczecin"},"image":{"@id":"https:\/\/ekoporty.szczecin.pl\/#\/schema\/logo\/image\/"}}]}},"jetpack_sharing_enabled":true,"jetpack_shortlink":"https:\/\/wp.me\/P8ZWwp-7wT","_links":{"self":[{"href":"https:\/\/ekoporty.szczecin.pl\/index.php?rest_route=\/wp\/v2\/pages\/28947","targetHints":{"allow":["GET"]}}],"collection":[{"href":"https:\/\/ekoporty.szczecin.pl\/index.php?rest_route=\/wp\/v2\/pages"}],"about":[{"href":"https:\/\/ekoporty.szczecin.pl\/index.php?rest_route=\/wp\/v2\/types\/page"}],"author":[{"embeddable":true,"href":"https:\/\/ekoporty.szczecin.pl\/index.php?rest_route=\/wp\/v2\/users\/7"}],"replies":[{"embeddable":true,"href":"https:\/\/ekoporty.szczecin.pl\/index.php?rest_route=%2Fwp%2Fv2%2Fcomments&post=28947"}],"version-history":[{"count":1,"href":"https:\/\/ekoporty.szczecin.pl\/index.php?rest_route=\/wp\/v2\/pages\/28947\/revisions"}],"predecessor-version":[{"id":28948,"href":"https:\/\/ekoporty.szczecin.pl\/index.php?rest_route=\/wp\/v2\/pages\/28947\/revisions\/28948"}],"wp:attachment":[{"href":"https:\/\/ekoporty.szczecin.pl\/index.php?rest_route=%2Fwp%2Fv2%2Fmedia&parent=28947"}],"curies":[{"name":"wp","href":"https:\/\/api.w.org\/{rel}","templated":true}]}}