{"id":3006,"date":"2018-03-08T15:14:40","date_gmt":"2018-03-08T14:14:40","guid":{"rendered":"http:\/\/ekoporty.szczecin.pl\/?page_id=3006"},"modified":"2018-03-09T08:14:25","modified_gmt":"2018-03-09T07:14:25","slug":"szanowni-panstwo-przypominamy","status":"publish","type":"page","link":"https:\/\/ekoporty.szczecin.pl\/?page_id=3006","title":{"rendered":"SZANOWNI PA\u0143STWO PRZYPOMINAMY"},"content":{"rendered":"<p><em>Ka\u017cdy produkt udost\u0119pniony w Galerii Szparga\u0142ek stanowi\u0142 odpad i zosta\u0142 przygotowany do ponownego u\u017cycia w rozumieniu Ustawy z dnia 14 grudnia 2012 r. o odpadach.<\/em><\/p>\n<p><em>Wybieraj\u0105c produkt w Galerii akceptujesz warunki nabycia, stan techniczny oraz stan zu\u017cycia\u00a0 produktu, oraz zobowi\u0105zujesz si\u0119 do jego eksploatacji zgodnie z jego pierwotnym przeznaczeniem na w\u0142asne ryzyko i odpowiedzialno\u015b\u0107.<\/em><\/p>\n<p><em>Wybieraj\u0105c produkty elektryczne lub elektroniczne akceptujesz warunki nabycia oraz zobowi\u0105zujesz si\u0119 przed przyst\u0105pieniem do u\u017cycia produktu do jego sprawdzenia, a w trakcie dalszej eksploatacji do serwisowania oraz napraw w uprawnionym warsztacie.<\/em><\/p>\n<p><em>Na produkty lub cz\u0119\u015bci produkt\u00f3w dost\u0119pne w Galerii Szparga\u0142ek nie udzielamy r\u0119kojmi ani gwarancji.<\/em><\/p>\n<p><em>Produkty mog\u0105 podlega\u0107 zwrotowi jako odpad komunalny. Po zwr\u00f3ceniu nie s\u0105 wymieniane na inne i trac\u0105 swoj\u0105 warto\u015b\u0107 punktow\u0105.<\/em><\/p>\n<p><em>Dzia\u0142alno\u015b\u0107 Galerii Szparga\u0142ek oparta jest na dzia\u0142alno\u015bci charytatywnej poprzez wsp\u00f3\u0142prac\u0119 z organizacjami pozarz\u0105dowymi prowadz\u0105cymi dzia\u0142alno\u015b\u0107 po\u017cytku publicznego. Ka\u017cdy produkt nabyty w Galerii Szparga\u0142ek wspomaga wybran\u0105 przez Ciebie organizacj\u0119 i stanowi pomoc celow\u0105, za kt\u00f3r\u0105 dzi\u0119kuemy.<\/em><\/p>\n<p><span style=\"color: #ff0000;\"><strong>Poni\u017csza oferta ma charakter informacyjny i nie stanowi oferty w rozumieniu art. 66 \u00a71 Kodeksu Cywilnego<\/strong><\/span><\/p>\n<p><a href=\"https:\/\/ekoporty.szczecin.pl\/\">Nie akceptuj\u0119<\/a> (Powr\u00f3t na stron\u0119 g\u0142\u00f3wn\u0105)<\/p>\n<p><a href=\"https:\/\/ekoporty.szczecin.pl\/?page_id=45\">Akceptuj\u0119<\/a> (Wej\u015bcie do katalogu produkt\u00f3w)<\/p>\n","protected":false},"excerpt":{"rendered":"<p>Ka\u017cdy produkt udost\u0119pniony w Galerii Szparga\u0142ek stanowi\u0142 odpad i zosta\u0142 przygotowany do ponownego u\u017cycia w rozumieniu Ustawy z dnia 14 grudnia 2012 r. o odpadach. Wybieraj\u0105c produkt w Galerii akceptujesz warunki nabycia, stan techniczny oraz stan zu\u017cycia\u00a0 produktu, oraz zobowi\u0105zujesz si\u0119 do jego eksploatacji zgodnie z jego pierwotnym przeznaczeniem na w\u0142asne ryzyko i odpowiedzialno\u015b\u0107. Wybieraj\u0105c &hellip; <a href=\"https:\/\/ekoporty.szczecin.pl\/?page_id=3006\" class=\"more-link\">Czytaj dalej <span class=\"screen-reader-text\">SZANOWNI PA\u0143STWO PRZYPOMINAMY<\/span><\/a><\/p>\n","protected":false},"author":7,"featured_media":0,"parent":0,"menu_order":0,"comment_status":"closed","ping_status":"closed","template":"","meta":{"footnotes":""},"class_list":["post-3006","page","type-page","status-publish","hentry"],"yoast_head":"<!-- This site is optimized with the Yoast SEO plugin v27.4 - https:\/\/yoast.com\/product\/yoast-seo-wordpress\/ -->\n<title>SZANOWNI PA\u0143STWO PRZYPOMINAMY &#171; EKOPORTY SZCZECIN<\/title>\n<meta name=\"robots\" content=\"index, follow, max-snippet:-1, max-image-preview:large, max-video-preview:-1\" \/>\n<link rel=\"canonical\" href=\"https:\/\/ekoporty.szczecin.pl\/?page_id=3006\" \/>\n<meta property=\"og:locale\" content=\"pl_PL\" \/>\n<meta property=\"og:type\" content=\"article\" \/>\n<meta property=\"og:title\" content=\"SZANOWNI PA\u0143STWO PRZYPOMINAMY &#171; EKOPORTY SZCZECIN\" \/>\n<meta property=\"og:description\" content=\"Ka\u017cdy produkt udost\u0119pniony w Galerii Szparga\u0142ek stanowi\u0142 odpad i zosta\u0142 przygotowany do ponownego u\u017cycia w rozumieniu Ustawy z dnia 14 grudnia 2012 r. o odpadach. Wybieraj\u0105c produkt w Galerii akceptujesz warunki nabycia, stan techniczny oraz stan zu\u017cycia\u00a0 produktu, oraz zobowi\u0105zujesz si\u0119 do jego eksploatacji zgodnie z jego pierwotnym przeznaczeniem na w\u0142asne ryzyko i odpowiedzialno\u015b\u0107. Wybieraj\u0105c &hellip; Czytaj dalej SZANOWNI PA\u0143STWO PRZYPOMINAMY\" \/>\n<meta property=\"og:url\" content=\"https:\/\/ekoporty.szczecin.pl\/?page_id=3006\" \/>\n<meta property=\"og:site_name\" content=\"EKOPORTY SZCZECIN\" \/>\n<meta property=\"article:modified_time\" content=\"2018-03-09T07:14:25+00:00\" \/>\n<meta name=\"twitter:card\" content=\"summary_large_image\" \/>\n<meta name=\"twitter:label1\" content=\"Szacowany czas czytania\" \/>\n\t<meta name=\"twitter:data1\" content=\"1 minuta\" \/>\n<script type=\"application\/ld+json\" class=\"yoast-schema-graph\">{\"@context\":\"https:\\\/\\\/schema.org\",\"@graph\":[{\"@type\":\"WebPage\",\"@id\":\"https:\\\/\\\/ekoporty.szczecin.pl\\\/?page_id=3006\",\"url\":\"https:\\\/\\\/ekoporty.szczecin.pl\\\/?page_id=3006\",\"name\":\"SZANOWNI PA\u0143STWO PRZYPOMINAMY &#171; EKOPORTY SZCZECIN\",\"isPartOf\":{\"@id\":\"https:\\\/\\\/ekoporty.szczecin.pl\\\/#website\"},\"datePublished\":\"2018-03-08T14:14:40+00:00\",\"dateModified\":\"2018-03-09T07:14:25+00:00\",\"breadcrumb\":{\"@id\":\"https:\\\/\\\/ekoporty.szczecin.pl\\\/?page_id=3006#breadcrumb\"},\"inLanguage\":\"pl-PL\",\"potentialAction\":[{\"@type\":\"ReadAction\",\"target\":[\"https:\\\/\\\/ekoporty.szczecin.pl\\\/?page_id=3006\"]}]},{\"@type\":\"BreadcrumbList\",\"@id\":\"https:\\\/\\\/ekoporty.szczecin.pl\\\/?page_id=3006#breadcrumb\",\"itemListElement\":[{\"@type\":\"ListItem\",\"position\":1,\"name\":\"Strona g\u0142\u00f3wna\",\"item\":\"https:\\\/\\\/ekoporty.szczecin.pl\\\/\"},{\"@type\":\"ListItem\",\"position\":2,\"name\":\"SZANOWNI PA\u0143STWO PRZYPOMINAMY\"}]},{\"@type\":\"WebSite\",\"@id\":\"https:\\\/\\\/ekoporty.szczecin.pl\\\/#website\",\"url\":\"https:\\\/\\\/ekoporty.szczecin.pl\\\/\",\"name\":\"Ekoporty\",\"description\":\"ZUK Szczecin - Punkty Selektywnej Zbi\u00f3rki Odpad\u00f3w Komunalnych - Zapraszamy\",\"publisher\":{\"@id\":\"https:\\\/\\\/ekoporty.szczecin.pl\\\/#organization\"},\"potentialAction\":[{\"@type\":\"SearchAction\",\"target\":{\"@type\":\"EntryPoint\",\"urlTemplate\":\"https:\\\/\\\/ekoporty.szczecin.pl\\\/?s={search_term_string}\"},\"query-input\":{\"@type\":\"PropertyValueSpecification\",\"valueRequired\":true,\"valueName\":\"search_term_string\"}}],\"inLanguage\":\"pl-PL\"},{\"@type\":\"Organization\",\"@id\":\"https:\\\/\\\/ekoporty.szczecin.pl\\\/#organization\",\"name\":\"Zak\u0142ad Us\u0142ug Komunalnych Szczecin\",\"url\":\"https:\\\/\\\/ekoporty.szczecin.pl\\\/\",\"logo\":{\"@type\":\"ImageObject\",\"inLanguage\":\"pl-PL\",\"@id\":\"https:\\\/\\\/ekoporty.szczecin.pl\\\/#\\\/schema\\\/logo\\\/image\\\/\",\"url\":\"http:\\\/\\\/ekoporty.szczecin.pl\\\/wp-content\\\/uploads\\\/2018\\\/03\\\/logo5.jpg\",\"contentUrl\":\"http:\\\/\\\/ekoporty.szczecin.pl\\\/wp-content\\\/uploads\\\/2018\\\/03\\\/logo5.jpg\",\"width\":260,\"height\":66,\"caption\":\"Zak\u0142ad Us\u0142ug Komunalnych Szczecin\"},\"image\":{\"@id\":\"https:\\\/\\\/ekoporty.szczecin.pl\\\/#\\\/schema\\\/logo\\\/image\\\/\"}}]}<\/script>\n<!-- \/ Yoast SEO plugin. -->","yoast_head_json":{"title":"SZANOWNI PA\u0143STWO PRZYPOMINAMY &#171; EKOPORTY SZCZECIN","robots":{"index":"index","follow":"follow","max-snippet":"max-snippet:-1","max-image-preview":"max-image-preview:large","max-video-preview":"max-video-preview:-1"},"canonical":"https:\/\/ekoporty.szczecin.pl\/?page_id=3006","og_locale":"pl_PL","og_type":"article","og_title":"SZANOWNI PA\u0143STWO PRZYPOMINAMY &#171; EKOPORTY SZCZECIN","og_description":"Ka\u017cdy produkt udost\u0119pniony w Galerii Szparga\u0142ek stanowi\u0142 odpad i zosta\u0142 przygotowany do ponownego u\u017cycia w rozumieniu Ustawy z dnia 14 grudnia 2012 r. o odpadach. Wybieraj\u0105c produkt w Galerii akceptujesz warunki nabycia, stan techniczny oraz stan zu\u017cycia\u00a0 produktu, oraz zobowi\u0105zujesz si\u0119 do jego eksploatacji zgodnie z jego pierwotnym przeznaczeniem na w\u0142asne ryzyko i odpowiedzialno\u015b\u0107. Wybieraj\u0105c &hellip; Czytaj dalej SZANOWNI PA\u0143STWO PRZYPOMINAMY","og_url":"https:\/\/ekoporty.szczecin.pl\/?page_id=3006","og_site_name":"EKOPORTY SZCZECIN","article_modified_time":"2018-03-09T07:14:25+00:00","twitter_card":"summary_large_image","twitter_misc":{"Szacowany czas czytania":"1 minuta"},"schema":{"@context":"https:\/\/schema.org","@graph":[{"@type":"WebPage","@id":"https:\/\/ekoporty.szczecin.pl\/?page_id=3006","url":"https:\/\/ekoporty.szczecin.pl\/?page_id=3006","name":"SZANOWNI PA\u0143STWO PRZYPOMINAMY &#171; EKOPORTY SZCZECIN","isPartOf":{"@id":"https:\/\/ekoporty.szczecin.pl\/#website"},"datePublished":"2018-03-08T14:14:40+00:00","dateModified":"2018-03-09T07:14:25+00:00","breadcrumb":{"@id":"https:\/\/ekoporty.szczecin.pl\/?page_id=3006#breadcrumb"},"inLanguage":"pl-PL","potentialAction":[{"@type":"ReadAction","target":["https:\/\/ekoporty.szczecin.pl\/?page_id=3006"]}]},{"@type":"BreadcrumbList","@id":"https:\/\/ekoporty.szczecin.pl\/?page_id=3006#breadcrumb","itemListElement":[{"@type":"ListItem","position":1,"name":"Strona g\u0142\u00f3wna","item":"https:\/\/ekoporty.szczecin.pl\/"},{"@type":"ListItem","position":2,"name":"SZANOWNI PA\u0143STWO PRZYPOMINAMY"}]},{"@type":"WebSite","@id":"https:\/\/ekoporty.szczecin.pl\/#website","url":"https:\/\/ekoporty.szczecin.pl\/","name":"Ekoporty","description":"ZUK Szczecin - Punkty Selektywnej Zbi\u00f3rki Odpad\u00f3w Komunalnych - Zapraszamy","publisher":{"@id":"https:\/\/ekoporty.szczecin.pl\/#organization"},"potentialAction":[{"@type":"SearchAction","target":{"@type":"EntryPoint","urlTemplate":"https:\/\/ekoporty.szczecin.pl\/?s={search_term_string}"},"query-input":{"@type":"PropertyValueSpecification","valueRequired":true,"valueName":"search_term_string"}}],"inLanguage":"pl-PL"},{"@type":"Organization","@id":"https:\/\/ekoporty.szczecin.pl\/#organization","name":"Zak\u0142ad Us\u0142ug Komunalnych Szczecin","url":"https:\/\/ekoporty.szczecin.pl\/","logo":{"@type":"ImageObject","inLanguage":"pl-PL","@id":"https:\/\/ekoporty.szczecin.pl\/#\/schema\/logo\/image\/","url":"http:\/\/ekoporty.szczecin.pl\/wp-content\/uploads\/2018\/03\/logo5.jpg","contentUrl":"http:\/\/ekoporty.szczecin.pl\/wp-content\/uploads\/2018\/03\/logo5.jpg","width":260,"height":66,"caption":"Zak\u0142ad Us\u0142ug Komunalnych Szczecin"},"image":{"@id":"https:\/\/ekoporty.szczecin.pl\/#\/schema\/logo\/image\/"}}]}},"jetpack_sharing_enabled":true,"jetpack_shortlink":"https:\/\/wp.me\/P8ZWwp-Mu","_links":{"self":[{"href":"https:\/\/ekoporty.szczecin.pl\/index.php?rest_route=\/wp\/v2\/pages\/3006","targetHints":{"allow":["GET"]}}],"collection":[{"href":"https:\/\/ekoporty.szczecin.pl\/index.php?rest_route=\/wp\/v2\/pages"}],"about":[{"href":"https:\/\/ekoporty.szczecin.pl\/index.php?rest_route=\/wp\/v2\/types\/page"}],"author":[{"embeddable":true,"href":"https:\/\/ekoporty.szczecin.pl\/index.php?rest_route=\/wp\/v2\/users\/7"}],"replies":[{"embeddable":true,"href":"https:\/\/ekoporty.szczecin.pl\/index.php?rest_route=%2Fwp%2Fv2%2Fcomments&post=3006"}],"version-history":[{"count":8,"href":"https:\/\/ekoporty.szczecin.pl\/index.php?rest_route=\/wp\/v2\/pages\/3006\/revisions"}],"predecessor-version":[{"id":3054,"href":"https:\/\/ekoporty.szczecin.pl\/index.php?rest_route=\/wp\/v2\/pages\/3006\/revisions\/3054"}],"wp:attachment":[{"href":"https:\/\/ekoporty.szczecin.pl\/index.php?rest_route=%2Fwp%2Fv2%2Fmedia&parent=3006"}],"curies":[{"name":"wp","href":"https:\/\/api.w.org\/{rel}","templated":true}]}}