{"id":41,"date":"2017-07-19T11:26:22","date_gmt":"2017-07-19T09:26:22","guid":{"rendered":"http:\/\/portal-ekoporty.szczecin.pl\/?page_id=41"},"modified":"2019-06-27T10:32:18","modified_gmt":"2019-06-27T08:32:18","slug":"galeria","status":"publish","type":"page","link":"https:\/\/ekoporty.szczecin.pl\/?page_id=41","title":{"rendered":"Z \u017cycia Ekoport\u00f3w"},"content":{"rendered":"<p><span style=\"color: #ff0000; font-size: 18pt;\">(czerwiec 2019)<\/span><\/p>\n<p><a href=\"https:\/\/ekoporty.szczecin.pl\/?page_id=22291&amp;preview=true\"><strong>Relacja z wyj\u0105tkowej 31. edycji Galerii (kliknij)<\/strong><\/a><\/p>\n<p><img loading=\"lazy\" decoding=\"async\" class=\"wp-image-22293 alignleft\" src=\"https:\/\/ekoporty.szczecin.pl\/wp-content\/uploads\/2019\/06\/IMG_1617-e1561624069955.jpg\" alt=\"\" width=\"446\" height=\"307\" srcset=\"https:\/\/ekoporty.szczecin.pl\/wp-content\/uploads\/2019\/06\/IMG_1617-e1561624069955.jpg 1743w, https:\/\/ekoporty.szczecin.pl\/wp-content\/uploads\/2019\/06\/IMG_1617-e1561624069955-300x206.jpg 300w, https:\/\/ekoporty.szczecin.pl\/wp-content\/uploads\/2019\/06\/IMG_1617-e1561624069955-768x528.jpg 768w, https:\/\/ekoporty.szczecin.pl\/wp-content\/uploads\/2019\/06\/IMG_1617-e1561624069955-1024x704.jpg 1024w, https:\/\/ekoporty.szczecin.pl\/wp-content\/uploads\/2019\/06\/IMG_1617-e1561624069955-600x413.jpg 600w, https:\/\/ekoporty.szczecin.pl\/wp-content\/uploads\/2019\/06\/IMG_1617-e1561624069955-233x160.jpg 233w\" sizes=\"auto, (max-width: 446px) 100vw, 446px\" \/><\/p>\n<p>&nbsp;<\/p>\n<p>&nbsp;<\/p>\n<p>&nbsp;<\/p>\n<p>&nbsp;<\/p>\n<p>&nbsp;<\/p>\n<p>&nbsp;<\/p>\n<p>&nbsp;<\/p>\n<p>&nbsp;<\/p>\n<p>&nbsp;<\/p>\n<p>&nbsp;<\/p>\n<p style=\"text-align: left;\"><span style=\"color: #ff0000; font-size: 18pt;\">(maj 2019)<\/span><\/p>\n<p style=\"text-align: center;\"><strong>POR\u00d3WNANIE ZBI\u00d3RKI ODPAD\u00d3W IV\/2018 \/ IV\/2019 NA POSZCZEG\u00d3LNYCH EKOPORTACH<\/strong><\/p>\n<p><img loading=\"lazy\" decoding=\"async\" class=\"aligncenter size-full wp-image-21563\" src=\"https:\/\/ekoporty.szczecin.pl\/wp-content\/uploads\/2019\/05\/123aB.jpg\" alt=\"\" width=\"1097\" height=\"474\" srcset=\"https:\/\/ekoporty.szczecin.pl\/wp-content\/uploads\/2019\/05\/123aB.jpg 1097w, https:\/\/ekoporty.szczecin.pl\/wp-content\/uploads\/2019\/05\/123aB-300x130.jpg 300w, https:\/\/ekoporty.szczecin.pl\/wp-content\/uploads\/2019\/05\/123aB-768x332.jpg 768w, https:\/\/ekoporty.szczecin.pl\/wp-content\/uploads\/2019\/05\/123aB-1024x442.jpg 1024w, https:\/\/ekoporty.szczecin.pl\/wp-content\/uploads\/2019\/05\/123aB-600x259.jpg 600w, https:\/\/ekoporty.szczecin.pl\/wp-content\/uploads\/2019\/05\/123aB-280x121.jpg 280w\" sizes=\"auto, (max-width: 1097px) 100vw, 1097px\" \/><\/p>\n<p><span style=\"color: #ff0000; font-size: 18pt;\">(maj 2019)<\/span><\/p>\n<p style=\"text-align: center;\"><strong>ODZYSK ODPAD\u00d3W NA SKUTEK PRZYGOTOWANIA ODPAD\u00d3W DO PONOWNEGO U\u017bYCIA (GALERIA SZPARGA\u0141EK<\/strong><\/p>\n<p><img loading=\"lazy\" decoding=\"async\" class=\"aligncenter size-full wp-image-21561\" src=\"https:\/\/ekoporty.szczecin.pl\/wp-content\/uploads\/2019\/05\/123a.jpg\" alt=\"\" width=\"1079\" height=\"596\" srcset=\"https:\/\/ekoporty.szczecin.pl\/wp-content\/uploads\/2019\/05\/123a.jpg 1079w, https:\/\/ekoporty.szczecin.pl\/wp-content\/uploads\/2019\/05\/123a-300x166.jpg 300w, https:\/\/ekoporty.szczecin.pl\/wp-content\/uploads\/2019\/05\/123a-768x424.jpg 768w, https:\/\/ekoporty.szczecin.pl\/wp-content\/uploads\/2019\/05\/123a-1024x566.jpg 1024w, https:\/\/ekoporty.szczecin.pl\/wp-content\/uploads\/2019\/05\/123a-600x331.jpg 600w, https:\/\/ekoporty.szczecin.pl\/wp-content\/uploads\/2019\/05\/123a-280x155.jpg 280w\" sizes=\"auto, (max-width: 1079px) 100vw, 1079px\" \/><\/p>\n<p><span style=\"color: #ff0000; font-size: 18pt;\">(maj 2019)<\/span><\/p>\n<p style=\"text-align: center;\"><strong>ILO\u015a\u0106 ZBI\u00d3RKI ODPAD\u00d3W PROBLEMOWYCH I NIEBEZPIECZNYCH DLA POSZCZEG\u00d3LNYCH EKOPORT\u00d3W<\/strong><\/p>\n<p><img loading=\"lazy\" decoding=\"async\" class=\"aligncenter size-full wp-image-21559\" src=\"https:\/\/ekoporty.szczecin.pl\/wp-content\/uploads\/2019\/05\/123.jpg\" alt=\"\" width=\"935\" height=\"414\" srcset=\"https:\/\/ekoporty.szczecin.pl\/wp-content\/uploads\/2019\/05\/123.jpg 935w, https:\/\/ekoporty.szczecin.pl\/wp-content\/uploads\/2019\/05\/123-300x133.jpg 300w, https:\/\/ekoporty.szczecin.pl\/wp-content\/uploads\/2019\/05\/123-768x340.jpg 768w, https:\/\/ekoporty.szczecin.pl\/wp-content\/uploads\/2019\/05\/123-600x266.jpg 600w, https:\/\/ekoporty.szczecin.pl\/wp-content\/uploads\/2019\/05\/123-280x124.jpg 280w\" sizes=\"auto, (max-width: 935px) 100vw, 935px\" \/><\/p>\n<p><span style=\"color: #ff0000; font-size: 18pt;\">(26 czerwiec 2018)<\/span><\/p>\n<p style=\"text-align: center;\"><strong>ILO\u015a\u0106 ODPAD\u00d3W PROBLEMOWYCH i NIEBEZPIECZNYCH ZEBRANYCH W EKOPORTACH W 2018 ROKU<\/strong><\/p>\n<p style=\"text-align: center;\"><strong>Z TERENU GMINY MIASTO SZCZECIN<\/strong><\/p>\n<h2><\/h2>\n<p><!--more--><\/p>\n<p style=\"text-align: justify;\"><a href=\"https:\/\/ekoporty.szczecin.pl\/?attachment_id=8574\">Pobierz za\u0142\u0105cznik (PDF)<\/a><\/p>\n","protected":false},"excerpt":{"rendered":"<p>(czerwiec 2019) Relacja z wyj\u0105tkowej 31. edycji Galerii (kliknij) &nbsp; &nbsp; &nbsp; &nbsp; &nbsp; &nbsp; &nbsp; &nbsp; &nbsp; &nbsp; (maj 2019) POR\u00d3WNANIE ZBI\u00d3RKI ODPAD\u00d3W IV\/2018 \/ IV\/2019 NA POSZCZEG\u00d3LNYCH EKOPORTACH (maj 2019) ODZYSK ODPAD\u00d3W NA SKUTEK PRZYGOTOWANIA ODPAD\u00d3W DO PONOWNEGO U\u017bYCIA (GALERIA SZPARGA\u0141EK (maj 2019) ILO\u015a\u0106 ZBI\u00d3RKI ODPAD\u00d3W PROBLEMOWYCH I NIEBEZPIECZNYCH DLA POSZCZEG\u00d3LNYCH EKOPORT\u00d3W (26 &hellip; <a href=\"https:\/\/ekoporty.szczecin.pl\/?page_id=41\" class=\"more-link\">Czytaj dalej <span class=\"screen-reader-text\">Z \u017cycia Ekoport\u00f3w<\/span><\/a><\/p>\n","protected":false},"author":1,"featured_media":0,"parent":0,"menu_order":0,"comment_status":"closed","ping_status":"closed","template":"","meta":{"footnotes":""},"class_list":["post-41","page","type-page","status-publish","hentry"],"yoast_head":"<!-- This site is optimized with the Yoast SEO plugin v27.4 - https:\/\/yoast.com\/product\/yoast-seo-wordpress\/ -->\n<title>Z \u017cycia Ekoport\u00f3w &#171; EKOPORTY SZCZECIN<\/title>\n<meta name=\"robots\" content=\"index, follow, max-snippet:-1, max-image-preview:large, max-video-preview:-1\" \/>\n<link rel=\"canonical\" href=\"https:\/\/ekoporty.szczecin.pl\/?page_id=41\" \/>\n<meta property=\"og:locale\" content=\"pl_PL\" \/>\n<meta property=\"og:type\" content=\"article\" \/>\n<meta property=\"og:title\" content=\"Z \u017cycia Ekoport\u00f3w &#171; EKOPORTY SZCZECIN\" \/>\n<meta property=\"og:description\" content=\"(czerwiec 2019) Relacja z wyj\u0105tkowej 31. edycji Galerii (kliknij) &nbsp; &nbsp; &nbsp; &nbsp; &nbsp; &nbsp; &nbsp; &nbsp; &nbsp; &nbsp; (maj 2019) POR\u00d3WNANIE ZBI\u00d3RKI ODPAD\u00d3W IV\/2018 \/ IV\/2019 NA POSZCZEG\u00d3LNYCH EKOPORTACH (maj 2019) ODZYSK ODPAD\u00d3W NA SKUTEK PRZYGOTOWANIA ODPAD\u00d3W DO PONOWNEGO U\u017bYCIA (GALERIA SZPARGA\u0141EK (maj 2019) ILO\u015a\u0106 ZBI\u00d3RKI ODPAD\u00d3W PROBLEMOWYCH I NIEBEZPIECZNYCH DLA POSZCZEG\u00d3LNYCH EKOPORT\u00d3W (26 &hellip; Czytaj dalej Z \u017cycia Ekoport\u00f3w\" \/>\n<meta property=\"og:url\" content=\"https:\/\/ekoporty.szczecin.pl\/?page_id=41\" \/>\n<meta property=\"og:site_name\" content=\"EKOPORTY SZCZECIN\" \/>\n<meta property=\"article:modified_time\" content=\"2019-06-27T08:32:18+00:00\" \/>\n<meta property=\"og:image\" content=\"http:\/\/ekoporty.szczecin.pl\/wp-content\/uploads\/2019\/06\/IMG_1617-e1561624069955.jpg\" \/>\n<meta name=\"twitter:card\" content=\"summary_large_image\" \/>\n<script type=\"application\/ld+json\" class=\"yoast-schema-graph\">{\"@context\":\"https:\\\/\\\/schema.org\",\"@graph\":[{\"@type\":\"WebPage\",\"@id\":\"https:\\\/\\\/ekoporty.szczecin.pl\\\/?page_id=41\",\"url\":\"https:\\\/\\\/ekoporty.szczecin.pl\\\/?page_id=41\",\"name\":\"Z \u017cycia Ekoport\u00f3w &#171; EKOPORTY SZCZECIN\",\"isPartOf\":{\"@id\":\"https:\\\/\\\/ekoporty.szczecin.pl\\\/#website\"},\"primaryImageOfPage\":{\"@id\":\"https:\\\/\\\/ekoporty.szczecin.pl\\\/?page_id=41#primaryimage\"},\"image\":{\"@id\":\"https:\\\/\\\/ekoporty.szczecin.pl\\\/?page_id=41#primaryimage\"},\"thumbnailUrl\":\"http:\\\/\\\/ekoporty.szczecin.pl\\\/wp-content\\\/uploads\\\/2019\\\/06\\\/IMG_1617-e1561624069955.jpg\",\"datePublished\":\"2017-07-19T09:26:22+00:00\",\"dateModified\":\"2019-06-27T08:32:18+00:00\",\"breadcrumb\":{\"@id\":\"https:\\\/\\\/ekoporty.szczecin.pl\\\/?page_id=41#breadcrumb\"},\"inLanguage\":\"pl-PL\",\"potentialAction\":[{\"@type\":\"ReadAction\",\"target\":[\"https:\\\/\\\/ekoporty.szczecin.pl\\\/?page_id=41\"]}]},{\"@type\":\"ImageObject\",\"inLanguage\":\"pl-PL\",\"@id\":\"https:\\\/\\\/ekoporty.szczecin.pl\\\/?page_id=41#primaryimage\",\"url\":\"http:\\\/\\\/ekoporty.szczecin.pl\\\/wp-content\\\/uploads\\\/2019\\\/06\\\/IMG_1617-e1561624069955.jpg\",\"contentUrl\":\"http:\\\/\\\/ekoporty.szczecin.pl\\\/wp-content\\\/uploads\\\/2019\\\/06\\\/IMG_1617-e1561624069955.jpg\"},{\"@type\":\"BreadcrumbList\",\"@id\":\"https:\\\/\\\/ekoporty.szczecin.pl\\\/?page_id=41#breadcrumb\",\"itemListElement\":[{\"@type\":\"ListItem\",\"position\":1,\"name\":\"Strona g\u0142\u00f3wna\",\"item\":\"https:\\\/\\\/ekoporty.szczecin.pl\\\/\"},{\"@type\":\"ListItem\",\"position\":2,\"name\":\"Z \u017cycia Ekoport\u00f3w\"}]},{\"@type\":\"WebSite\",\"@id\":\"https:\\\/\\\/ekoporty.szczecin.pl\\\/#website\",\"url\":\"https:\\\/\\\/ekoporty.szczecin.pl\\\/\",\"name\":\"Ekoporty\",\"description\":\"ZUK Szczecin - Punkty Selektywnej Zbi\u00f3rki Odpad\u00f3w Komunalnych - Zapraszamy\",\"publisher\":{\"@id\":\"https:\\\/\\\/ekoporty.szczecin.pl\\\/#organization\"},\"potentialAction\":[{\"@type\":\"SearchAction\",\"target\":{\"@type\":\"EntryPoint\",\"urlTemplate\":\"https:\\\/\\\/ekoporty.szczecin.pl\\\/?s={search_term_string}\"},\"query-input\":{\"@type\":\"PropertyValueSpecification\",\"valueRequired\":true,\"valueName\":\"search_term_string\"}}],\"inLanguage\":\"pl-PL\"},{\"@type\":\"Organization\",\"@id\":\"https:\\\/\\\/ekoporty.szczecin.pl\\\/#organization\",\"name\":\"Zak\u0142ad Us\u0142ug Komunalnych Szczecin\",\"url\":\"https:\\\/\\\/ekoporty.szczecin.pl\\\/\",\"logo\":{\"@type\":\"ImageObject\",\"inLanguage\":\"pl-PL\",\"@id\":\"https:\\\/\\\/ekoporty.szczecin.pl\\\/#\\\/schema\\\/logo\\\/image\\\/\",\"url\":\"http:\\\/\\\/ekoporty.szczecin.pl\\\/wp-content\\\/uploads\\\/2018\\\/03\\\/logo5.jpg\",\"contentUrl\":\"http:\\\/\\\/ekoporty.szczecin.pl\\\/wp-content\\\/uploads\\\/2018\\\/03\\\/logo5.jpg\",\"width\":260,\"height\":66,\"caption\":\"Zak\u0142ad Us\u0142ug Komunalnych Szczecin\"},\"image\":{\"@id\":\"https:\\\/\\\/ekoporty.szczecin.pl\\\/#\\\/schema\\\/logo\\\/image\\\/\"}}]}<\/script>\n<!-- \/ Yoast SEO plugin. -->","yoast_head_json":{"title":"Z \u017cycia Ekoport\u00f3w &#171; EKOPORTY SZCZECIN","robots":{"index":"index","follow":"follow","max-snippet":"max-snippet:-1","max-image-preview":"max-image-preview:large","max-video-preview":"max-video-preview:-1"},"canonical":"https:\/\/ekoporty.szczecin.pl\/?page_id=41","og_locale":"pl_PL","og_type":"article","og_title":"Z \u017cycia Ekoport\u00f3w &#171; EKOPORTY SZCZECIN","og_description":"(czerwiec 2019) Relacja z wyj\u0105tkowej 31. edycji Galerii (kliknij) &nbsp; &nbsp; &nbsp; &nbsp; &nbsp; &nbsp; &nbsp; &nbsp; &nbsp; &nbsp; (maj 2019) POR\u00d3WNANIE ZBI\u00d3RKI ODPAD\u00d3W IV\/2018 \/ IV\/2019 NA POSZCZEG\u00d3LNYCH EKOPORTACH (maj 2019) ODZYSK ODPAD\u00d3W NA SKUTEK PRZYGOTOWANIA ODPAD\u00d3W DO PONOWNEGO U\u017bYCIA (GALERIA SZPARGA\u0141EK (maj 2019) ILO\u015a\u0106 ZBI\u00d3RKI ODPAD\u00d3W PROBLEMOWYCH I NIEBEZPIECZNYCH DLA POSZCZEG\u00d3LNYCH EKOPORT\u00d3W (26 &hellip; Czytaj dalej Z \u017cycia Ekoport\u00f3w","og_url":"https:\/\/ekoporty.szczecin.pl\/?page_id=41","og_site_name":"EKOPORTY SZCZECIN","article_modified_time":"2019-06-27T08:32:18+00:00","og_image":[{"url":"http:\/\/ekoporty.szczecin.pl\/wp-content\/uploads\/2019\/06\/IMG_1617-e1561624069955.jpg","type":"","width":"","height":""}],"twitter_card":"summary_large_image","schema":{"@context":"https:\/\/schema.org","@graph":[{"@type":"WebPage","@id":"https:\/\/ekoporty.szczecin.pl\/?page_id=41","url":"https:\/\/ekoporty.szczecin.pl\/?page_id=41","name":"Z \u017cycia Ekoport\u00f3w &#171; EKOPORTY SZCZECIN","isPartOf":{"@id":"https:\/\/ekoporty.szczecin.pl\/#website"},"primaryImageOfPage":{"@id":"https:\/\/ekoporty.szczecin.pl\/?page_id=41#primaryimage"},"image":{"@id":"https:\/\/ekoporty.szczecin.pl\/?page_id=41#primaryimage"},"thumbnailUrl":"http:\/\/ekoporty.szczecin.pl\/wp-content\/uploads\/2019\/06\/IMG_1617-e1561624069955.jpg","datePublished":"2017-07-19T09:26:22+00:00","dateModified":"2019-06-27T08:32:18+00:00","breadcrumb":{"@id":"https:\/\/ekoporty.szczecin.pl\/?page_id=41#breadcrumb"},"inLanguage":"pl-PL","potentialAction":[{"@type":"ReadAction","target":["https:\/\/ekoporty.szczecin.pl\/?page_id=41"]}]},{"@type":"ImageObject","inLanguage":"pl-PL","@id":"https:\/\/ekoporty.szczecin.pl\/?page_id=41#primaryimage","url":"http:\/\/ekoporty.szczecin.pl\/wp-content\/uploads\/2019\/06\/IMG_1617-e1561624069955.jpg","contentUrl":"http:\/\/ekoporty.szczecin.pl\/wp-content\/uploads\/2019\/06\/IMG_1617-e1561624069955.jpg"},{"@type":"BreadcrumbList","@id":"https:\/\/ekoporty.szczecin.pl\/?page_id=41#breadcrumb","itemListElement":[{"@type":"ListItem","position":1,"name":"Strona g\u0142\u00f3wna","item":"https:\/\/ekoporty.szczecin.pl\/"},{"@type":"ListItem","position":2,"name":"Z \u017cycia Ekoport\u00f3w"}]},{"@type":"WebSite","@id":"https:\/\/ekoporty.szczecin.pl\/#website","url":"https:\/\/ekoporty.szczecin.pl\/","name":"Ekoporty","description":"ZUK Szczecin - Punkty Selektywnej Zbi\u00f3rki Odpad\u00f3w Komunalnych - Zapraszamy","publisher":{"@id":"https:\/\/ekoporty.szczecin.pl\/#organization"},"potentialAction":[{"@type":"SearchAction","target":{"@type":"EntryPoint","urlTemplate":"https:\/\/ekoporty.szczecin.pl\/?s={search_term_string}"},"query-input":{"@type":"PropertyValueSpecification","valueRequired":true,"valueName":"search_term_string"}}],"inLanguage":"pl-PL"},{"@type":"Organization","@id":"https:\/\/ekoporty.szczecin.pl\/#organization","name":"Zak\u0142ad Us\u0142ug Komunalnych Szczecin","url":"https:\/\/ekoporty.szczecin.pl\/","logo":{"@type":"ImageObject","inLanguage":"pl-PL","@id":"https:\/\/ekoporty.szczecin.pl\/#\/schema\/logo\/image\/","url":"http:\/\/ekoporty.szczecin.pl\/wp-content\/uploads\/2018\/03\/logo5.jpg","contentUrl":"http:\/\/ekoporty.szczecin.pl\/wp-content\/uploads\/2018\/03\/logo5.jpg","width":260,"height":66,"caption":"Zak\u0142ad Us\u0142ug Komunalnych Szczecin"},"image":{"@id":"https:\/\/ekoporty.szczecin.pl\/#\/schema\/logo\/image\/"}}]}},"jetpack_sharing_enabled":true,"jetpack_shortlink":"https:\/\/wp.me\/P8ZWwp-F","_links":{"self":[{"href":"https:\/\/ekoporty.szczecin.pl\/index.php?rest_route=\/wp\/v2\/pages\/41","targetHints":{"allow":["GET"]}}],"collection":[{"href":"https:\/\/ekoporty.szczecin.pl\/index.php?rest_route=\/wp\/v2\/pages"}],"about":[{"href":"https:\/\/ekoporty.szczecin.pl\/index.php?rest_route=\/wp\/v2\/types\/page"}],"author":[{"embeddable":true,"href":"https:\/\/ekoporty.szczecin.pl\/index.php?rest_route=\/wp\/v2\/users\/1"}],"replies":[{"embeddable":true,"href":"https:\/\/ekoporty.szczecin.pl\/index.php?rest_route=%2Fwp%2Fv2%2Fcomments&post=41"}],"version-history":[{"count":49,"href":"https:\/\/ekoporty.szczecin.pl\/index.php?rest_route=\/wp\/v2\/pages\/41\/revisions"}],"predecessor-version":[{"id":22295,"href":"https:\/\/ekoporty.szczecin.pl\/index.php?rest_route=\/wp\/v2\/pages\/41\/revisions\/22295"}],"wp:attachment":[{"href":"https:\/\/ekoporty.szczecin.pl\/index.php?rest_route=%2Fwp%2Fv2%2Fmedia&parent=41"}],"curies":[{"name":"wp","href":"https:\/\/api.w.org\/{rel}","templated":true}]}}