{"id":46436,"date":"2022-12-08T11:03:35","date_gmt":"2022-12-08T10:03:35","guid":{"rendered":"http:\/\/ekoporty.szczecin.pl\/?page_id=46436"},"modified":"2022-12-08T11:03:35","modified_gmt":"2022-12-08T10:03:35","slug":"wplaty-2022","status":"publish","type":"page","link":"https:\/\/ekoporty.szczecin.pl\/?page_id=46436","title":{"rendered":"Wp\u0142aty 2022"},"content":{"rendered":"<p>\u0141\u0105cznie &#8211; <strong>64 797<\/strong><\/p>\n<p>W dniu<strong>\u00a030.11.2022<\/strong>\u00a0na Organizacje Po\u017cytku Publicznego przelano \u0142\u0105cznie<strong>\u00a05334 z\u0142\u00a0<a href=\"https:\/\/ekoporty.szczecin.pl\/?page_id=46431\">(szczeg\u00f3\u0142y)<\/a><\/strong><\/p>\n<p>W dniu<strong>\u00a026.10.2022<\/strong>\u00a0na Organizacje Po\u017cytku Publicznego przelano \u0142\u0105cznie<strong>\u00a08629 z\u0142\u00a0<a href=\"https:\/\/ekoporty.szczecin.pl\/?page_id=46415\">(szczeg\u00f3\u0142y)<\/a><\/strong><\/p>\n<p>W dniu<strong>\u00a028.09.2022<\/strong>\u00a0na Organizacje Po\u017cytku Publicznego przelano \u0142\u0105cznie<strong>\u00a07595 z\u0142\u00a0<a href=\"https:\/\/ekoporty.szczecin.pl\/?page_id=46340\">(szczeg\u00f3\u0142y)<\/a><\/strong><\/p>\n<p>W dniu<strong>\u00a029.06.2022<\/strong>\u00a0na Organizacje Po\u017cytku Publicznego przelano \u0142\u0105cznie<strong>\u00a05236 z\u0142\u00a0<a href=\"https:\/\/ekoporty.szczecin.pl\/?page_id=46287\">(szczeg\u00f3\u0142y)<\/a><\/strong><\/p>\n<p>W dniu<strong>\u00a025.05.2022<\/strong>\u00a0na Organizacje Po\u017cytku Publicznego przelano \u0142\u0105cznie<strong>\u00a06818 z\u0142\u00a0<a href=\"https:\/\/ekoporty.szczecin.pl\/?page_id=46169\">(szczeg\u00f3\u0142y)<\/a><\/strong><\/p>\n<p>W dniu<strong>\u00a027.04.2022<\/strong>\u00a0na Organizacje Po\u017cytku Publicznego przelano \u0142\u0105cznie<strong>\u00a08042 z\u0142\u00a0<a href=\"https:\/\/ekoporty.szczecin.pl\/?page_id=46086\">(szczeg\u00f3\u0142y)<\/a><\/strong><\/p>\n<p>W dniu<strong>\u00a030.03.2022<\/strong>\u00a0na Organizacje Po\u017cytku Publicznego przelano \u0142\u0105cznie<strong>\u00a05071 z\u0142\u00a0<a href=\"https:\/\/ekoporty.szczecin.pl\/?page_id=45932\">(szczeg\u00f3\u0142y)<\/a><\/strong><\/p>\n<p>W dniu<strong>\u00a007.03.2022<\/strong>\u00a0na Organizacje Po\u017cytku Publicznego przelano \u0142\u0105cznie<strong>\u00a04257 z\u0142\u00a0<a href=\"https:\/\/ekoporty.szczecin.pl\/?page_id=45697&amp;preview=true\">(szczeg\u00f3\u0142y)<\/a><\/strong><\/p>\n<p>W dniu<strong>\u00a023.02.2022<\/strong>\u00a0na Organizacje Po\u017cytku Publicznego przelano \u0142\u0105cznie<strong>\u00a06728 z\u0142\u00a0<a href=\"https:\/\/ekoporty.szczecin.pl\/?page_id=45670\">(szczeg\u00f3\u0142y)<\/a><\/strong><\/p>\n<p>W dniu<strong>\u00a026.01.2022<\/strong>\u00a0na Organizacje Po\u017cytku Publicznego przelano \u0142\u0105cznie<strong>\u00a07087 z\u0142\u00a0<a href=\"https:\/\/ekoporty.szczecin.pl\/?page_id=29203\">(szczeg\u00f3\u0142y)<\/a><\/strong><\/p>\n","protected":false},"excerpt":{"rendered":"<p>\u0141\u0105cznie &#8211; 64 797 W dniu\u00a030.11.2022\u00a0na Organizacje Po\u017cytku Publicznego przelano \u0142\u0105cznie\u00a05334 z\u0142\u00a0(szczeg\u00f3\u0142y) W dniu\u00a026.10.2022\u00a0na Organizacje Po\u017cytku Publicznego przelano \u0142\u0105cznie\u00a08629 z\u0142\u00a0(szczeg\u00f3\u0142y) W dniu\u00a028.09.2022\u00a0na Organizacje Po\u017cytku Publicznego przelano \u0142\u0105cznie\u00a07595 z\u0142\u00a0(szczeg\u00f3\u0142y) W dniu\u00a029.06.2022\u00a0na Organizacje Po\u017cytku Publicznego przelano \u0142\u0105cznie\u00a05236 z\u0142\u00a0(szczeg\u00f3\u0142y) W dniu\u00a025.05.2022\u00a0na Organizacje Po\u017cytku Publicznego przelano \u0142\u0105cznie\u00a06818 z\u0142\u00a0(szczeg\u00f3\u0142y) W dniu\u00a027.04.2022\u00a0na Organizacje Po\u017cytku Publicznego przelano \u0142\u0105cznie\u00a08042 z\u0142\u00a0(szczeg\u00f3\u0142y) W dniu\u00a030.03.2022\u00a0na Organizacje &hellip; <a href=\"https:\/\/ekoporty.szczecin.pl\/?page_id=46436\" class=\"more-link\">Czytaj dalej <span class=\"screen-reader-text\">Wp\u0142aty 2022<\/span><\/a><\/p>\n","protected":false},"author":7,"featured_media":0,"parent":0,"menu_order":0,"comment_status":"closed","ping_status":"closed","template":"","meta":{"footnotes":""},"class_list":["post-46436","page","type-page","status-publish","hentry"],"yoast_head":"<!-- This site is optimized with the Yoast SEO plugin v27.4 - https:\/\/yoast.com\/product\/yoast-seo-wordpress\/ -->\n<title>Wp\u0142aty 2022 &#171; EKOPORTY SZCZECIN<\/title>\n<meta name=\"robots\" content=\"index, follow, max-snippet:-1, max-image-preview:large, max-video-preview:-1\" \/>\n<link rel=\"canonical\" href=\"https:\/\/ekoporty.szczecin.pl\/?page_id=46436\" \/>\n<meta property=\"og:locale\" content=\"pl_PL\" \/>\n<meta property=\"og:type\" content=\"article\" \/>\n<meta property=\"og:title\" content=\"Wp\u0142aty 2022 &#171; EKOPORTY SZCZECIN\" \/>\n<meta property=\"og:description\" content=\"\u0141\u0105cznie &#8211; 64 797 W dniu\u00a030.11.2022\u00a0na Organizacje Po\u017cytku Publicznego przelano \u0142\u0105cznie\u00a05334 z\u0142\u00a0(szczeg\u00f3\u0142y) W dniu\u00a026.10.2022\u00a0na Organizacje Po\u017cytku Publicznego przelano \u0142\u0105cznie\u00a08629 z\u0142\u00a0(szczeg\u00f3\u0142y) W dniu\u00a028.09.2022\u00a0na Organizacje Po\u017cytku Publicznego przelano \u0142\u0105cznie\u00a07595 z\u0142\u00a0(szczeg\u00f3\u0142y) W dniu\u00a029.06.2022\u00a0na Organizacje Po\u017cytku Publicznego przelano \u0142\u0105cznie\u00a05236 z\u0142\u00a0(szczeg\u00f3\u0142y) W dniu\u00a025.05.2022\u00a0na Organizacje Po\u017cytku Publicznego przelano \u0142\u0105cznie\u00a06818 z\u0142\u00a0(szczeg\u00f3\u0142y) W dniu\u00a027.04.2022\u00a0na Organizacje Po\u017cytku Publicznego przelano \u0142\u0105cznie\u00a08042 z\u0142\u00a0(szczeg\u00f3\u0142y) W dniu\u00a030.03.2022\u00a0na Organizacje &hellip; Czytaj dalej Wp\u0142aty 2022\" \/>\n<meta property=\"og:url\" content=\"https:\/\/ekoporty.szczecin.pl\/?page_id=46436\" \/>\n<meta property=\"og:site_name\" content=\"EKOPORTY SZCZECIN\" \/>\n<meta name=\"twitter:card\" content=\"summary_large_image\" \/>\n<meta name=\"twitter:label1\" content=\"Szacowany czas czytania\" \/>\n\t<meta name=\"twitter:data1\" content=\"1 minuta\" \/>\n<script type=\"application\/ld+json\" class=\"yoast-schema-graph\">{\"@context\":\"https:\\\/\\\/schema.org\",\"@graph\":[{\"@type\":\"WebPage\",\"@id\":\"https:\\\/\\\/ekoporty.szczecin.pl\\\/?page_id=46436\",\"url\":\"https:\\\/\\\/ekoporty.szczecin.pl\\\/?page_id=46436\",\"name\":\"Wp\u0142aty 2022 &#171; EKOPORTY SZCZECIN\",\"isPartOf\":{\"@id\":\"https:\\\/\\\/ekoporty.szczecin.pl\\\/#website\"},\"datePublished\":\"2022-12-08T10:03:35+00:00\",\"breadcrumb\":{\"@id\":\"https:\\\/\\\/ekoporty.szczecin.pl\\\/?page_id=46436#breadcrumb\"},\"inLanguage\":\"pl-PL\",\"potentialAction\":[{\"@type\":\"ReadAction\",\"target\":[\"https:\\\/\\\/ekoporty.szczecin.pl\\\/?page_id=46436\"]}]},{\"@type\":\"BreadcrumbList\",\"@id\":\"https:\\\/\\\/ekoporty.szczecin.pl\\\/?page_id=46436#breadcrumb\",\"itemListElement\":[{\"@type\":\"ListItem\",\"position\":1,\"name\":\"Strona g\u0142\u00f3wna\",\"item\":\"https:\\\/\\\/ekoporty.szczecin.pl\\\/\"},{\"@type\":\"ListItem\",\"position\":2,\"name\":\"Wp\u0142aty 2022\"}]},{\"@type\":\"WebSite\",\"@id\":\"https:\\\/\\\/ekoporty.szczecin.pl\\\/#website\",\"url\":\"https:\\\/\\\/ekoporty.szczecin.pl\\\/\",\"name\":\"Ekoporty\",\"description\":\"ZUK Szczecin - Punkty Selektywnej Zbi\u00f3rki Odpad\u00f3w Komunalnych - Zapraszamy\",\"publisher\":{\"@id\":\"https:\\\/\\\/ekoporty.szczecin.pl\\\/#organization\"},\"potentialAction\":[{\"@type\":\"SearchAction\",\"target\":{\"@type\":\"EntryPoint\",\"urlTemplate\":\"https:\\\/\\\/ekoporty.szczecin.pl\\\/?s={search_term_string}\"},\"query-input\":{\"@type\":\"PropertyValueSpecification\",\"valueRequired\":true,\"valueName\":\"search_term_string\"}}],\"inLanguage\":\"pl-PL\"},{\"@type\":\"Organization\",\"@id\":\"https:\\\/\\\/ekoporty.szczecin.pl\\\/#organization\",\"name\":\"Zak\u0142ad Us\u0142ug Komunalnych Szczecin\",\"url\":\"https:\\\/\\\/ekoporty.szczecin.pl\\\/\",\"logo\":{\"@type\":\"ImageObject\",\"inLanguage\":\"pl-PL\",\"@id\":\"https:\\\/\\\/ekoporty.szczecin.pl\\\/#\\\/schema\\\/logo\\\/image\\\/\",\"url\":\"http:\\\/\\\/ekoporty.szczecin.pl\\\/wp-content\\\/uploads\\\/2018\\\/03\\\/logo5.jpg\",\"contentUrl\":\"http:\\\/\\\/ekoporty.szczecin.pl\\\/wp-content\\\/uploads\\\/2018\\\/03\\\/logo5.jpg\",\"width\":260,\"height\":66,\"caption\":\"Zak\u0142ad Us\u0142ug Komunalnych Szczecin\"},\"image\":{\"@id\":\"https:\\\/\\\/ekoporty.szczecin.pl\\\/#\\\/schema\\\/logo\\\/image\\\/\"}}]}<\/script>\n<!-- \/ Yoast SEO plugin. -->","yoast_head_json":{"title":"Wp\u0142aty 2022 &#171; EKOPORTY SZCZECIN","robots":{"index":"index","follow":"follow","max-snippet":"max-snippet:-1","max-image-preview":"max-image-preview:large","max-video-preview":"max-video-preview:-1"},"canonical":"https:\/\/ekoporty.szczecin.pl\/?page_id=46436","og_locale":"pl_PL","og_type":"article","og_title":"Wp\u0142aty 2022 &#171; EKOPORTY SZCZECIN","og_description":"\u0141\u0105cznie &#8211; 64 797 W dniu\u00a030.11.2022\u00a0na Organizacje Po\u017cytku Publicznego przelano \u0142\u0105cznie\u00a05334 z\u0142\u00a0(szczeg\u00f3\u0142y) W dniu\u00a026.10.2022\u00a0na Organizacje Po\u017cytku Publicznego przelano \u0142\u0105cznie\u00a08629 z\u0142\u00a0(szczeg\u00f3\u0142y) W dniu\u00a028.09.2022\u00a0na Organizacje Po\u017cytku Publicznego przelano \u0142\u0105cznie\u00a07595 z\u0142\u00a0(szczeg\u00f3\u0142y) W dniu\u00a029.06.2022\u00a0na Organizacje Po\u017cytku Publicznego przelano \u0142\u0105cznie\u00a05236 z\u0142\u00a0(szczeg\u00f3\u0142y) W dniu\u00a025.05.2022\u00a0na Organizacje Po\u017cytku Publicznego przelano \u0142\u0105cznie\u00a06818 z\u0142\u00a0(szczeg\u00f3\u0142y) W dniu\u00a027.04.2022\u00a0na Organizacje Po\u017cytku Publicznego przelano \u0142\u0105cznie\u00a08042 z\u0142\u00a0(szczeg\u00f3\u0142y) W dniu\u00a030.03.2022\u00a0na Organizacje &hellip; Czytaj dalej Wp\u0142aty 2022","og_url":"https:\/\/ekoporty.szczecin.pl\/?page_id=46436","og_site_name":"EKOPORTY SZCZECIN","twitter_card":"summary_large_image","twitter_misc":{"Szacowany czas czytania":"1 minuta"},"schema":{"@context":"https:\/\/schema.org","@graph":[{"@type":"WebPage","@id":"https:\/\/ekoporty.szczecin.pl\/?page_id=46436","url":"https:\/\/ekoporty.szczecin.pl\/?page_id=46436","name":"Wp\u0142aty 2022 &#171; EKOPORTY SZCZECIN","isPartOf":{"@id":"https:\/\/ekoporty.szczecin.pl\/#website"},"datePublished":"2022-12-08T10:03:35+00:00","breadcrumb":{"@id":"https:\/\/ekoporty.szczecin.pl\/?page_id=46436#breadcrumb"},"inLanguage":"pl-PL","potentialAction":[{"@type":"ReadAction","target":["https:\/\/ekoporty.szczecin.pl\/?page_id=46436"]}]},{"@type":"BreadcrumbList","@id":"https:\/\/ekoporty.szczecin.pl\/?page_id=46436#breadcrumb","itemListElement":[{"@type":"ListItem","position":1,"name":"Strona g\u0142\u00f3wna","item":"https:\/\/ekoporty.szczecin.pl\/"},{"@type":"ListItem","position":2,"name":"Wp\u0142aty 2022"}]},{"@type":"WebSite","@id":"https:\/\/ekoporty.szczecin.pl\/#website","url":"https:\/\/ekoporty.szczecin.pl\/","name":"Ekoporty","description":"ZUK Szczecin - Punkty Selektywnej Zbi\u00f3rki Odpad\u00f3w Komunalnych - Zapraszamy","publisher":{"@id":"https:\/\/ekoporty.szczecin.pl\/#organization"},"potentialAction":[{"@type":"SearchAction","target":{"@type":"EntryPoint","urlTemplate":"https:\/\/ekoporty.szczecin.pl\/?s={search_term_string}"},"query-input":{"@type":"PropertyValueSpecification","valueRequired":true,"valueName":"search_term_string"}}],"inLanguage":"pl-PL"},{"@type":"Organization","@id":"https:\/\/ekoporty.szczecin.pl\/#organization","name":"Zak\u0142ad Us\u0142ug Komunalnych Szczecin","url":"https:\/\/ekoporty.szczecin.pl\/","logo":{"@type":"ImageObject","inLanguage":"pl-PL","@id":"https:\/\/ekoporty.szczecin.pl\/#\/schema\/logo\/image\/","url":"http:\/\/ekoporty.szczecin.pl\/wp-content\/uploads\/2018\/03\/logo5.jpg","contentUrl":"http:\/\/ekoporty.szczecin.pl\/wp-content\/uploads\/2018\/03\/logo5.jpg","width":260,"height":66,"caption":"Zak\u0142ad Us\u0142ug Komunalnych Szczecin"},"image":{"@id":"https:\/\/ekoporty.szczecin.pl\/#\/schema\/logo\/image\/"}}]}},"jetpack_sharing_enabled":true,"jetpack_shortlink":"https:\/\/wp.me\/P8ZWwp-c4Y","_links":{"self":[{"href":"https:\/\/ekoporty.szczecin.pl\/index.php?rest_route=\/wp\/v2\/pages\/46436","targetHints":{"allow":["GET"]}}],"collection":[{"href":"https:\/\/ekoporty.szczecin.pl\/index.php?rest_route=\/wp\/v2\/pages"}],"about":[{"href":"https:\/\/ekoporty.szczecin.pl\/index.php?rest_route=\/wp\/v2\/types\/page"}],"author":[{"embeddable":true,"href":"https:\/\/ekoporty.szczecin.pl\/index.php?rest_route=\/wp\/v2\/users\/7"}],"replies":[{"embeddable":true,"href":"https:\/\/ekoporty.szczecin.pl\/index.php?rest_route=%2Fwp%2Fv2%2Fcomments&post=46436"}],"version-history":[{"count":1,"href":"https:\/\/ekoporty.szczecin.pl\/index.php?rest_route=\/wp\/v2\/pages\/46436\/revisions"}],"predecessor-version":[{"id":46437,"href":"https:\/\/ekoporty.szczecin.pl\/index.php?rest_route=\/wp\/v2\/pages\/46436\/revisions\/46437"}],"wp:attachment":[{"href":"https:\/\/ekoporty.szczecin.pl\/index.php?rest_route=%2Fwp%2Fv2%2Fmedia&parent=46436"}],"curies":[{"name":"wp","href":"https:\/\/api.w.org\/{rel}","templated":true}]}}