{"id":46681,"date":"2023-09-05T11:42:45","date_gmt":"2023-09-05T09:42:45","guid":{"rendered":"http:\/\/ekoporty.szczecin.pl\/?page_id=46681"},"modified":"2024-05-21T09:47:28","modified_gmt":"2024-05-21T07:47:28","slug":"aktualnosci-galerii-szpargalek","status":"publish","type":"page","link":"https:\/\/ekoporty.szczecin.pl\/?page_id=46681","title":{"rendered":"Aktualno\u015bci Galerii Szparga\u0142ek"},"content":{"rendered":"<p><strong><span style=\"font-size: 20px;\">Godziny otwarcia:<\/span><\/strong><\/p>\n<p>Galerie G\u0142\u00f3wne &#8211; od godziny 10:00 do 17:00<\/p>\n<p>Galerie tylko z cz\u0119\u015bci\u0105 gabarytow\u0105 oraz galeria specjalna &#8211; od godziny 10:00 do 13:00<\/p>\n<p><span style=\"color: #ff0000;\"><strong><span style=\"font-size: 20px;\">Najcz\u0119\u015bciej zadawane pytania:<\/span><\/strong><\/span><\/p>\n<div class=\"x11i5rnm xat24cr x1mh8g0r x1vvkbs xtlvy1s x126k92a\">\n<div dir=\"auto\"><strong>1. Gdzie jest Galeria Szparga\u0142ek?<\/strong><\/div>\n<div dir=\"auto\">Galeria Szparga\u0142ek znajduje si\u0119 na terenie Ekoportu &#8211; Arko\u0144ska 39 (r\u00f3g Arko\u0144skiej i Harcerzy)<\/div>\n<\/div>\n<div class=\"x11i5rnm xat24cr x1mh8g0r x1vvkbs xtlvy1s x126k92a\">\n<div dir=\"auto\">\u00a0<\/div>\n<div dir=\"auto\"><strong>2. Ile kosztuj\u0105 rzeczy na Galerii Szparga\u0142ek?<\/strong><\/div>\n<\/div>\n<div class=\"x11i5rnm xat24cr x1mh8g0r x1vvkbs xtlvy1s x126k92a\">\n<div dir=\"auto\">Wszystkie przedmioty w Galerii Szparga\u0142ek wycenione s\u0105 w PUNKTACH.<\/div>\n<div dir=\"auto\">1 PKT= 1 Z\u0141<\/div>\n<div dir=\"auto\">\u00a0<\/div>\n<\/div>\n<div class=\"x11i5rnm xat24cr x1mh8g0r x1vvkbs xtlvy1s x126k92a\">\n<div dir=\"auto\"><strong>3. Jak zdoby\u0107 punkty?<\/strong><\/div>\n<\/div>\n<div class=\"x11i5rnm xat24cr x1mh8g0r x1vvkbs xtlvy1s x126k92a\">\n<div dir=\"auto\">Punkty s\u0105 r\u00f3wnowarto\u015bci\u0105 kwoty liczonej w z\u0142ot\u00f3wkach przelanej charytatywnie na konto wybranej Organizacji Po\u017cytku Publicznego (OPP).<\/div>\n<div dir=\"auto\">\u00a0<\/div>\n<\/div>\n<div class=\"x11i5rnm xat24cr x1mh8g0r x1vvkbs xtlvy1s x126k92a\">\n<div dir=\"auto\"><strong>4. Na jakie OPP mo\u017cna wp\u0142aca\u0107?<\/strong><\/div>\n<div dir=\"auto\">1) wsp\u00f3\u0142pracuj\u0105ce z Galeri\u0105 Szparga\u0142ek. Lista Organizacji, z kt\u00f3rymi zawarta jest umowa dost\u0119pna jest na stronie www. ekoporty.szczecin.pl w zak\u0142adce Galeria Szparga\u0142ek -&gt; Lista organizacji.<\/div>\n<div dir=\"auto\">2) Organizacje niewsp\u00f3\u0142pracuj\u0105ce z Galeri\u0105.<\/div>\n<div dir=\"auto\">a) reprezentuj\u0105ce indywidualnych beneficjent\u00f3w posiadaj\u0105cych subkonto w danej Organizacjach. Organizacja taka nie musi mie\u0107 siedziby ani rejestracji w Szczecinie, ale warunkiem honorowania wp\u0142aty jest osoba beneficjenta: musi by\u0142 mieszka\u0144cem Gminy Miasto Szczecin.<\/div>\n<div dir=\"auto\">(Dla przyk\u0142adu &#8211; fundacja X zarejestrowana w Krakowie, prowadzi zbi\u00f3rk\u0119 na indywidualne konto osoby ze Szczecina).<\/div>\n<div dir=\"auto\">b) Organizacje, Fundacje, Stowarzyszenia Zwyk\u0142e, realizuj\u0105ce w statucie zadania w\u0142asne na rzecz mieszka\u0144c\u00f3w i spraw lokalnych naszego miasta.<\/div>\n<div dir=\"auto\">\u00a0<\/div>\n<\/div>\n<div class=\"x11i5rnm xat24cr x1mh8g0r x1vvkbs xtlvy1s x126k92a\">\n<div dir=\"auto\"><strong>5. Czy mo\u017cna przywozi\u0107 rzeczy na Galerie Szparga\u0142ek?<\/strong><\/div>\n<\/div>\n<div class=\"x11i5rnm xat24cr x1mh8g0r x1vvkbs xtlvy1s x126k92a\">\n<div dir=\"auto\">Wszystkie dostarczone przedmioty s\u0105 traktowane jako odpad. Pracownicy Ekoportu decyduj\u0105 czy przedmiot nadaje si\u0119 do umieszczenia w Galerii Szparga\u0142ek. Przedmioty mo\u017cna dostarcza\u0107 zawsze w godzinach pracy Ekoportu, to jest od poniedzia\u0142ku do pi\u0105tku w godzinach 9-19, soboty 9-15.<\/div>\n<div dir=\"auto\">\u00a0<\/div>\n<\/div>\n<div class=\"x11i5rnm xat24cr x1mh8g0r x1vvkbs xtlvy1s x126k92a\">\n<div dir=\"auto\"><strong>6. Jak mo\u017cna wp\u0142aci\u0107 pieni\u0105dze?<\/strong><\/div>\n<div dir=\"auto\">Galeria Szparga\u0142ek nie przyjmuje got\u00f3wki. Wp\u0142acaj\u0105c nale\u017cy zrobi\u0107 przelew na wybrany przez siebie cel wed\u0142ug wskaza\u0144 z pkt 4 i okaza\u0107 dow\u00f3d wp\u0142aty (w dowolnej formie) pracownikowi Galerii Szparga\u0142ek. Przelewu mo\u017cna dokona\u0107 na miejscu korzystaj\u0105c ze swojego urz\u0105dzenia umo\u017cliwiaj\u0105cego prowadzenie elektronicznej dzia\u0142alno\u015bci bankowej (np. telefon). W Galerii s\u0142u\u017cymy pomoc\u0105, udost\u0119pniamy wszelkich niezb\u0119dnych informacji, w tym o numerach kont bankowych Organizacji z naszej listy.<\/div>\n<div dir=\"auto\">\u00a0<\/div>\n<\/div>\n<div class=\"x11i5rnm xat24cr x1mh8g0r x1vvkbs xtlvy1s x126k92a\">\n<div dir=\"auto\"><strong>7. Wp\u0142acono wi\u0119cej \u015brodk\u00f3w ni\u017c wykorzystano.<\/strong><\/div>\n<\/div>\n<div class=\"x11i5rnm xat24cr x1mh8g0r x1vvkbs xtlvy1s x126k92a\">\n<div dir=\"auto\">Galeria wydaje bony na niewykorzystane punkty. Bon okre\u015bla r\u00f3\u017cnice wyra\u017con\u0105 w punktach, pomi\u0119dzy wp\u0142at\u0105 \u015brodk\u00f3w a sum\u0105 wykorzystanych punkt\u00f3w na Galerii. Bon jest wa\u017cny bezterminowo i mo\u017cna go wykorzysta\u0107 podczas kolejnych edycji Galerii Szparga\u0142ek.<\/div>\n<div dir=\"auto\">Wi\u0119cej odpowiedzi dotycz\u0105cych funkcjonowania Galerii Szparga\u0142ek dost\u0119pnych jest na stronie <a class=\"x1i10hfl xjbqb8w x6umtig x1b1mbwd xaqea5y xav7gou x9f619 x1ypdohk xt0psk2 xe8uvvx xdj266r x11i5rnm xat24cr x1mh8g0r xexx8yu x4uap5 x18d9i69 xkhd6sd x16tdsg8 x1hl2dhg xggy1nq x1a2a7pz xt0b8zv x1fey0fg\" href=\"http:\/\/www.ekoporty.szczecin.pl\/\" rel=\"nofollow noopener\" role=\"link\" target=\"_blank\" tabindex=\"0\">www.ekoporty.szczecin.PL<\/a> w zak\u0142adce Galeria Szparga\u0142ek -&gt; Zasady funkcjonowania Galerii<\/div>\n<div dir=\"auto\">\u00a0<\/div>\n<\/div>\n<div class=\"x11i5rnm xat24cr x1mh8g0r x1vvkbs xtlvy1s x126k92a\">\n<div dir=\"auto\"><strong>8. Czy Galeria Szparga\u0142ek pobiera jakie\u015b prowizje?<\/strong><\/div>\n<\/div>\n<div class=\"x11i5rnm xat24cr x1mh8g0r x1vvkbs xtlvy1s x126k92a\">\n<div dir=\"auto\">Nie. Galeria Szparga\u0142ek nie pobiera \u017cadnych prowizji, ani w \u017caden inny spos\u00f3b nie po\u015bredniczy w przelaniu \u015brodk\u00f3w przez darczy\u0144c\u0119 na rzecz wskazanego przez niego podmiotu.<\/div>\n<\/div>\n","protected":false},"excerpt":{"rendered":"<p>Godziny otwarcia: Galerie G\u0142\u00f3wne &#8211; od godziny 10:00 do 17:00 Galerie tylko z cz\u0119\u015bci\u0105 gabarytow\u0105 oraz galeria specjalna &#8211; od godziny 10:00 do 13:00 Najcz\u0119\u015bciej zadawane pytania: 1. Gdzie jest Galeria Szparga\u0142ek? Galeria Szparga\u0142ek znajduje si\u0119 na terenie Ekoportu &#8211; Arko\u0144ska 39 (r\u00f3g Arko\u0144skiej i Harcerzy) \u00a0 2. Ile kosztuj\u0105 rzeczy na Galerii Szparga\u0142ek? Wszystkie &hellip; <a href=\"https:\/\/ekoporty.szczecin.pl\/?page_id=46681\" class=\"more-link\">Czytaj dalej <span class=\"screen-reader-text\">Aktualno\u015bci Galerii Szparga\u0142ek<\/span><\/a><\/p>\n","protected":false},"author":7,"featured_media":0,"parent":0,"menu_order":0,"comment_status":"closed","ping_status":"closed","template":"","meta":{"footnotes":""},"class_list":["post-46681","page","type-page","status-publish","hentry"],"yoast_head":"<!-- This site is optimized with the Yoast SEO plugin v27.6 - https:\/\/yoast.com\/product\/yoast-seo-wordpress\/ -->\n<title>Aktualno\u015bci Galerii Szparga\u0142ek &#171; EKOPORTY SZCZECIN<\/title>\n<meta name=\"robots\" content=\"index, follow, max-snippet:-1, max-image-preview:large, max-video-preview:-1\" \/>\n<link rel=\"canonical\" href=\"https:\/\/ekoporty.szczecin.pl\/?page_id=46681\" \/>\n<meta property=\"og:locale\" content=\"pl_PL\" \/>\n<meta property=\"og:type\" content=\"article\" \/>\n<meta property=\"og:title\" content=\"Aktualno\u015bci Galerii Szparga\u0142ek &#171; EKOPORTY SZCZECIN\" \/>\n<meta property=\"og:description\" content=\"Godziny otwarcia: Galerie G\u0142\u00f3wne &#8211; od godziny 10:00 do 17:00 Galerie tylko z cz\u0119\u015bci\u0105 gabarytow\u0105 oraz galeria specjalna &#8211; od godziny 10:00 do 13:00 Najcz\u0119\u015bciej zadawane pytania: 1. Gdzie jest Galeria Szparga\u0142ek? Galeria Szparga\u0142ek znajduje si\u0119 na terenie Ekoportu &#8211; Arko\u0144ska 39 (r\u00f3g Arko\u0144skiej i Harcerzy) \u00a0 2. Ile kosztuj\u0105 rzeczy na Galerii Szparga\u0142ek? Wszystkie &hellip; Czytaj dalej Aktualno\u015bci Galerii Szparga\u0142ek\" \/>\n<meta property=\"og:url\" content=\"https:\/\/ekoporty.szczecin.pl\/?page_id=46681\" \/>\n<meta property=\"og:site_name\" content=\"EKOPORTY SZCZECIN\" \/>\n<meta property=\"article:modified_time\" content=\"2024-05-21T07:47:28+00:00\" \/>\n<meta name=\"twitter:card\" content=\"summary_large_image\" \/>\n<meta name=\"twitter:label1\" content=\"Szacowany czas czytania\" \/>\n\t<meta name=\"twitter:data1\" content=\"3 minuty\" \/>\n<script type=\"application\/ld+json\" class=\"yoast-schema-graph\">{\"@context\":\"https:\\\/\\\/schema.org\",\"@graph\":[{\"@type\":\"WebPage\",\"@id\":\"https:\\\/\\\/ekoporty.szczecin.pl\\\/?page_id=46681\",\"url\":\"https:\\\/\\\/ekoporty.szczecin.pl\\\/?page_id=46681\",\"name\":\"Aktualno\u015bci Galerii Szparga\u0142ek &#171; EKOPORTY SZCZECIN\",\"isPartOf\":{\"@id\":\"https:\\\/\\\/ekoporty.szczecin.pl\\\/#website\"},\"datePublished\":\"2023-09-05T09:42:45+00:00\",\"dateModified\":\"2024-05-21T07:47:28+00:00\",\"breadcrumb\":{\"@id\":\"https:\\\/\\\/ekoporty.szczecin.pl\\\/?page_id=46681#breadcrumb\"},\"inLanguage\":\"pl-PL\",\"potentialAction\":[{\"@type\":\"ReadAction\",\"target\":[\"https:\\\/\\\/ekoporty.szczecin.pl\\\/?page_id=46681\"]}]},{\"@type\":\"BreadcrumbList\",\"@id\":\"https:\\\/\\\/ekoporty.szczecin.pl\\\/?page_id=46681#breadcrumb\",\"itemListElement\":[{\"@type\":\"ListItem\",\"position\":1,\"name\":\"Strona g\u0142\u00f3wna\",\"item\":\"https:\\\/\\\/ekoporty.szczecin.pl\\\/\"},{\"@type\":\"ListItem\",\"position\":2,\"name\":\"Aktualno\u015bci Galerii Szparga\u0142ek\"}]},{\"@type\":\"WebSite\",\"@id\":\"https:\\\/\\\/ekoporty.szczecin.pl\\\/#website\",\"url\":\"https:\\\/\\\/ekoporty.szczecin.pl\\\/\",\"name\":\"Ekoporty\",\"description\":\"ZUK Szczecin - Punkty Selektywnej Zbi\u00f3rki Odpad\u00f3w Komunalnych - Zapraszamy\",\"publisher\":{\"@id\":\"https:\\\/\\\/ekoporty.szczecin.pl\\\/#organization\"},\"potentialAction\":[{\"@type\":\"SearchAction\",\"target\":{\"@type\":\"EntryPoint\",\"urlTemplate\":\"https:\\\/\\\/ekoporty.szczecin.pl\\\/?s={search_term_string}\"},\"query-input\":{\"@type\":\"PropertyValueSpecification\",\"valueRequired\":true,\"valueName\":\"search_term_string\"}}],\"inLanguage\":\"pl-PL\"},{\"@type\":\"Organization\",\"@id\":\"https:\\\/\\\/ekoporty.szczecin.pl\\\/#organization\",\"name\":\"Zak\u0142ad Us\u0142ug Komunalnych Szczecin\",\"url\":\"https:\\\/\\\/ekoporty.szczecin.pl\\\/\",\"logo\":{\"@type\":\"ImageObject\",\"inLanguage\":\"pl-PL\",\"@id\":\"https:\\\/\\\/ekoporty.szczecin.pl\\\/#\\\/schema\\\/logo\\\/image\\\/\",\"url\":\"http:\\\/\\\/ekoporty.szczecin.pl\\\/wp-content\\\/uploads\\\/2018\\\/03\\\/logo5.jpg\",\"contentUrl\":\"http:\\\/\\\/ekoporty.szczecin.pl\\\/wp-content\\\/uploads\\\/2018\\\/03\\\/logo5.jpg\",\"width\":260,\"height\":66,\"caption\":\"Zak\u0142ad Us\u0142ug Komunalnych Szczecin\"},\"image\":{\"@id\":\"https:\\\/\\\/ekoporty.szczecin.pl\\\/#\\\/schema\\\/logo\\\/image\\\/\"}}]}<\/script>\n<!-- \/ Yoast SEO plugin. -->","yoast_head_json":{"title":"Aktualno\u015bci Galerii Szparga\u0142ek &#171; EKOPORTY SZCZECIN","robots":{"index":"index","follow":"follow","max-snippet":"max-snippet:-1","max-image-preview":"max-image-preview:large","max-video-preview":"max-video-preview:-1"},"canonical":"https:\/\/ekoporty.szczecin.pl\/?page_id=46681","og_locale":"pl_PL","og_type":"article","og_title":"Aktualno\u015bci Galerii Szparga\u0142ek &#171; EKOPORTY SZCZECIN","og_description":"Godziny otwarcia: Galerie G\u0142\u00f3wne &#8211; od godziny 10:00 do 17:00 Galerie tylko z cz\u0119\u015bci\u0105 gabarytow\u0105 oraz galeria specjalna &#8211; od godziny 10:00 do 13:00 Najcz\u0119\u015bciej zadawane pytania: 1. Gdzie jest Galeria Szparga\u0142ek? Galeria Szparga\u0142ek znajduje si\u0119 na terenie Ekoportu &#8211; Arko\u0144ska 39 (r\u00f3g Arko\u0144skiej i Harcerzy) \u00a0 2. Ile kosztuj\u0105 rzeczy na Galerii Szparga\u0142ek? Wszystkie &hellip; Czytaj dalej Aktualno\u015bci Galerii Szparga\u0142ek","og_url":"https:\/\/ekoporty.szczecin.pl\/?page_id=46681","og_site_name":"EKOPORTY SZCZECIN","article_modified_time":"2024-05-21T07:47:28+00:00","twitter_card":"summary_large_image","twitter_misc":{"Szacowany czas czytania":"3 minuty"},"schema":{"@context":"https:\/\/schema.org","@graph":[{"@type":"WebPage","@id":"https:\/\/ekoporty.szczecin.pl\/?page_id=46681","url":"https:\/\/ekoporty.szczecin.pl\/?page_id=46681","name":"Aktualno\u015bci Galerii Szparga\u0142ek &#171; EKOPORTY SZCZECIN","isPartOf":{"@id":"https:\/\/ekoporty.szczecin.pl\/#website"},"datePublished":"2023-09-05T09:42:45+00:00","dateModified":"2024-05-21T07:47:28+00:00","breadcrumb":{"@id":"https:\/\/ekoporty.szczecin.pl\/?page_id=46681#breadcrumb"},"inLanguage":"pl-PL","potentialAction":[{"@type":"ReadAction","target":["https:\/\/ekoporty.szczecin.pl\/?page_id=46681"]}]},{"@type":"BreadcrumbList","@id":"https:\/\/ekoporty.szczecin.pl\/?page_id=46681#breadcrumb","itemListElement":[{"@type":"ListItem","position":1,"name":"Strona g\u0142\u00f3wna","item":"https:\/\/ekoporty.szczecin.pl\/"},{"@type":"ListItem","position":2,"name":"Aktualno\u015bci Galerii Szparga\u0142ek"}]},{"@type":"WebSite","@id":"https:\/\/ekoporty.szczecin.pl\/#website","url":"https:\/\/ekoporty.szczecin.pl\/","name":"Ekoporty","description":"ZUK Szczecin - Punkty Selektywnej Zbi\u00f3rki Odpad\u00f3w Komunalnych - Zapraszamy","publisher":{"@id":"https:\/\/ekoporty.szczecin.pl\/#organization"},"potentialAction":[{"@type":"SearchAction","target":{"@type":"EntryPoint","urlTemplate":"https:\/\/ekoporty.szczecin.pl\/?s={search_term_string}"},"query-input":{"@type":"PropertyValueSpecification","valueRequired":true,"valueName":"search_term_string"}}],"inLanguage":"pl-PL"},{"@type":"Organization","@id":"https:\/\/ekoporty.szczecin.pl\/#organization","name":"Zak\u0142ad Us\u0142ug Komunalnych Szczecin","url":"https:\/\/ekoporty.szczecin.pl\/","logo":{"@type":"ImageObject","inLanguage":"pl-PL","@id":"https:\/\/ekoporty.szczecin.pl\/#\/schema\/logo\/image\/","url":"http:\/\/ekoporty.szczecin.pl\/wp-content\/uploads\/2018\/03\/logo5.jpg","contentUrl":"http:\/\/ekoporty.szczecin.pl\/wp-content\/uploads\/2018\/03\/logo5.jpg","width":260,"height":66,"caption":"Zak\u0142ad Us\u0142ug Komunalnych Szczecin"},"image":{"@id":"https:\/\/ekoporty.szczecin.pl\/#\/schema\/logo\/image\/"}}]}},"jetpack_sharing_enabled":true,"jetpack_shortlink":"https:\/\/wp.me\/P8ZWwp-c8V","_links":{"self":[{"href":"https:\/\/ekoporty.szczecin.pl\/index.php?rest_route=\/wp\/v2\/pages\/46681","targetHints":{"allow":["GET"]}}],"collection":[{"href":"https:\/\/ekoporty.szczecin.pl\/index.php?rest_route=\/wp\/v2\/pages"}],"about":[{"href":"https:\/\/ekoporty.szczecin.pl\/index.php?rest_route=\/wp\/v2\/types\/page"}],"author":[{"embeddable":true,"href":"https:\/\/ekoporty.szczecin.pl\/index.php?rest_route=\/wp\/v2\/users\/7"}],"replies":[{"embeddable":true,"href":"https:\/\/ekoporty.szczecin.pl\/index.php?rest_route=%2Fwp%2Fv2%2Fcomments&post=46681"}],"version-history":[{"count":5,"href":"https:\/\/ekoporty.szczecin.pl\/index.php?rest_route=\/wp\/v2\/pages\/46681\/revisions"}],"predecessor-version":[{"id":47011,"href":"https:\/\/ekoporty.szczecin.pl\/index.php?rest_route=\/wp\/v2\/pages\/46681\/revisions\/47011"}],"wp:attachment":[{"href":"https:\/\/ekoporty.szczecin.pl\/index.php?rest_route=%2Fwp%2Fv2%2Fmedia&parent=46681"}],"curies":[{"name":"wp","href":"https:\/\/api.w.org\/{rel}","templated":true}]}}