{"id":4682,"date":"2018-04-14T14:01:20","date_gmt":"2018-04-14T12:01:20","guid":{"rendered":"http:\/\/ekoporty.szczecin.pl\/?page_id=4682"},"modified":"2022-02-04T14:11:43","modified_gmt":"2022-02-04T13:11:43","slug":"4682-2","status":"publish","type":"page","link":"https:\/\/ekoporty.szczecin.pl\/?page_id=4682","title":{"rendered":"Zasady przyjmowania selektywnie zbieranych odpad\u00f3w do specjalistycznych pojemnik\u00f3w lub kontener\u00f3w"},"content":{"rendered":"<p><code><div class=\"_df_book df-lite\" id=\"df_29219\"  _slug=\"co-przyjmujemy-w-ekoportach\" data-title=\"co-przyjmujemy-w-ekoportach\" wpoptions=\"true\" thumb=\"http:\/\/ekoporty.szczecin.pl\/wp-content\/uploads\/2022\/01\/IMG_3031.jpg\" thumbtype=\"\" ><\/div><script class=\"df-shortcode-script\" nowprocket type=\"application\/javascript\">window.option_df_29219 = {\"outline\":[],\"autoEnableOutline\":\"false\",\"autoEnableThumbnail\":\"false\",\"overwritePDFOutline\":\"false\",\"direction\":\"1\",\"pageSize\":\"0\",\"soundEnable\":\"false\",\"autoPlay\":\"true\",\"source\":\"http:\\\/\\\/ekoporty.szczecin.pl\\\/wp-content\\\/uploads\\\/2022\\\/02\\\/EKOPORT_Broszura_2023.pdf\",\"wpOptions\":\"true\"}; if(window.DFLIP && window.DFLIP.parseBooks){window.DFLIP.parseBooks();}<\/script><\/code><\/p>\n<p style=\"text-align: center;\"><a href=\"https:\/\/ekoporty.szczecin.pl\/wp-content\/uploads\/2021\/04\/EKOPORT_Broszura_wersja-2021_A5_3mm_spad-ostateczna.pdf\"><span style=\"font-size: 24pt;\"><strong>Mo\u017cesz te\u017c pobra\u0107 dokument &#8211; (pobierz PDF)<\/strong><\/span><\/a><\/p>\n","protected":false},"excerpt":{"rendered":"<p>Mo\u017cesz te\u017c pobra\u0107 dokument &#8211; (pobierz PDF)<\/p>\n","protected":false},"author":7,"featured_media":0,"parent":0,"menu_order":0,"comment_status":"closed","ping_status":"closed","template":"","meta":{"footnotes":""},"class_list":["post-4682","page","type-page","status-publish","hentry"],"yoast_head":"<!-- This site is optimized with the Yoast SEO plugin v27.5 - https:\/\/yoast.com\/product\/yoast-seo-wordpress\/ -->\n<title>Zasady przyjmowania selektywnie zbieranych odpad\u00f3w do specjalistycznych pojemnik\u00f3w lub kontener\u00f3w &#171; EKOPORTY SZCZECIN<\/title>\n<meta name=\"robots\" content=\"index, follow, max-snippet:-1, max-image-preview:large, max-video-preview:-1\" \/>\n<link rel=\"canonical\" href=\"https:\/\/ekoporty.szczecin.pl\/?page_id=4682\" \/>\n<meta property=\"og:locale\" content=\"pl_PL\" \/>\n<meta property=\"og:type\" content=\"article\" \/>\n<meta property=\"og:title\" content=\"Zasady przyjmowania selektywnie zbieranych odpad\u00f3w do specjalistycznych pojemnik\u00f3w lub kontener\u00f3w &#171; EKOPORTY SZCZECIN\" \/>\n<meta property=\"og:description\" content=\"Mo\u017cesz te\u017c pobra\u0107 dokument &#8211; (pobierz PDF)\" \/>\n<meta property=\"og:url\" content=\"https:\/\/ekoporty.szczecin.pl\/?page_id=4682\" \/>\n<meta property=\"og:site_name\" content=\"EKOPORTY SZCZECIN\" \/>\n<meta property=\"article:modified_time\" content=\"2022-02-04T13:11:43+00:00\" \/>\n<meta name=\"twitter:card\" content=\"summary_large_image\" \/>\n<meta name=\"twitter:label1\" content=\"Szacowany czas czytania\" \/>\n\t<meta name=\"twitter:data1\" content=\"1 minuta\" \/>\n<script type=\"application\/ld+json\" class=\"yoast-schema-graph\">{\"@context\":\"https:\\\/\\\/schema.org\",\"@graph\":[{\"@type\":\"WebPage\",\"@id\":\"https:\\\/\\\/ekoporty.szczecin.pl\\\/?page_id=4682\",\"url\":\"https:\\\/\\\/ekoporty.szczecin.pl\\\/?page_id=4682\",\"name\":\"Zasady przyjmowania selektywnie zbieranych odpad\u00f3w do specjalistycznych pojemnik\u00f3w lub kontener\u00f3w &#171; EKOPORTY SZCZECIN\",\"isPartOf\":{\"@id\":\"https:\\\/\\\/ekoporty.szczecin.pl\\\/#website\"},\"datePublished\":\"2018-04-14T12:01:20+00:00\",\"dateModified\":\"2022-02-04T13:11:43+00:00\",\"breadcrumb\":{\"@id\":\"https:\\\/\\\/ekoporty.szczecin.pl\\\/?page_id=4682#breadcrumb\"},\"inLanguage\":\"pl-PL\",\"potentialAction\":[{\"@type\":\"ReadAction\",\"target\":[\"https:\\\/\\\/ekoporty.szczecin.pl\\\/?page_id=4682\"]}]},{\"@type\":\"BreadcrumbList\",\"@id\":\"https:\\\/\\\/ekoporty.szczecin.pl\\\/?page_id=4682#breadcrumb\",\"itemListElement\":[{\"@type\":\"ListItem\",\"position\":1,\"name\":\"Strona g\u0142\u00f3wna\",\"item\":\"https:\\\/\\\/ekoporty.szczecin.pl\\\/\"},{\"@type\":\"ListItem\",\"position\":2,\"name\":\"Zasady przyjmowania selektywnie zbieranych odpad\u00f3w do specjalistycznych pojemnik\u00f3w lub kontener\u00f3w\"}]},{\"@type\":\"WebSite\",\"@id\":\"https:\\\/\\\/ekoporty.szczecin.pl\\\/#website\",\"url\":\"https:\\\/\\\/ekoporty.szczecin.pl\\\/\",\"name\":\"Ekoporty\",\"description\":\"ZUK Szczecin - Punkty Selektywnej Zbi\u00f3rki Odpad\u00f3w Komunalnych - Zapraszamy\",\"publisher\":{\"@id\":\"https:\\\/\\\/ekoporty.szczecin.pl\\\/#organization\"},\"potentialAction\":[{\"@type\":\"SearchAction\",\"target\":{\"@type\":\"EntryPoint\",\"urlTemplate\":\"https:\\\/\\\/ekoporty.szczecin.pl\\\/?s={search_term_string}\"},\"query-input\":{\"@type\":\"PropertyValueSpecification\",\"valueRequired\":true,\"valueName\":\"search_term_string\"}}],\"inLanguage\":\"pl-PL\"},{\"@type\":\"Organization\",\"@id\":\"https:\\\/\\\/ekoporty.szczecin.pl\\\/#organization\",\"name\":\"Zak\u0142ad Us\u0142ug Komunalnych Szczecin\",\"url\":\"https:\\\/\\\/ekoporty.szczecin.pl\\\/\",\"logo\":{\"@type\":\"ImageObject\",\"inLanguage\":\"pl-PL\",\"@id\":\"https:\\\/\\\/ekoporty.szczecin.pl\\\/#\\\/schema\\\/logo\\\/image\\\/\",\"url\":\"http:\\\/\\\/ekoporty.szczecin.pl\\\/wp-content\\\/uploads\\\/2018\\\/03\\\/logo5.jpg\",\"contentUrl\":\"http:\\\/\\\/ekoporty.szczecin.pl\\\/wp-content\\\/uploads\\\/2018\\\/03\\\/logo5.jpg\",\"width\":260,\"height\":66,\"caption\":\"Zak\u0142ad Us\u0142ug Komunalnych Szczecin\"},\"image\":{\"@id\":\"https:\\\/\\\/ekoporty.szczecin.pl\\\/#\\\/schema\\\/logo\\\/image\\\/\"}}]}<\/script>\n<!-- \/ Yoast SEO plugin. -->","yoast_head_json":{"title":"Zasady przyjmowania selektywnie zbieranych odpad\u00f3w do specjalistycznych pojemnik\u00f3w lub kontener\u00f3w &#171; EKOPORTY SZCZECIN","robots":{"index":"index","follow":"follow","max-snippet":"max-snippet:-1","max-image-preview":"max-image-preview:large","max-video-preview":"max-video-preview:-1"},"canonical":"https:\/\/ekoporty.szczecin.pl\/?page_id=4682","og_locale":"pl_PL","og_type":"article","og_title":"Zasady przyjmowania selektywnie zbieranych odpad\u00f3w do specjalistycznych pojemnik\u00f3w lub kontener\u00f3w &#171; EKOPORTY SZCZECIN","og_description":"Mo\u017cesz te\u017c pobra\u0107 dokument &#8211; (pobierz PDF)","og_url":"https:\/\/ekoporty.szczecin.pl\/?page_id=4682","og_site_name":"EKOPORTY SZCZECIN","article_modified_time":"2022-02-04T13:11:43+00:00","twitter_card":"summary_large_image","twitter_misc":{"Szacowany czas czytania":"1 minuta"},"schema":{"@context":"https:\/\/schema.org","@graph":[{"@type":"WebPage","@id":"https:\/\/ekoporty.szczecin.pl\/?page_id=4682","url":"https:\/\/ekoporty.szczecin.pl\/?page_id=4682","name":"Zasady przyjmowania selektywnie zbieranych odpad\u00f3w do specjalistycznych pojemnik\u00f3w lub kontener\u00f3w &#171; EKOPORTY SZCZECIN","isPartOf":{"@id":"https:\/\/ekoporty.szczecin.pl\/#website"},"datePublished":"2018-04-14T12:01:20+00:00","dateModified":"2022-02-04T13:11:43+00:00","breadcrumb":{"@id":"https:\/\/ekoporty.szczecin.pl\/?page_id=4682#breadcrumb"},"inLanguage":"pl-PL","potentialAction":[{"@type":"ReadAction","target":["https:\/\/ekoporty.szczecin.pl\/?page_id=4682"]}]},{"@type":"BreadcrumbList","@id":"https:\/\/ekoporty.szczecin.pl\/?page_id=4682#breadcrumb","itemListElement":[{"@type":"ListItem","position":1,"name":"Strona g\u0142\u00f3wna","item":"https:\/\/ekoporty.szczecin.pl\/"},{"@type":"ListItem","position":2,"name":"Zasady przyjmowania selektywnie zbieranych odpad\u00f3w do specjalistycznych pojemnik\u00f3w lub kontener\u00f3w"}]},{"@type":"WebSite","@id":"https:\/\/ekoporty.szczecin.pl\/#website","url":"https:\/\/ekoporty.szczecin.pl\/","name":"Ekoporty","description":"ZUK Szczecin - Punkty Selektywnej Zbi\u00f3rki Odpad\u00f3w Komunalnych - Zapraszamy","publisher":{"@id":"https:\/\/ekoporty.szczecin.pl\/#organization"},"potentialAction":[{"@type":"SearchAction","target":{"@type":"EntryPoint","urlTemplate":"https:\/\/ekoporty.szczecin.pl\/?s={search_term_string}"},"query-input":{"@type":"PropertyValueSpecification","valueRequired":true,"valueName":"search_term_string"}}],"inLanguage":"pl-PL"},{"@type":"Organization","@id":"https:\/\/ekoporty.szczecin.pl\/#organization","name":"Zak\u0142ad Us\u0142ug Komunalnych Szczecin","url":"https:\/\/ekoporty.szczecin.pl\/","logo":{"@type":"ImageObject","inLanguage":"pl-PL","@id":"https:\/\/ekoporty.szczecin.pl\/#\/schema\/logo\/image\/","url":"http:\/\/ekoporty.szczecin.pl\/wp-content\/uploads\/2018\/03\/logo5.jpg","contentUrl":"http:\/\/ekoporty.szczecin.pl\/wp-content\/uploads\/2018\/03\/logo5.jpg","width":260,"height":66,"caption":"Zak\u0142ad Us\u0142ug Komunalnych Szczecin"},"image":{"@id":"https:\/\/ekoporty.szczecin.pl\/#\/schema\/logo\/image\/"}}]}},"jetpack_sharing_enabled":true,"jetpack_shortlink":"https:\/\/wp.me\/P8ZWwp-1dw","_links":{"self":[{"href":"https:\/\/ekoporty.szczecin.pl\/index.php?rest_route=\/wp\/v2\/pages\/4682","targetHints":{"allow":["GET"]}}],"collection":[{"href":"https:\/\/ekoporty.szczecin.pl\/index.php?rest_route=\/wp\/v2\/pages"}],"about":[{"href":"https:\/\/ekoporty.szczecin.pl\/index.php?rest_route=\/wp\/v2\/types\/page"}],"author":[{"embeddable":true,"href":"https:\/\/ekoporty.szczecin.pl\/index.php?rest_route=\/wp\/v2\/users\/7"}],"replies":[{"embeddable":true,"href":"https:\/\/ekoporty.szczecin.pl\/index.php?rest_route=%2Fwp%2Fv2%2Fcomments&post=4682"}],"version-history":[{"count":53,"href":"https:\/\/ekoporty.szczecin.pl\/index.php?rest_route=\/wp\/v2\/pages\/4682\/revisions"}],"predecessor-version":[{"id":37338,"href":"https:\/\/ekoporty.szczecin.pl\/index.php?rest_route=\/wp\/v2\/pages\/4682\/revisions\/37338"}],"wp:attachment":[{"href":"https:\/\/ekoporty.szczecin.pl\/index.php?rest_route=%2Fwp%2Fv2%2Fmedia&parent=4682"}],"curies":[{"name":"wp","href":"https:\/\/api.w.org\/{rel}","templated":true}]}}