{"id":47164,"date":"2025-01-09T13:10:26","date_gmt":"2025-01-09T12:10:26","guid":{"rendered":"https:\/\/ekoporty.szczecin.pl\/?page_id=47164"},"modified":"2025-01-09T13:10:26","modified_gmt":"2025-01-09T12:10:26","slug":"2024-wplaty","status":"publish","type":"page","link":"https:\/\/ekoporty.szczecin.pl\/?page_id=47164","title":{"rendered":"2024 wp\u0142aty"},"content":{"rendered":"<p>\u0141\u0105cznie &#8211; 75 516 z\u0142<\/p>\n<p>W dniu\u00a0<strong>04.12.2024<\/strong>\u00a0na Organizacje Po\u017cytku Publicznego przelano \u0142\u0105cznie<strong>\u00a05089 z\u0142\u00a0<a href=\"https:\/\/ekoporty.szczecin.pl\/?page_id=47158\">(szczeg\u00f3\u0142y)<\/a><\/strong><\/p>\n<p>W dniu\u00a0<strong>15.11.2024<\/strong>\u00a0na Organizacje Po\u017cytku Publicznego przelano \u0142\u0105cznie<strong>\u00a01577 z\u0142\u00a0<a href=\"https:\/\/ekoporty.szczecin.pl\/?page_id=47145\">(szczeg\u00f3\u0142y)<\/a><\/strong><\/p>\n<p>W dniach<strong>\u00a024.10, 30.10.2024<\/strong>\u00a0na Organizacje Po\u017cytku Publicznego przelano \u0142\u0105cznie<strong>\u00a05186 z\u0142\u00a0<a href=\"https:\/\/ekoporty.szczecin.pl\/?page_id=47135\">(szczeg\u00f3\u0142y)<\/a><\/strong><\/p>\n<p>W dniach<strong>\u00a013.09, 25.09.2024<\/strong>\u00a0na Organizacje Po\u017cytku Publicznego przelano \u0142\u0105cznie<strong>\u00a011031 z\u0142\u00a0<a href=\"https:\/\/ekoporty.szczecin.pl\/?page_id=47110\">(szczeg\u00f3\u0142y)<\/a><\/strong><\/p>\n<p>W dniach<strong>\u00a024.08, 28.08.2024<\/strong>\u00a0na Organizacje Po\u017cytku Publicznego przelano \u0142\u0105cznie<strong>\u00a05893 z\u0142\u00a0<a href=\"https:\/\/ekoporty.szczecin.pl\/?page_id=47070\">(szczeg\u00f3\u0142y)<\/a><\/strong><\/p>\n<p>W dniu\u00a0<strong>19.07.2024<\/strong>\u00a0na Organizacje Po\u017cytku Publicznego przelano \u0142\u0105cznie<strong>\u00a04014 z\u0142\u00a0<a href=\"https:\/\/ekoporty.szczecin.pl\/?page_id=47053\">(szczeg\u00f3\u0142y)<\/a><\/strong><\/p>\n<p>W dniach<strong>\u00a018.06, 26.06.2024<\/strong>\u00a0na Organizacje Po\u017cytku Publicznego przelano \u0142\u0105cznie<strong>\u00a09590 z\u0142\u00a0<a href=\"https:\/\/ekoporty.szczecin.pl\/?page_id=47037\">(szczeg\u00f3\u0142y)<\/a><\/strong><\/p>\n<p>W dniach<strong>\u00a009.05, 22.05.2024<\/strong>\u00a0na Organizacje Po\u017cytku Publicznego przelano \u0142\u0105cznie<strong>\u00a06389 z\u0142\u00a0<a href=\"https:\/\/ekoporty.szczecin.pl\/?page_id=47021\">(szczeg\u00f3\u0142y)<\/a><\/strong><\/p>\n<p>W dniach<strong>\u00a011.04, 24.04.2024<\/strong>\u00a0na Organizacje Po\u017cytku Publicznego przelano \u0142\u0105cznie<strong>\u00a09214 z\u0142\u00a0<a href=\"https:\/\/ekoporty.szczecin.pl\/?page_id=47004\">(szczeg\u00f3\u0142y)<\/a><\/strong><\/p>\n<p>W dniach<strong>\u00a014.03, 27.03.2024<\/strong>\u00a0na Organizacje Po\u017cytku Publicznego przelano \u0142\u0105cznie<strong>\u00a05809 z\u0142\u00a0<a href=\"https:\/\/ekoporty.szczecin.pl\/?page_id=46981\">(szczeg\u00f3\u0142y)<\/a><\/strong><\/p>\n<p>W dniach\u00a0<strong>01.02, 28.02.2024<\/strong>\u00a0na Organizacje Po\u017cytku Publicznego przelano \u0142\u0105cznie<strong>\u00a011724 z\u0142\u00a0<a href=\"https:\/\/ekoporty.szczecin.pl\/?page_id=46944&amp;preview=true\">(szczeg\u00f3\u0142y)<\/a><\/strong><\/p>\n","protected":false},"excerpt":{"rendered":"<p>\u0141\u0105cznie &#8211; 75 516 z\u0142 W dniu\u00a004.12.2024\u00a0na Organizacje Po\u017cytku Publicznego przelano \u0142\u0105cznie\u00a05089 z\u0142\u00a0(szczeg\u00f3\u0142y) W dniu\u00a015.11.2024\u00a0na Organizacje Po\u017cytku Publicznego przelano \u0142\u0105cznie\u00a01577 z\u0142\u00a0(szczeg\u00f3\u0142y) W dniach\u00a024.10, 30.10.2024\u00a0na Organizacje Po\u017cytku Publicznego przelano \u0142\u0105cznie\u00a05186 z\u0142\u00a0(szczeg\u00f3\u0142y) W dniach\u00a013.09, 25.09.2024\u00a0na Organizacje Po\u017cytku Publicznego przelano \u0142\u0105cznie\u00a011031 z\u0142\u00a0(szczeg\u00f3\u0142y) W dniach\u00a024.08, 28.08.2024\u00a0na Organizacje Po\u017cytku Publicznego przelano \u0142\u0105cznie\u00a05893 z\u0142\u00a0(szczeg\u00f3\u0142y) W dniu\u00a019.07.2024\u00a0na Organizacje Po\u017cytku Publicznego przelano \u0142\u0105cznie\u00a04014 &hellip; <a href=\"https:\/\/ekoporty.szczecin.pl\/?page_id=47164\" class=\"more-link\">Czytaj dalej <span class=\"screen-reader-text\">2024 wp\u0142aty<\/span><\/a><\/p>\n","protected":false},"author":7,"featured_media":0,"parent":0,"menu_order":0,"comment_status":"closed","ping_status":"closed","template":"","meta":{"footnotes":""},"class_list":["post-47164","page","type-page","status-publish","hentry"],"yoast_head":"<!-- This site is optimized with the Yoast SEO plugin v27.6 - https:\/\/yoast.com\/product\/yoast-seo-wordpress\/ -->\n<title>2024 wp\u0142aty &#171; EKOPORTY SZCZECIN<\/title>\n<meta name=\"robots\" content=\"index, follow, max-snippet:-1, max-image-preview:large, max-video-preview:-1\" \/>\n<link rel=\"canonical\" href=\"https:\/\/ekoporty.szczecin.pl\/?page_id=47164\" \/>\n<meta property=\"og:locale\" content=\"pl_PL\" \/>\n<meta property=\"og:type\" content=\"article\" \/>\n<meta property=\"og:title\" content=\"2024 wp\u0142aty &#171; EKOPORTY SZCZECIN\" \/>\n<meta property=\"og:description\" content=\"\u0141\u0105cznie &#8211; 75 516 z\u0142 W dniu\u00a004.12.2024\u00a0na Organizacje Po\u017cytku Publicznego przelano \u0142\u0105cznie\u00a05089 z\u0142\u00a0(szczeg\u00f3\u0142y) W dniu\u00a015.11.2024\u00a0na Organizacje Po\u017cytku Publicznego przelano \u0142\u0105cznie\u00a01577 z\u0142\u00a0(szczeg\u00f3\u0142y) W dniach\u00a024.10, 30.10.2024\u00a0na Organizacje Po\u017cytku Publicznego przelano \u0142\u0105cznie\u00a05186 z\u0142\u00a0(szczeg\u00f3\u0142y) W dniach\u00a013.09, 25.09.2024\u00a0na Organizacje Po\u017cytku Publicznego przelano \u0142\u0105cznie\u00a011031 z\u0142\u00a0(szczeg\u00f3\u0142y) W dniach\u00a024.08, 28.08.2024\u00a0na Organizacje Po\u017cytku Publicznego przelano \u0142\u0105cznie\u00a05893 z\u0142\u00a0(szczeg\u00f3\u0142y) W dniu\u00a019.07.2024\u00a0na Organizacje Po\u017cytku Publicznego przelano \u0142\u0105cznie\u00a04014 &hellip; Czytaj dalej 2024 wp\u0142aty\" \/>\n<meta property=\"og:url\" content=\"https:\/\/ekoporty.szczecin.pl\/?page_id=47164\" \/>\n<meta property=\"og:site_name\" content=\"EKOPORTY SZCZECIN\" \/>\n<meta name=\"twitter:card\" content=\"summary_large_image\" \/>\n<meta name=\"twitter:label1\" content=\"Szacowany czas czytania\" \/>\n\t<meta name=\"twitter:data1\" content=\"1 minuta\" \/>\n<script type=\"application\/ld+json\" class=\"yoast-schema-graph\">{\"@context\":\"https:\\\/\\\/schema.org\",\"@graph\":[{\"@type\":\"WebPage\",\"@id\":\"https:\\\/\\\/ekoporty.szczecin.pl\\\/?page_id=47164\",\"url\":\"https:\\\/\\\/ekoporty.szczecin.pl\\\/?page_id=47164\",\"name\":\"2024 wp\u0142aty &#171; EKOPORTY SZCZECIN\",\"isPartOf\":{\"@id\":\"https:\\\/\\\/ekoporty.szczecin.pl\\\/#website\"},\"datePublished\":\"2025-01-09T12:10:26+00:00\",\"breadcrumb\":{\"@id\":\"https:\\\/\\\/ekoporty.szczecin.pl\\\/?page_id=47164#breadcrumb\"},\"inLanguage\":\"pl-PL\",\"potentialAction\":[{\"@type\":\"ReadAction\",\"target\":[\"https:\\\/\\\/ekoporty.szczecin.pl\\\/?page_id=47164\"]}]},{\"@type\":\"BreadcrumbList\",\"@id\":\"https:\\\/\\\/ekoporty.szczecin.pl\\\/?page_id=47164#breadcrumb\",\"itemListElement\":[{\"@type\":\"ListItem\",\"position\":1,\"name\":\"Strona g\u0142\u00f3wna\",\"item\":\"https:\\\/\\\/ekoporty.szczecin.pl\\\/\"},{\"@type\":\"ListItem\",\"position\":2,\"name\":\"2024 wp\u0142aty\"}]},{\"@type\":\"WebSite\",\"@id\":\"https:\\\/\\\/ekoporty.szczecin.pl\\\/#website\",\"url\":\"https:\\\/\\\/ekoporty.szczecin.pl\\\/\",\"name\":\"Ekoporty\",\"description\":\"ZUK Szczecin - Punkty Selektywnej Zbi\u00f3rki Odpad\u00f3w Komunalnych - Zapraszamy\",\"publisher\":{\"@id\":\"https:\\\/\\\/ekoporty.szczecin.pl\\\/#organization\"},\"potentialAction\":[{\"@type\":\"SearchAction\",\"target\":{\"@type\":\"EntryPoint\",\"urlTemplate\":\"https:\\\/\\\/ekoporty.szczecin.pl\\\/?s={search_term_string}\"},\"query-input\":{\"@type\":\"PropertyValueSpecification\",\"valueRequired\":true,\"valueName\":\"search_term_string\"}}],\"inLanguage\":\"pl-PL\"},{\"@type\":\"Organization\",\"@id\":\"https:\\\/\\\/ekoporty.szczecin.pl\\\/#organization\",\"name\":\"Zak\u0142ad Us\u0142ug Komunalnych Szczecin\",\"url\":\"https:\\\/\\\/ekoporty.szczecin.pl\\\/\",\"logo\":{\"@type\":\"ImageObject\",\"inLanguage\":\"pl-PL\",\"@id\":\"https:\\\/\\\/ekoporty.szczecin.pl\\\/#\\\/schema\\\/logo\\\/image\\\/\",\"url\":\"http:\\\/\\\/ekoporty.szczecin.pl\\\/wp-content\\\/uploads\\\/2018\\\/03\\\/logo5.jpg\",\"contentUrl\":\"http:\\\/\\\/ekoporty.szczecin.pl\\\/wp-content\\\/uploads\\\/2018\\\/03\\\/logo5.jpg\",\"width\":260,\"height\":66,\"caption\":\"Zak\u0142ad Us\u0142ug Komunalnych Szczecin\"},\"image\":{\"@id\":\"https:\\\/\\\/ekoporty.szczecin.pl\\\/#\\\/schema\\\/logo\\\/image\\\/\"}}]}<\/script>\n<!-- \/ Yoast SEO plugin. -->","yoast_head_json":{"title":"2024 wp\u0142aty &#171; EKOPORTY SZCZECIN","robots":{"index":"index","follow":"follow","max-snippet":"max-snippet:-1","max-image-preview":"max-image-preview:large","max-video-preview":"max-video-preview:-1"},"canonical":"https:\/\/ekoporty.szczecin.pl\/?page_id=47164","og_locale":"pl_PL","og_type":"article","og_title":"2024 wp\u0142aty &#171; EKOPORTY SZCZECIN","og_description":"\u0141\u0105cznie &#8211; 75 516 z\u0142 W dniu\u00a004.12.2024\u00a0na Organizacje Po\u017cytku Publicznego przelano \u0142\u0105cznie\u00a05089 z\u0142\u00a0(szczeg\u00f3\u0142y) W dniu\u00a015.11.2024\u00a0na Organizacje Po\u017cytku Publicznego przelano \u0142\u0105cznie\u00a01577 z\u0142\u00a0(szczeg\u00f3\u0142y) W dniach\u00a024.10, 30.10.2024\u00a0na Organizacje Po\u017cytku Publicznego przelano \u0142\u0105cznie\u00a05186 z\u0142\u00a0(szczeg\u00f3\u0142y) W dniach\u00a013.09, 25.09.2024\u00a0na Organizacje Po\u017cytku Publicznego przelano \u0142\u0105cznie\u00a011031 z\u0142\u00a0(szczeg\u00f3\u0142y) W dniach\u00a024.08, 28.08.2024\u00a0na Organizacje Po\u017cytku Publicznego przelano \u0142\u0105cznie\u00a05893 z\u0142\u00a0(szczeg\u00f3\u0142y) W dniu\u00a019.07.2024\u00a0na Organizacje Po\u017cytku Publicznego przelano \u0142\u0105cznie\u00a04014 &hellip; Czytaj dalej 2024 wp\u0142aty","og_url":"https:\/\/ekoporty.szczecin.pl\/?page_id=47164","og_site_name":"EKOPORTY SZCZECIN","twitter_card":"summary_large_image","twitter_misc":{"Szacowany czas czytania":"1 minuta"},"schema":{"@context":"https:\/\/schema.org","@graph":[{"@type":"WebPage","@id":"https:\/\/ekoporty.szczecin.pl\/?page_id=47164","url":"https:\/\/ekoporty.szczecin.pl\/?page_id=47164","name":"2024 wp\u0142aty &#171; EKOPORTY SZCZECIN","isPartOf":{"@id":"https:\/\/ekoporty.szczecin.pl\/#website"},"datePublished":"2025-01-09T12:10:26+00:00","breadcrumb":{"@id":"https:\/\/ekoporty.szczecin.pl\/?page_id=47164#breadcrumb"},"inLanguage":"pl-PL","potentialAction":[{"@type":"ReadAction","target":["https:\/\/ekoporty.szczecin.pl\/?page_id=47164"]}]},{"@type":"BreadcrumbList","@id":"https:\/\/ekoporty.szczecin.pl\/?page_id=47164#breadcrumb","itemListElement":[{"@type":"ListItem","position":1,"name":"Strona g\u0142\u00f3wna","item":"https:\/\/ekoporty.szczecin.pl\/"},{"@type":"ListItem","position":2,"name":"2024 wp\u0142aty"}]},{"@type":"WebSite","@id":"https:\/\/ekoporty.szczecin.pl\/#website","url":"https:\/\/ekoporty.szczecin.pl\/","name":"Ekoporty","description":"ZUK Szczecin - Punkty Selektywnej Zbi\u00f3rki Odpad\u00f3w Komunalnych - Zapraszamy","publisher":{"@id":"https:\/\/ekoporty.szczecin.pl\/#organization"},"potentialAction":[{"@type":"SearchAction","target":{"@type":"EntryPoint","urlTemplate":"https:\/\/ekoporty.szczecin.pl\/?s={search_term_string}"},"query-input":{"@type":"PropertyValueSpecification","valueRequired":true,"valueName":"search_term_string"}}],"inLanguage":"pl-PL"},{"@type":"Organization","@id":"https:\/\/ekoporty.szczecin.pl\/#organization","name":"Zak\u0142ad Us\u0142ug Komunalnych Szczecin","url":"https:\/\/ekoporty.szczecin.pl\/","logo":{"@type":"ImageObject","inLanguage":"pl-PL","@id":"https:\/\/ekoporty.szczecin.pl\/#\/schema\/logo\/image\/","url":"http:\/\/ekoporty.szczecin.pl\/wp-content\/uploads\/2018\/03\/logo5.jpg","contentUrl":"http:\/\/ekoporty.szczecin.pl\/wp-content\/uploads\/2018\/03\/logo5.jpg","width":260,"height":66,"caption":"Zak\u0142ad Us\u0142ug Komunalnych Szczecin"},"image":{"@id":"https:\/\/ekoporty.szczecin.pl\/#\/schema\/logo\/image\/"}}]}},"jetpack_sharing_enabled":true,"jetpack_shortlink":"https:\/\/wp.me\/P8ZWwp-cgI","_links":{"self":[{"href":"https:\/\/ekoporty.szczecin.pl\/index.php?rest_route=\/wp\/v2\/pages\/47164","targetHints":{"allow":["GET"]}}],"collection":[{"href":"https:\/\/ekoporty.szczecin.pl\/index.php?rest_route=\/wp\/v2\/pages"}],"about":[{"href":"https:\/\/ekoporty.szczecin.pl\/index.php?rest_route=\/wp\/v2\/types\/page"}],"author":[{"embeddable":true,"href":"https:\/\/ekoporty.szczecin.pl\/index.php?rest_route=\/wp\/v2\/users\/7"}],"replies":[{"embeddable":true,"href":"https:\/\/ekoporty.szczecin.pl\/index.php?rest_route=%2Fwp%2Fv2%2Fcomments&post=47164"}],"version-history":[{"count":1,"href":"https:\/\/ekoporty.szczecin.pl\/index.php?rest_route=\/wp\/v2\/pages\/47164\/revisions"}],"predecessor-version":[{"id":47165,"href":"https:\/\/ekoporty.szczecin.pl\/index.php?rest_route=\/wp\/v2\/pages\/47164\/revisions\/47165"}],"wp:attachment":[{"href":"https:\/\/ekoporty.szczecin.pl\/index.php?rest_route=%2Fwp%2Fv2%2Fmedia&parent=47164"}],"curies":[{"name":"wp","href":"https:\/\/api.w.org\/{rel}","templated":true}]}}