{"id":47719,"date":"2026-02-06T09:09:06","date_gmt":"2026-02-06T08:09:06","guid":{"rendered":"https:\/\/ekoporty.szczecin.pl\/?page_id=47719"},"modified":"2026-02-06T09:09:06","modified_gmt":"2026-02-06T08:09:06","slug":"2025-wplaty","status":"publish","type":"page","link":"https:\/\/ekoporty.szczecin.pl\/?page_id=47719","title":{"rendered":"2025 wp\u0142aty"},"content":{"rendered":"<p>\u0141\u0105cznie \u2013 74 520 z\u0142<\/p>\n<p>W dniu 19.12.2025 na Organizacje Po\u017cytku Publicznego przelano \u0142\u0105cznie <strong>5064 z\u0142 <a href=\"https:\/\/ekoporty.szczecin.pl\/?page_id=47662\">(szczeg\u00f3\u0142y)<\/a><\/strong><\/p>\n<p>W dniu 26.11.2025 na Organizacje Po\u017cytku Publicznego przelano \u0142\u0105cznie <strong>4588 z\u0142 <a href=\"https:\/\/ekoporty.szczecin.pl\/?page_id=47601\">(szczeg\u00f3\u0142y)<\/a><\/strong><\/p>\n<p>W dniach 16.10, 28.10.2025 na Organizacje Po\u017cytku Publicznego przelano \u0142\u0105cznie <strong>6052<\/strong><b>\u00a0z\u0142 <a href=\"https:\/\/ekoporty.szczecin.pl\/?page_id=47556\">(szczeg\u00f3\u0142y)<\/a><\/b><\/p>\n<p>W dniach 18.09, 24.09.2025 na Organizacje Po\u017cytku Publicznego przelano \u0142\u0105cznie <b>8550 z\u0142 <a href=\"https:\/\/ekoporty.szczecin.pl\/?page_id=47461\">(szczeg\u00f3\u0142y)<\/a><\/b><\/p>\n<p>W dniu 06.08.2025 na Organizacje Po\u017cytku Publicznego przelano \u0142\u0105cznie <strong>5154 z\u0142 <a href=\"https:\/\/ekoporty.szczecin.pl\/?page_id=47434\">(szczeg\u00f3\u0142y)<\/a><\/strong><\/p>\n<p>W dniu 18.07.2025 na Organizacje Po\u017cytku Publicznego przelano \u0142\u0105cznie <strong>3484 z\u0142 <a href=\"https:\/\/ekoporty.szczecin.pl\/?page_id=47366\">(szczeg\u00f3\u0142y)<\/a><\/strong><\/p>\n<p>W dniach 05.06, 17.06, 25.06.2025 na Organizacje Po\u017cytku Publicznego przelano \u0142\u0105cznie <strong>8269 z\u0142 <a href=\"https:\/\/ekoporty.szczecin.pl\/?page_id=47351\">(szczeg\u00f3\u0142y)<\/a><\/strong><\/p>\n<p>W dniach 12.05, 28.05.2025 na Organizacje Po\u017cytku Publicznego przelano \u0142\u0105cznie <strong>6092 z\u0142 <a href=\"https:\/\/ekoporty.szczecin.pl\/?page_id=47316\">(szczeg\u00f3\u0142y)<\/a><\/strong><\/p>\n<p>W dniach 02.04, 09.04, 16.04, 30.04.2025 na Organizacje Po\u017cytku Publicznego przelano \u0142\u0105cznie <strong>10560 z\u0142 <a href=\"https:\/\/ekoporty.szczecin.pl\/?page_id=47281\">(szczeg\u00f3\u0142y)<\/a><\/strong><\/p>\n<p>W dniu 27.03.2025 na Organizacje Po\u017cytku Publicznego przelano \u0142\u0105cznie <strong>1171 z\u0142 <a href=\"https:\/\/ekoporty.szczecin.pl\/?page_id=47247\">(szczeg\u00f3\u0142y)<\/a><\/strong><\/p>\n<p>W dniach 05.02, 26.02.2025 na Organizacje Po\u017cytku Publicznego przelano \u0142\u0105cznie <strong>13556 z\u0142 <a href=\"https:\/\/ekoporty.szczecin.pl\/?page_id=47227\">(szczeg\u00f3\u0142y)<\/a><\/strong><\/p>\n<p>W dniu <strong>17.01.2025<\/strong> na Organizacje Po\u017cytku Publicznego przelano \u0142\u0105cznie <strong>1980 z\u0142 <a href=\"https:\/\/ekoporty.szczecin.pl\/?page_id=47184\">(szczeg\u00f3\u0142y)<\/a><\/strong><\/p>\n","protected":false},"excerpt":{"rendered":"<p>\u0141\u0105cznie \u2013 74 520 z\u0142 W dniu 19.12.2025 na Organizacje Po\u017cytku Publicznego przelano \u0142\u0105cznie 5064 z\u0142 (szczeg\u00f3\u0142y) W dniu 26.11.2025 na Organizacje Po\u017cytku Publicznego przelano \u0142\u0105cznie 4588 z\u0142 (szczeg\u00f3\u0142y) W dniach 16.10, 28.10.2025 na Organizacje Po\u017cytku Publicznego przelano \u0142\u0105cznie 6052\u00a0z\u0142 (szczeg\u00f3\u0142y) W dniach 18.09, 24.09.2025 na Organizacje Po\u017cytku Publicznego przelano \u0142\u0105cznie 8550 z\u0142 (szczeg\u00f3\u0142y) W &hellip; <a href=\"https:\/\/ekoporty.szczecin.pl\/?page_id=47719\" class=\"more-link\">Czytaj dalej <span class=\"screen-reader-text\">2025 wp\u0142aty<\/span><\/a><\/p>\n","protected":false},"author":7,"featured_media":0,"parent":0,"menu_order":0,"comment_status":"closed","ping_status":"closed","template":"","meta":{"footnotes":""},"class_list":["post-47719","page","type-page","status-publish","hentry"],"yoast_head":"<!-- This site is optimized with the Yoast SEO plugin v27.4 - https:\/\/yoast.com\/product\/yoast-seo-wordpress\/ -->\n<title>2025 wp\u0142aty &#171; EKOPORTY SZCZECIN<\/title>\n<meta name=\"robots\" content=\"index, follow, max-snippet:-1, max-image-preview:large, max-video-preview:-1\" \/>\n<link rel=\"canonical\" href=\"https:\/\/ekoporty.szczecin.pl\/?page_id=47719\" \/>\n<meta property=\"og:locale\" content=\"pl_PL\" \/>\n<meta property=\"og:type\" content=\"article\" \/>\n<meta property=\"og:title\" content=\"2025 wp\u0142aty &#171; EKOPORTY SZCZECIN\" \/>\n<meta property=\"og:description\" content=\"\u0141\u0105cznie \u2013 74 520 z\u0142 W dniu 19.12.2025 na Organizacje Po\u017cytku Publicznego przelano \u0142\u0105cznie 5064 z\u0142 (szczeg\u00f3\u0142y) W dniu 26.11.2025 na Organizacje Po\u017cytku Publicznego przelano \u0142\u0105cznie 4588 z\u0142 (szczeg\u00f3\u0142y) W dniach 16.10, 28.10.2025 na Organizacje Po\u017cytku Publicznego przelano \u0142\u0105cznie 6052\u00a0z\u0142 (szczeg\u00f3\u0142y) W dniach 18.09, 24.09.2025 na Organizacje Po\u017cytku Publicznego przelano \u0142\u0105cznie 8550 z\u0142 (szczeg\u00f3\u0142y) W &hellip; Czytaj dalej 2025 wp\u0142aty\" \/>\n<meta property=\"og:url\" content=\"https:\/\/ekoporty.szczecin.pl\/?page_id=47719\" \/>\n<meta property=\"og:site_name\" content=\"EKOPORTY SZCZECIN\" \/>\n<meta name=\"twitter:card\" content=\"summary_large_image\" \/>\n<meta name=\"twitter:label1\" content=\"Szacowany czas czytania\" \/>\n\t<meta name=\"twitter:data1\" content=\"1 minuta\" \/>\n<script type=\"application\/ld+json\" class=\"yoast-schema-graph\">{\"@context\":\"https:\\\/\\\/schema.org\",\"@graph\":[{\"@type\":\"WebPage\",\"@id\":\"https:\\\/\\\/ekoporty.szczecin.pl\\\/?page_id=47719\",\"url\":\"https:\\\/\\\/ekoporty.szczecin.pl\\\/?page_id=47719\",\"name\":\"2025 wp\u0142aty &#171; EKOPORTY SZCZECIN\",\"isPartOf\":{\"@id\":\"https:\\\/\\\/ekoporty.szczecin.pl\\\/#website\"},\"datePublished\":\"2026-02-06T08:09:06+00:00\",\"breadcrumb\":{\"@id\":\"https:\\\/\\\/ekoporty.szczecin.pl\\\/?page_id=47719#breadcrumb\"},\"inLanguage\":\"pl-PL\",\"potentialAction\":[{\"@type\":\"ReadAction\",\"target\":[\"https:\\\/\\\/ekoporty.szczecin.pl\\\/?page_id=47719\"]}]},{\"@type\":\"BreadcrumbList\",\"@id\":\"https:\\\/\\\/ekoporty.szczecin.pl\\\/?page_id=47719#breadcrumb\",\"itemListElement\":[{\"@type\":\"ListItem\",\"position\":1,\"name\":\"Strona g\u0142\u00f3wna\",\"item\":\"https:\\\/\\\/ekoporty.szczecin.pl\\\/\"},{\"@type\":\"ListItem\",\"position\":2,\"name\":\"2025 wp\u0142aty\"}]},{\"@type\":\"WebSite\",\"@id\":\"https:\\\/\\\/ekoporty.szczecin.pl\\\/#website\",\"url\":\"https:\\\/\\\/ekoporty.szczecin.pl\\\/\",\"name\":\"Ekoporty\",\"description\":\"ZUK Szczecin - Punkty Selektywnej Zbi\u00f3rki Odpad\u00f3w Komunalnych - Zapraszamy\",\"publisher\":{\"@id\":\"https:\\\/\\\/ekoporty.szczecin.pl\\\/#organization\"},\"potentialAction\":[{\"@type\":\"SearchAction\",\"target\":{\"@type\":\"EntryPoint\",\"urlTemplate\":\"https:\\\/\\\/ekoporty.szczecin.pl\\\/?s={search_term_string}\"},\"query-input\":{\"@type\":\"PropertyValueSpecification\",\"valueRequired\":true,\"valueName\":\"search_term_string\"}}],\"inLanguage\":\"pl-PL\"},{\"@type\":\"Organization\",\"@id\":\"https:\\\/\\\/ekoporty.szczecin.pl\\\/#organization\",\"name\":\"Zak\u0142ad Us\u0142ug Komunalnych Szczecin\",\"url\":\"https:\\\/\\\/ekoporty.szczecin.pl\\\/\",\"logo\":{\"@type\":\"ImageObject\",\"inLanguage\":\"pl-PL\",\"@id\":\"https:\\\/\\\/ekoporty.szczecin.pl\\\/#\\\/schema\\\/logo\\\/image\\\/\",\"url\":\"http:\\\/\\\/ekoporty.szczecin.pl\\\/wp-content\\\/uploads\\\/2018\\\/03\\\/logo5.jpg\",\"contentUrl\":\"http:\\\/\\\/ekoporty.szczecin.pl\\\/wp-content\\\/uploads\\\/2018\\\/03\\\/logo5.jpg\",\"width\":260,\"height\":66,\"caption\":\"Zak\u0142ad Us\u0142ug Komunalnych Szczecin\"},\"image\":{\"@id\":\"https:\\\/\\\/ekoporty.szczecin.pl\\\/#\\\/schema\\\/logo\\\/image\\\/\"}}]}<\/script>\n<!-- \/ Yoast SEO plugin. -->","yoast_head_json":{"title":"2025 wp\u0142aty &#171; EKOPORTY SZCZECIN","robots":{"index":"index","follow":"follow","max-snippet":"max-snippet:-1","max-image-preview":"max-image-preview:large","max-video-preview":"max-video-preview:-1"},"canonical":"https:\/\/ekoporty.szczecin.pl\/?page_id=47719","og_locale":"pl_PL","og_type":"article","og_title":"2025 wp\u0142aty &#171; EKOPORTY SZCZECIN","og_description":"\u0141\u0105cznie \u2013 74 520 z\u0142 W dniu 19.12.2025 na Organizacje Po\u017cytku Publicznego przelano \u0142\u0105cznie 5064 z\u0142 (szczeg\u00f3\u0142y) W dniu 26.11.2025 na Organizacje Po\u017cytku Publicznego przelano \u0142\u0105cznie 4588 z\u0142 (szczeg\u00f3\u0142y) W dniach 16.10, 28.10.2025 na Organizacje Po\u017cytku Publicznego przelano \u0142\u0105cznie 6052\u00a0z\u0142 (szczeg\u00f3\u0142y) W dniach 18.09, 24.09.2025 na Organizacje Po\u017cytku Publicznego przelano \u0142\u0105cznie 8550 z\u0142 (szczeg\u00f3\u0142y) W &hellip; Czytaj dalej 2025 wp\u0142aty","og_url":"https:\/\/ekoporty.szczecin.pl\/?page_id=47719","og_site_name":"EKOPORTY SZCZECIN","twitter_card":"summary_large_image","twitter_misc":{"Szacowany czas czytania":"1 minuta"},"schema":{"@context":"https:\/\/schema.org","@graph":[{"@type":"WebPage","@id":"https:\/\/ekoporty.szczecin.pl\/?page_id=47719","url":"https:\/\/ekoporty.szczecin.pl\/?page_id=47719","name":"2025 wp\u0142aty &#171; EKOPORTY SZCZECIN","isPartOf":{"@id":"https:\/\/ekoporty.szczecin.pl\/#website"},"datePublished":"2026-02-06T08:09:06+00:00","breadcrumb":{"@id":"https:\/\/ekoporty.szczecin.pl\/?page_id=47719#breadcrumb"},"inLanguage":"pl-PL","potentialAction":[{"@type":"ReadAction","target":["https:\/\/ekoporty.szczecin.pl\/?page_id=47719"]}]},{"@type":"BreadcrumbList","@id":"https:\/\/ekoporty.szczecin.pl\/?page_id=47719#breadcrumb","itemListElement":[{"@type":"ListItem","position":1,"name":"Strona g\u0142\u00f3wna","item":"https:\/\/ekoporty.szczecin.pl\/"},{"@type":"ListItem","position":2,"name":"2025 wp\u0142aty"}]},{"@type":"WebSite","@id":"https:\/\/ekoporty.szczecin.pl\/#website","url":"https:\/\/ekoporty.szczecin.pl\/","name":"Ekoporty","description":"ZUK Szczecin - Punkty Selektywnej Zbi\u00f3rki Odpad\u00f3w Komunalnych - Zapraszamy","publisher":{"@id":"https:\/\/ekoporty.szczecin.pl\/#organization"},"potentialAction":[{"@type":"SearchAction","target":{"@type":"EntryPoint","urlTemplate":"https:\/\/ekoporty.szczecin.pl\/?s={search_term_string}"},"query-input":{"@type":"PropertyValueSpecification","valueRequired":true,"valueName":"search_term_string"}}],"inLanguage":"pl-PL"},{"@type":"Organization","@id":"https:\/\/ekoporty.szczecin.pl\/#organization","name":"Zak\u0142ad Us\u0142ug Komunalnych Szczecin","url":"https:\/\/ekoporty.szczecin.pl\/","logo":{"@type":"ImageObject","inLanguage":"pl-PL","@id":"https:\/\/ekoporty.szczecin.pl\/#\/schema\/logo\/image\/","url":"http:\/\/ekoporty.szczecin.pl\/wp-content\/uploads\/2018\/03\/logo5.jpg","contentUrl":"http:\/\/ekoporty.szczecin.pl\/wp-content\/uploads\/2018\/03\/logo5.jpg","width":260,"height":66,"caption":"Zak\u0142ad Us\u0142ug Komunalnych Szczecin"},"image":{"@id":"https:\/\/ekoporty.szczecin.pl\/#\/schema\/logo\/image\/"}}]}},"jetpack_sharing_enabled":true,"jetpack_shortlink":"https:\/\/wp.me\/P8ZWwp-cpF","_links":{"self":[{"href":"https:\/\/ekoporty.szczecin.pl\/index.php?rest_route=\/wp\/v2\/pages\/47719","targetHints":{"allow":["GET"]}}],"collection":[{"href":"https:\/\/ekoporty.szczecin.pl\/index.php?rest_route=\/wp\/v2\/pages"}],"about":[{"href":"https:\/\/ekoporty.szczecin.pl\/index.php?rest_route=\/wp\/v2\/types\/page"}],"author":[{"embeddable":true,"href":"https:\/\/ekoporty.szczecin.pl\/index.php?rest_route=\/wp\/v2\/users\/7"}],"replies":[{"embeddable":true,"href":"https:\/\/ekoporty.szczecin.pl\/index.php?rest_route=%2Fwp%2Fv2%2Fcomments&post=47719"}],"version-history":[{"count":1,"href":"https:\/\/ekoporty.szczecin.pl\/index.php?rest_route=\/wp\/v2\/pages\/47719\/revisions"}],"predecessor-version":[{"id":47720,"href":"https:\/\/ekoporty.szczecin.pl\/index.php?rest_route=\/wp\/v2\/pages\/47719\/revisions\/47720"}],"wp:attachment":[{"href":"https:\/\/ekoporty.szczecin.pl\/index.php?rest_route=%2Fwp%2Fv2%2Fmedia&parent=47719"}],"curies":[{"name":"wp","href":"https:\/\/api.w.org\/{rel}","templated":true}]}}