{"id":7544,"date":"2018-06-01T10:14:52","date_gmt":"2018-06-01T08:14:52","guid":{"rendered":"http:\/\/ekoporty.szczecin.pl\/?page_id=7544"},"modified":"2018-06-01T11:47:50","modified_gmt":"2018-06-01T09:47:50","slug":"wykaz-pozyskanych-darowizn-z-dn-30-05-2018","status":"publish","type":"page","link":"https:\/\/ekoporty.szczecin.pl\/?page_id=7544","title":{"rendered":"Wykaz pozyskanych darowizn z dn. 30.05.2018"},"content":{"rendered":"<p style=\"text-align: center;\"><strong>STOWARZYSZENIE PRZYJACI\u00d3\u0141 DUSZPASTERSTWA AKADEMICKIEGO \u201eRAZEM\u201d \u2013<span style=\"color: #ff0000;\"> 275 z\u0142<\/span><\/strong><\/p>\n<p style=\"text-align: center;\"><strong>FUNDACJA \u201eDOM HOSPICYJNY\u201d \u2013 HOSPICJUM \u015aW. JANA EWANGELISTY W SZCZECINIE \u2013 <span style=\"color: #ff0000;\">565\u00a0z\u0142<\/span><\/strong><\/p>\n<p style=\"text-align: center;\"><strong>KRAJOWE TOWARZYSTWO AUTYZMU ODDZIA\u0141 W SZCZECINIE \u2013 <span style=\"color: #ff0000;\">205 z\u0142<\/span><\/strong><\/p>\n<p style=\"text-align: center;\"><strong>ODDZIA\u0141 ZACHODNIOPOMORSKI POLSKIEGO ZWI\u0104ZKU G\u0141UCHYCH\u00a0\u2013 <span style=\"color: #ff0000;\">60 z\u0142<\/span><\/strong><\/p>\n<p style=\"text-align: center;\"><strong>FUNDACJA OSTATNI REJS \u2013 <span style=\"color: #ff0000;\">40 z\u0142<\/span><\/strong><\/p>\n<p style=\"text-align: center;\"><strong>POLSKIE STOWARZYSZENIE NA RZECZ OS\u00d3B Z NIEPE\u0141NOSPRAWNO\u015aCI\u0104 INTELEKTUALN\u0104 K.W SZ-N \u2013<span style=\"color: #ff0000;\">\u00a0168 z\u0142<\/span><\/strong><\/p>\n<p style=\"text-align: center;\"><strong>POLSKI ZWI\u0104ZEK NIEWIDOMYCH OKR\u0118G ZACHODNIOPOMORSKI \u2013 <span style=\"color: #ff0000;\">100 z\u0142<\/span><\/strong><\/p>\n<p style=\"text-align: center;\"><strong>FUNDACJA RAZEM RA\u0179NIEJ &#8211; <span style=\"color: #ff0000;\">40 z\u0142<\/span><\/strong><\/p>\n<p style=\"text-align: center;\"><strong>STOWARZYSZENIE RODZIC\u00d3W DZIECI CHORYCH NA BIA\u0141ACZK\u0118 I INNE CHOROBY NOWOTWOROWE \u2013 <span style=\"color: #ff0000;\">1084 z\u0142<\/span><\/strong><\/p>\n<p style=\"text-align: center;\"><strong>TOWARZYSTWO POMOCY G\u0141UCHONIEWIDOMYM ZACHODNIOPOMORSKA J. WOJEW\u00d3DZKA \u2013\u00a0<span style=\"color: #ff0000;\">195 z\u0142<\/span><\/strong><\/p>\n<p style=\"text-align: center;\"><strong>FUNDACJA ZACHODNIOPOMORSKIE HOSPICJUM DLA DZIECI I DOROS\u0141YCH \u2013 <span style=\"color: #ff0000;\">913 z\u0142<\/span><\/strong><\/p>\n<p style=\"text-align: center;\"><strong>INNE ORGANIZACJE PO\u017bYTKU PUBLICZNEGO NIEWSP\u00d3\u0141PRACUJ\u0104CE Z GALERI\u0104 SZPARGA\u0141EK <span style=\"color: #ff0000;\">\u2013 80 z\u0142<\/span><\/strong><\/p>\n","protected":false},"excerpt":{"rendered":"<p>STOWARZYSZENIE PRZYJACI\u00d3\u0141 DUSZPASTERSTWA AKADEMICKIEGO \u201eRAZEM\u201d \u2013 275 z\u0142 FUNDACJA \u201eDOM HOSPICYJNY\u201d \u2013 HOSPICJUM \u015aW. JANA EWANGELISTY W SZCZECINIE \u2013 565\u00a0z\u0142 KRAJOWE TOWARZYSTWO AUTYZMU ODDZIA\u0141 W SZCZECINIE \u2013 205 z\u0142 ODDZIA\u0141 ZACHODNIOPOMORSKI POLSKIEGO ZWI\u0104ZKU G\u0141UCHYCH\u00a0\u2013 60 z\u0142 FUNDACJA OSTATNI REJS \u2013 40 z\u0142 POLSKIE STOWARZYSZENIE NA RZECZ OS\u00d3B Z NIEPE\u0141NOSPRAWNO\u015aCI\u0104 INTELEKTUALN\u0104 K.W SZ-N \u2013\u00a0168 z\u0142 POLSKI &hellip; <a href=\"https:\/\/ekoporty.szczecin.pl\/?page_id=7544\" class=\"more-link\">Czytaj dalej <span class=\"screen-reader-text\">Wykaz pozyskanych darowizn z dn. 30.05.2018<\/span><\/a><\/p>\n","protected":false},"author":7,"featured_media":0,"parent":0,"menu_order":0,"comment_status":"closed","ping_status":"closed","template":"","meta":{"footnotes":""},"class_list":["post-7544","page","type-page","status-publish","hentry"],"yoast_head":"<!-- This site is optimized with the Yoast SEO plugin v27.4 - https:\/\/yoast.com\/product\/yoast-seo-wordpress\/ -->\n<title>Wykaz pozyskanych darowizn z dn. 30.05.2018 &#171; EKOPORTY SZCZECIN<\/title>\n<meta name=\"robots\" content=\"index, follow, max-snippet:-1, max-image-preview:large, max-video-preview:-1\" \/>\n<link rel=\"canonical\" href=\"https:\/\/ekoporty.szczecin.pl\/?page_id=7544\" \/>\n<meta property=\"og:locale\" content=\"pl_PL\" \/>\n<meta property=\"og:type\" content=\"article\" \/>\n<meta property=\"og:title\" content=\"Wykaz pozyskanych darowizn z dn. 30.05.2018 &#171; EKOPORTY SZCZECIN\" \/>\n<meta property=\"og:description\" content=\"STOWARZYSZENIE PRZYJACI\u00d3\u0141 DUSZPASTERSTWA AKADEMICKIEGO \u201eRAZEM\u201d \u2013 275 z\u0142 FUNDACJA \u201eDOM HOSPICYJNY\u201d \u2013 HOSPICJUM \u015aW. JANA EWANGELISTY W SZCZECINIE \u2013 565\u00a0z\u0142 KRAJOWE TOWARZYSTWO AUTYZMU ODDZIA\u0141 W SZCZECINIE \u2013 205 z\u0142 ODDZIA\u0141 ZACHODNIOPOMORSKI POLSKIEGO ZWI\u0104ZKU G\u0141UCHYCH\u00a0\u2013 60 z\u0142 FUNDACJA OSTATNI REJS \u2013 40 z\u0142 POLSKIE STOWARZYSZENIE NA RZECZ OS\u00d3B Z NIEPE\u0141NOSPRAWNO\u015aCI\u0104 INTELEKTUALN\u0104 K.W SZ-N \u2013\u00a0168 z\u0142 POLSKI &hellip; Czytaj dalej Wykaz pozyskanych darowizn z dn. 30.05.2018\" \/>\n<meta property=\"og:url\" content=\"https:\/\/ekoporty.szczecin.pl\/?page_id=7544\" \/>\n<meta property=\"og:site_name\" content=\"EKOPORTY SZCZECIN\" \/>\n<meta property=\"article:modified_time\" content=\"2018-06-01T09:47:50+00:00\" \/>\n<meta name=\"twitter:card\" content=\"summary_large_image\" \/>\n<meta name=\"twitter:label1\" content=\"Szacowany czas czytania\" \/>\n\t<meta name=\"twitter:data1\" content=\"1 minuta\" \/>\n<script type=\"application\/ld+json\" class=\"yoast-schema-graph\">{\"@context\":\"https:\\\/\\\/schema.org\",\"@graph\":[{\"@type\":\"WebPage\",\"@id\":\"https:\\\/\\\/ekoporty.szczecin.pl\\\/?page_id=7544\",\"url\":\"https:\\\/\\\/ekoporty.szczecin.pl\\\/?page_id=7544\",\"name\":\"Wykaz pozyskanych darowizn z dn. 30.05.2018 &#171; EKOPORTY SZCZECIN\",\"isPartOf\":{\"@id\":\"https:\\\/\\\/ekoporty.szczecin.pl\\\/#website\"},\"datePublished\":\"2018-06-01T08:14:52+00:00\",\"dateModified\":\"2018-06-01T09:47:50+00:00\",\"breadcrumb\":{\"@id\":\"https:\\\/\\\/ekoporty.szczecin.pl\\\/?page_id=7544#breadcrumb\"},\"inLanguage\":\"pl-PL\",\"potentialAction\":[{\"@type\":\"ReadAction\",\"target\":[\"https:\\\/\\\/ekoporty.szczecin.pl\\\/?page_id=7544\"]}]},{\"@type\":\"BreadcrumbList\",\"@id\":\"https:\\\/\\\/ekoporty.szczecin.pl\\\/?page_id=7544#breadcrumb\",\"itemListElement\":[{\"@type\":\"ListItem\",\"position\":1,\"name\":\"Strona g\u0142\u00f3wna\",\"item\":\"https:\\\/\\\/ekoporty.szczecin.pl\\\/\"},{\"@type\":\"ListItem\",\"position\":2,\"name\":\"Wykaz pozyskanych darowizn z dn. 30.05.2018\"}]},{\"@type\":\"WebSite\",\"@id\":\"https:\\\/\\\/ekoporty.szczecin.pl\\\/#website\",\"url\":\"https:\\\/\\\/ekoporty.szczecin.pl\\\/\",\"name\":\"Ekoporty\",\"description\":\"ZUK Szczecin - Punkty Selektywnej Zbi\u00f3rki Odpad\u00f3w Komunalnych - Zapraszamy\",\"publisher\":{\"@id\":\"https:\\\/\\\/ekoporty.szczecin.pl\\\/#organization\"},\"potentialAction\":[{\"@type\":\"SearchAction\",\"target\":{\"@type\":\"EntryPoint\",\"urlTemplate\":\"https:\\\/\\\/ekoporty.szczecin.pl\\\/?s={search_term_string}\"},\"query-input\":{\"@type\":\"PropertyValueSpecification\",\"valueRequired\":true,\"valueName\":\"search_term_string\"}}],\"inLanguage\":\"pl-PL\"},{\"@type\":\"Organization\",\"@id\":\"https:\\\/\\\/ekoporty.szczecin.pl\\\/#organization\",\"name\":\"Zak\u0142ad Us\u0142ug Komunalnych Szczecin\",\"url\":\"https:\\\/\\\/ekoporty.szczecin.pl\\\/\",\"logo\":{\"@type\":\"ImageObject\",\"inLanguage\":\"pl-PL\",\"@id\":\"https:\\\/\\\/ekoporty.szczecin.pl\\\/#\\\/schema\\\/logo\\\/image\\\/\",\"url\":\"http:\\\/\\\/ekoporty.szczecin.pl\\\/wp-content\\\/uploads\\\/2018\\\/03\\\/logo5.jpg\",\"contentUrl\":\"http:\\\/\\\/ekoporty.szczecin.pl\\\/wp-content\\\/uploads\\\/2018\\\/03\\\/logo5.jpg\",\"width\":260,\"height\":66,\"caption\":\"Zak\u0142ad Us\u0142ug Komunalnych Szczecin\"},\"image\":{\"@id\":\"https:\\\/\\\/ekoporty.szczecin.pl\\\/#\\\/schema\\\/logo\\\/image\\\/\"}}]}<\/script>\n<!-- \/ Yoast SEO plugin. -->","yoast_head_json":{"title":"Wykaz pozyskanych darowizn z dn. 30.05.2018 &#171; EKOPORTY SZCZECIN","robots":{"index":"index","follow":"follow","max-snippet":"max-snippet:-1","max-image-preview":"max-image-preview:large","max-video-preview":"max-video-preview:-1"},"canonical":"https:\/\/ekoporty.szczecin.pl\/?page_id=7544","og_locale":"pl_PL","og_type":"article","og_title":"Wykaz pozyskanych darowizn z dn. 30.05.2018 &#171; EKOPORTY SZCZECIN","og_description":"STOWARZYSZENIE PRZYJACI\u00d3\u0141 DUSZPASTERSTWA AKADEMICKIEGO \u201eRAZEM\u201d \u2013 275 z\u0142 FUNDACJA \u201eDOM HOSPICYJNY\u201d \u2013 HOSPICJUM \u015aW. JANA EWANGELISTY W SZCZECINIE \u2013 565\u00a0z\u0142 KRAJOWE TOWARZYSTWO AUTYZMU ODDZIA\u0141 W SZCZECINIE \u2013 205 z\u0142 ODDZIA\u0141 ZACHODNIOPOMORSKI POLSKIEGO ZWI\u0104ZKU G\u0141UCHYCH\u00a0\u2013 60 z\u0142 FUNDACJA OSTATNI REJS \u2013 40 z\u0142 POLSKIE STOWARZYSZENIE NA RZECZ OS\u00d3B Z NIEPE\u0141NOSPRAWNO\u015aCI\u0104 INTELEKTUALN\u0104 K.W SZ-N \u2013\u00a0168 z\u0142 POLSKI &hellip; Czytaj dalej Wykaz pozyskanych darowizn z dn. 30.05.2018","og_url":"https:\/\/ekoporty.szczecin.pl\/?page_id=7544","og_site_name":"EKOPORTY SZCZECIN","article_modified_time":"2018-06-01T09:47:50+00:00","twitter_card":"summary_large_image","twitter_misc":{"Szacowany czas czytania":"1 minuta"},"schema":{"@context":"https:\/\/schema.org","@graph":[{"@type":"WebPage","@id":"https:\/\/ekoporty.szczecin.pl\/?page_id=7544","url":"https:\/\/ekoporty.szczecin.pl\/?page_id=7544","name":"Wykaz pozyskanych darowizn z dn. 30.05.2018 &#171; EKOPORTY SZCZECIN","isPartOf":{"@id":"https:\/\/ekoporty.szczecin.pl\/#website"},"datePublished":"2018-06-01T08:14:52+00:00","dateModified":"2018-06-01T09:47:50+00:00","breadcrumb":{"@id":"https:\/\/ekoporty.szczecin.pl\/?page_id=7544#breadcrumb"},"inLanguage":"pl-PL","potentialAction":[{"@type":"ReadAction","target":["https:\/\/ekoporty.szczecin.pl\/?page_id=7544"]}]},{"@type":"BreadcrumbList","@id":"https:\/\/ekoporty.szczecin.pl\/?page_id=7544#breadcrumb","itemListElement":[{"@type":"ListItem","position":1,"name":"Strona g\u0142\u00f3wna","item":"https:\/\/ekoporty.szczecin.pl\/"},{"@type":"ListItem","position":2,"name":"Wykaz pozyskanych darowizn z dn. 30.05.2018"}]},{"@type":"WebSite","@id":"https:\/\/ekoporty.szczecin.pl\/#website","url":"https:\/\/ekoporty.szczecin.pl\/","name":"Ekoporty","description":"ZUK Szczecin - Punkty Selektywnej Zbi\u00f3rki Odpad\u00f3w Komunalnych - Zapraszamy","publisher":{"@id":"https:\/\/ekoporty.szczecin.pl\/#organization"},"potentialAction":[{"@type":"SearchAction","target":{"@type":"EntryPoint","urlTemplate":"https:\/\/ekoporty.szczecin.pl\/?s={search_term_string}"},"query-input":{"@type":"PropertyValueSpecification","valueRequired":true,"valueName":"search_term_string"}}],"inLanguage":"pl-PL"},{"@type":"Organization","@id":"https:\/\/ekoporty.szczecin.pl\/#organization","name":"Zak\u0142ad Us\u0142ug Komunalnych Szczecin","url":"https:\/\/ekoporty.szczecin.pl\/","logo":{"@type":"ImageObject","inLanguage":"pl-PL","@id":"https:\/\/ekoporty.szczecin.pl\/#\/schema\/logo\/image\/","url":"http:\/\/ekoporty.szczecin.pl\/wp-content\/uploads\/2018\/03\/logo5.jpg","contentUrl":"http:\/\/ekoporty.szczecin.pl\/wp-content\/uploads\/2018\/03\/logo5.jpg","width":260,"height":66,"caption":"Zak\u0142ad Us\u0142ug Komunalnych Szczecin"},"image":{"@id":"https:\/\/ekoporty.szczecin.pl\/#\/schema\/logo\/image\/"}}]}},"jetpack_sharing_enabled":true,"jetpack_shortlink":"https:\/\/wp.me\/P8ZWwp-1XG","_links":{"self":[{"href":"https:\/\/ekoporty.szczecin.pl\/index.php?rest_route=\/wp\/v2\/pages\/7544","targetHints":{"allow":["GET"]}}],"collection":[{"href":"https:\/\/ekoporty.szczecin.pl\/index.php?rest_route=\/wp\/v2\/pages"}],"about":[{"href":"https:\/\/ekoporty.szczecin.pl\/index.php?rest_route=\/wp\/v2\/types\/page"}],"author":[{"embeddable":true,"href":"https:\/\/ekoporty.szczecin.pl\/index.php?rest_route=\/wp\/v2\/users\/7"}],"replies":[{"embeddable":true,"href":"https:\/\/ekoporty.szczecin.pl\/index.php?rest_route=%2Fwp%2Fv2%2Fcomments&post=7544"}],"version-history":[{"count":3,"href":"https:\/\/ekoporty.szczecin.pl\/index.php?rest_route=\/wp\/v2\/pages\/7544\/revisions"}],"predecessor-version":[{"id":7580,"href":"https:\/\/ekoporty.szczecin.pl\/index.php?rest_route=\/wp\/v2\/pages\/7544\/revisions\/7580"}],"wp:attachment":[{"href":"https:\/\/ekoporty.szczecin.pl\/index.php?rest_route=%2Fwp%2Fv2%2Fmedia&parent=7544"}],"curies":[{"name":"wp","href":"https:\/\/api.w.org\/{rel}","templated":true}]}}