{"id":81,"date":"2017-07-20T14:09:07","date_gmt":"2017-07-20T12:09:07","guid":{"rendered":"http:\/\/portal-ekoporty.szczecin.pl\/?page_id=81"},"modified":"2026-03-30T11:34:43","modified_gmt":"2026-03-30T09:34:43","slug":"pozyskane-srodki","status":"publish","type":"page","link":"https:\/\/ekoporty.szczecin.pl\/?page_id=81","title":{"rendered":"Pozyskane \u015arodki"},"content":{"rendered":"<p style=\"text-align: center;\">\u00a0Suma <strong>wszystkich<\/strong> \u015brodk\u00f3w przelanych\u00a0na Organizacje Po\u017cytku Publicznego: <strong><span style=\"font-size: 14pt; color: #ff0000;\">477 879 z\u0142<\/span><\/strong><\/p>\n<p><strong>Rekordowe edycje Galerii Szparga\u0142ek:<\/strong><\/p>\n<p>I. <strong>9638 z\u0142<\/strong> &#8211; 28 luty 2024<\/p>\n<p>II. <strong>8629 z\u0142<\/strong> &#8211; 26 pa\u017adziernik 2022<\/p>\n<p>III. <strong>8042<\/strong>\u00a0<strong>z\u0142<\/strong> &#8211; 27 kwiecie\u0144 2022<\/p>\n<p><strong>Rekordowe miesi\u0105ce Galerii Szparga\u0142ek:<\/strong><\/p>\n<p><strong>I. 15532 z\u0142<\/strong> &#8211; wrzesie\u0144 2023<\/p>\n<p><strong>II. 13556 z\u0142<\/strong> &#8211; luty 2025<\/p>\n<p><strong>III. 11724 z\u0142<\/strong> &#8211; luty 2024<\/p>\n<p>&nbsp;<\/p>\n<p>*<strong>8149 z\u0142<\/strong> &#8211; 25 wrzesie\u0144 2024 &#8211; wynik nie jest uwzgl\u0119dniony z uwagi na fakt \u017ce by\u0142a to galeria okoliczno\u015bciowa, podczas kt\u00f3rej nie obowi\u0105zywa\u0142y bony z wcze\u015bniejszych galerii.<\/p>\n<p>W dniu 25.03.2026 na Organizacje Po\u017cytku Publicznego przelano \u0142\u0105cznie <strong>6521 z\u0142 <a href=\"https:\/\/ekoporty.szczecin.pl\/?page_id=47768\">(szczeg\u00f3\u0142y)<\/a><\/strong><\/p>\n<p>W dniach 04.02, 25.02.2026 na Organizacje Po\u017cytku Publicznego przelano \u0142\u0105cznie <strong>8767 z\u0142 <a href=\"https:\/\/ekoporty.szczecin.pl\/?page_id=47740\">(szczeg\u00f3\u0142y)<\/a><\/strong><\/p>\n<p>&nbsp;<\/p>\n<p style=\"text-align: center;\"><a href=\"https:\/\/ekoporty.szczecin.pl\/?page_id=47719\"><strong><span style=\"font-size: 28px;\">2025<\/span><\/strong><\/a><\/p>\n<p style=\"text-align: center;\"><a href=\"https:\/\/ekoporty.szczecin.pl\/?page_id=47164\"><strong><span style=\"font-size: 28px;\">2024<\/span><\/strong><\/a><\/p>\n<p style=\"text-align: center;\"><a href=\"https:\/\/ekoporty.szczecin.pl\/?page_id=46938\"><span style=\"font-size: 28px;\"><strong>2023<\/strong><\/span><\/a><\/p>\n<p style=\"text-align: center;\"><span style=\"font-size: 28px;\"><a href=\"https:\/\/ekoporty.szczecin.pl\/?page_id=46436&amp;preview=true\"><strong>2022<\/strong><\/a><\/span><\/p>\n<p style=\"text-align: center;\"><span style=\"font-size: 28px;\"><a href=\"https:\/\/ekoporty.szczecin.pl\/?page_id=28947\"><strong>2021<\/strong><\/a><\/span><\/p>\n<p style=\"text-align: center;\"><span style=\"font-size: 28px;\"><a href=\"https:\/\/ekoporty.szczecin.pl\/?page_id=26964\"><strong>2020<\/strong><\/a><\/span><\/p>\n<p style=\"text-align: center;\"><span style=\"font-size: 28px;\"><a href=\"https:\/\/ekoporty.szczecin.pl\/?page_id=24688\"><strong>2019<\/strong><\/a><\/span><\/p>\n<p style=\"text-align: center;\"><span style=\"font-size: 28px;\"><a href=\"https:\/\/ekoporty.szczecin.pl\/?page_id=16702\"><strong>2018<\/strong><\/a><\/span><\/p>\n<h2 style=\"text-align: center;\"><span style=\"font-size: 24pt; color: #ff0000;\"><strong><span style=\"font-family: 'comic sans ms', sans-serif;\">DZI\u0118KUJEMY !<\/span><\/strong><\/span><\/h2>\n","protected":false},"excerpt":{"rendered":"<p>\u00a0Suma wszystkich \u015brodk\u00f3w przelanych\u00a0na Organizacje Po\u017cytku Publicznego: 477 879 z\u0142 Rekordowe edycje Galerii Szparga\u0142ek: I. 9638 z\u0142 &#8211; 28 luty 2024 II. 8629 z\u0142 &#8211; 26 pa\u017adziernik 2022 III. 8042\u00a0z\u0142 &#8211; 27 kwiecie\u0144 2022 Rekordowe miesi\u0105ce Galerii Szparga\u0142ek: I. 15532 z\u0142 &#8211; wrzesie\u0144 2023 II. 13556 z\u0142 &#8211; luty 2025 III. 11724 z\u0142 &#8211; luty &hellip; <a href=\"https:\/\/ekoporty.szczecin.pl\/?page_id=81\" class=\"more-link\">Czytaj dalej <span class=\"screen-reader-text\">Pozyskane \u015arodki<\/span><\/a><\/p>\n","protected":false},"author":1,"featured_media":0,"parent":0,"menu_order":0,"comment_status":"closed","ping_status":"closed","template":"","meta":{"footnotes":""},"class_list":["post-81","page","type-page","status-publish","hentry"],"yoast_head":"<!-- This site is optimized with the Yoast SEO plugin v27.4 - https:\/\/yoast.com\/product\/yoast-seo-wordpress\/ -->\n<title>Pozyskane \u015arodki &#171; EKOPORTY SZCZECIN<\/title>\n<meta name=\"robots\" content=\"index, follow, max-snippet:-1, max-image-preview:large, max-video-preview:-1\" \/>\n<link rel=\"canonical\" href=\"https:\/\/ekoporty.szczecin.pl\/?page_id=81\" \/>\n<meta property=\"og:locale\" content=\"pl_PL\" \/>\n<meta property=\"og:type\" content=\"article\" \/>\n<meta property=\"og:title\" content=\"Pozyskane \u015arodki &#171; EKOPORTY SZCZECIN\" \/>\n<meta property=\"og:description\" content=\"\u00a0Suma wszystkich \u015brodk\u00f3w przelanych\u00a0na Organizacje Po\u017cytku Publicznego: 477 879 z\u0142 Rekordowe edycje Galerii Szparga\u0142ek: I. 9638 z\u0142 &#8211; 28 luty 2024 II. 8629 z\u0142 &#8211; 26 pa\u017adziernik 2022 III. 8042\u00a0z\u0142 &#8211; 27 kwiecie\u0144 2022 Rekordowe miesi\u0105ce Galerii Szparga\u0142ek: I. 15532 z\u0142 &#8211; wrzesie\u0144 2023 II. 13556 z\u0142 &#8211; luty 2025 III. 11724 z\u0142 &#8211; luty &hellip; Czytaj dalej Pozyskane \u015arodki\" \/>\n<meta property=\"og:url\" content=\"https:\/\/ekoporty.szczecin.pl\/?page_id=81\" \/>\n<meta property=\"og:site_name\" content=\"EKOPORTY SZCZECIN\" \/>\n<meta property=\"article:modified_time\" content=\"2026-03-30T09:34:43+00:00\" \/>\n<meta name=\"twitter:card\" content=\"summary_large_image\" \/>\n<meta name=\"twitter:label1\" content=\"Szacowany czas czytania\" \/>\n\t<meta name=\"twitter:data1\" content=\"1 minuta\" \/>\n<script type=\"application\/ld+json\" class=\"yoast-schema-graph\">{\"@context\":\"https:\\\/\\\/schema.org\",\"@graph\":[{\"@type\":\"WebPage\",\"@id\":\"https:\\\/\\\/ekoporty.szczecin.pl\\\/?page_id=81\",\"url\":\"https:\\\/\\\/ekoporty.szczecin.pl\\\/?page_id=81\",\"name\":\"Pozyskane \u015arodki &#171; EKOPORTY SZCZECIN\",\"isPartOf\":{\"@id\":\"https:\\\/\\\/ekoporty.szczecin.pl\\\/#website\"},\"datePublished\":\"2017-07-20T12:09:07+00:00\",\"dateModified\":\"2026-03-30T09:34:43+00:00\",\"breadcrumb\":{\"@id\":\"https:\\\/\\\/ekoporty.szczecin.pl\\\/?page_id=81#breadcrumb\"},\"inLanguage\":\"pl-PL\",\"potentialAction\":[{\"@type\":\"ReadAction\",\"target\":[\"https:\\\/\\\/ekoporty.szczecin.pl\\\/?page_id=81\"]}]},{\"@type\":\"BreadcrumbList\",\"@id\":\"https:\\\/\\\/ekoporty.szczecin.pl\\\/?page_id=81#breadcrumb\",\"itemListElement\":[{\"@type\":\"ListItem\",\"position\":1,\"name\":\"Strona g\u0142\u00f3wna\",\"item\":\"https:\\\/\\\/ekoporty.szczecin.pl\\\/\"},{\"@type\":\"ListItem\",\"position\":2,\"name\":\"Pozyskane \u015arodki\"}]},{\"@type\":\"WebSite\",\"@id\":\"https:\\\/\\\/ekoporty.szczecin.pl\\\/#website\",\"url\":\"https:\\\/\\\/ekoporty.szczecin.pl\\\/\",\"name\":\"Ekoporty\",\"description\":\"ZUK Szczecin - Punkty Selektywnej Zbi\u00f3rki Odpad\u00f3w Komunalnych - Zapraszamy\",\"publisher\":{\"@id\":\"https:\\\/\\\/ekoporty.szczecin.pl\\\/#organization\"},\"potentialAction\":[{\"@type\":\"SearchAction\",\"target\":{\"@type\":\"EntryPoint\",\"urlTemplate\":\"https:\\\/\\\/ekoporty.szczecin.pl\\\/?s={search_term_string}\"},\"query-input\":{\"@type\":\"PropertyValueSpecification\",\"valueRequired\":true,\"valueName\":\"search_term_string\"}}],\"inLanguage\":\"pl-PL\"},{\"@type\":\"Organization\",\"@id\":\"https:\\\/\\\/ekoporty.szczecin.pl\\\/#organization\",\"name\":\"Zak\u0142ad Us\u0142ug Komunalnych Szczecin\",\"url\":\"https:\\\/\\\/ekoporty.szczecin.pl\\\/\",\"logo\":{\"@type\":\"ImageObject\",\"inLanguage\":\"pl-PL\",\"@id\":\"https:\\\/\\\/ekoporty.szczecin.pl\\\/#\\\/schema\\\/logo\\\/image\\\/\",\"url\":\"http:\\\/\\\/ekoporty.szczecin.pl\\\/wp-content\\\/uploads\\\/2018\\\/03\\\/logo5.jpg\",\"contentUrl\":\"http:\\\/\\\/ekoporty.szczecin.pl\\\/wp-content\\\/uploads\\\/2018\\\/03\\\/logo5.jpg\",\"width\":260,\"height\":66,\"caption\":\"Zak\u0142ad Us\u0142ug Komunalnych Szczecin\"},\"image\":{\"@id\":\"https:\\\/\\\/ekoporty.szczecin.pl\\\/#\\\/schema\\\/logo\\\/image\\\/\"}}]}<\/script>\n<!-- \/ Yoast SEO plugin. -->","yoast_head_json":{"title":"Pozyskane \u015arodki &#171; EKOPORTY SZCZECIN","robots":{"index":"index","follow":"follow","max-snippet":"max-snippet:-1","max-image-preview":"max-image-preview:large","max-video-preview":"max-video-preview:-1"},"canonical":"https:\/\/ekoporty.szczecin.pl\/?page_id=81","og_locale":"pl_PL","og_type":"article","og_title":"Pozyskane \u015arodki &#171; EKOPORTY SZCZECIN","og_description":"\u00a0Suma wszystkich \u015brodk\u00f3w przelanych\u00a0na Organizacje Po\u017cytku Publicznego: 477 879 z\u0142 Rekordowe edycje Galerii Szparga\u0142ek: I. 9638 z\u0142 &#8211; 28 luty 2024 II. 8629 z\u0142 &#8211; 26 pa\u017adziernik 2022 III. 8042\u00a0z\u0142 &#8211; 27 kwiecie\u0144 2022 Rekordowe miesi\u0105ce Galerii Szparga\u0142ek: I. 15532 z\u0142 &#8211; wrzesie\u0144 2023 II. 13556 z\u0142 &#8211; luty 2025 III. 11724 z\u0142 &#8211; luty &hellip; Czytaj dalej Pozyskane \u015arodki","og_url":"https:\/\/ekoporty.szczecin.pl\/?page_id=81","og_site_name":"EKOPORTY SZCZECIN","article_modified_time":"2026-03-30T09:34:43+00:00","twitter_card":"summary_large_image","twitter_misc":{"Szacowany czas czytania":"1 minuta"},"schema":{"@context":"https:\/\/schema.org","@graph":[{"@type":"WebPage","@id":"https:\/\/ekoporty.szczecin.pl\/?page_id=81","url":"https:\/\/ekoporty.szczecin.pl\/?page_id=81","name":"Pozyskane \u015arodki &#171; EKOPORTY SZCZECIN","isPartOf":{"@id":"https:\/\/ekoporty.szczecin.pl\/#website"},"datePublished":"2017-07-20T12:09:07+00:00","dateModified":"2026-03-30T09:34:43+00:00","breadcrumb":{"@id":"https:\/\/ekoporty.szczecin.pl\/?page_id=81#breadcrumb"},"inLanguage":"pl-PL","potentialAction":[{"@type":"ReadAction","target":["https:\/\/ekoporty.szczecin.pl\/?page_id=81"]}]},{"@type":"BreadcrumbList","@id":"https:\/\/ekoporty.szczecin.pl\/?page_id=81#breadcrumb","itemListElement":[{"@type":"ListItem","position":1,"name":"Strona g\u0142\u00f3wna","item":"https:\/\/ekoporty.szczecin.pl\/"},{"@type":"ListItem","position":2,"name":"Pozyskane \u015arodki"}]},{"@type":"WebSite","@id":"https:\/\/ekoporty.szczecin.pl\/#website","url":"https:\/\/ekoporty.szczecin.pl\/","name":"Ekoporty","description":"ZUK Szczecin - Punkty Selektywnej Zbi\u00f3rki Odpad\u00f3w Komunalnych - Zapraszamy","publisher":{"@id":"https:\/\/ekoporty.szczecin.pl\/#organization"},"potentialAction":[{"@type":"SearchAction","target":{"@type":"EntryPoint","urlTemplate":"https:\/\/ekoporty.szczecin.pl\/?s={search_term_string}"},"query-input":{"@type":"PropertyValueSpecification","valueRequired":true,"valueName":"search_term_string"}}],"inLanguage":"pl-PL"},{"@type":"Organization","@id":"https:\/\/ekoporty.szczecin.pl\/#organization","name":"Zak\u0142ad Us\u0142ug Komunalnych Szczecin","url":"https:\/\/ekoporty.szczecin.pl\/","logo":{"@type":"ImageObject","inLanguage":"pl-PL","@id":"https:\/\/ekoporty.szczecin.pl\/#\/schema\/logo\/image\/","url":"http:\/\/ekoporty.szczecin.pl\/wp-content\/uploads\/2018\/03\/logo5.jpg","contentUrl":"http:\/\/ekoporty.szczecin.pl\/wp-content\/uploads\/2018\/03\/logo5.jpg","width":260,"height":66,"caption":"Zak\u0142ad Us\u0142ug Komunalnych Szczecin"},"image":{"@id":"https:\/\/ekoporty.szczecin.pl\/#\/schema\/logo\/image\/"}}]}},"jetpack_sharing_enabled":true,"jetpack_shortlink":"https:\/\/wp.me\/P8ZWwp-1j","_links":{"self":[{"href":"https:\/\/ekoporty.szczecin.pl\/index.php?rest_route=\/wp\/v2\/pages\/81","targetHints":{"allow":["GET"]}}],"collection":[{"href":"https:\/\/ekoporty.szczecin.pl\/index.php?rest_route=\/wp\/v2\/pages"}],"about":[{"href":"https:\/\/ekoporty.szczecin.pl\/index.php?rest_route=\/wp\/v2\/types\/page"}],"author":[{"embeddable":true,"href":"https:\/\/ekoporty.szczecin.pl\/index.php?rest_route=\/wp\/v2\/users\/1"}],"replies":[{"embeddable":true,"href":"https:\/\/ekoporty.szczecin.pl\/index.php?rest_route=%2Fwp%2Fv2%2Fcomments&post=81"}],"version-history":[{"count":295,"href":"https:\/\/ekoporty.szczecin.pl\/index.php?rest_route=\/wp\/v2\/pages\/81\/revisions"}],"predecessor-version":[{"id":47773,"href":"https:\/\/ekoporty.szczecin.pl\/index.php?rest_route=\/wp\/v2\/pages\/81\/revisions\/47773"}],"wp:attachment":[{"href":"https:\/\/ekoporty.szczecin.pl\/index.php?rest_route=%2Fwp%2Fv2%2Fmedia&parent=81"}],"curies":[{"name":"wp","href":"https:\/\/api.w.org\/{rel}","templated":true}]}}